{"id":97608,"date":"2024-08-21T19:29:13","date_gmt":"2024-08-21T17:29:13","guid":{"rendered":"https:\/\/secureus.se\/?post_type=product&#038;p=97608"},"modified":"2026-03-25T15:35:54","modified_gmt":"2026-03-25T14:35:54","slug":"trycke-dh-7022-35-95mm-mattkrom","status":"publish","type":"product","link":"https:\/\/secureus.se\/no\/trycke-dh-7022-35-95mm-mattkrom\/","title":{"rendered":"D\u00f8rh\u00e5ndtak Push DH 7022 35-95mm matt krom \u2013 Dormakaba"},"content":{"rendered":"<p>\nD\u00f8rh\u00e5ndtak DH 7022 er en del av dormakabas nye serie 7. DH 7022 har returfj\u00e6r, som gj\u00f8r at den passer i alle d\u00f8rer som har l\u00e5sehus i 50 og 70 dorutf\u00f8relse av skandinavisk type. Trykkets returfj\u00e6r gir en tydelig kvalitetsf\u00f8lelse og \u00f8ker levetiden p\u00e5 b\u00e5de trykket og d\u00f8rens l\u00e5shus. DH 7022 erstatter tidligere modell DH 722.<\/p>\n<div>\n<div><\/div>\n<div><b>Kjennetegn:\u00a0<\/b><\/div>\n<div>\n<ul>\n<li>For alle innvendige d\u00f8rer<\/li>\n<li>Passer modul\u00e6rt l\u00e5sehus av skandinavisk standard (c\/c 30 mm)<\/li>\n<li>Passer ikke til l\u00e5sehus ABLOY 2014 eller tilsvarende innvendig d\u00f8rl\u00e5s<\/li>\n<li>Leveres med skrue, hylsemutter og trykstift.\u00a0\u00a0<\/li>\n<li>Passer for d\u00f8rtykkelse 35-95 mm.\u00a0<\/li>\n<li>Laget av zamak.<\/li>\n<li>Overflatebehandling: Forkrommet, matt b\u00f8rstet<\/li>\n<li>EN 1906, 200 000 sykluser, klasse 4<\/li>\n<li>Produktet er i samsvar med EUs nikkeldirektiv 94\/27\/EC<\/li>\n<li>Vurdert ved Byggvarubedomningen<\/li>\n<li>Rosett \u00d8 52 mm<\/li>\n<li>Med returfj\u00e6r i rosetten<\/li>\n<\/ul>\n<\/div>\n<\/div>","protected":false},"excerpt":{"rendered":"<p>D\u00f8rh\u00e5ndtak DH 7022 er en del av dormakabas nye serie 7. DH 7022 har returfj\u00e6r, som gj\u00f8r at den passer i alle d\u00f8rer som har l\u00e5sehus i 50 og 70 dorversjoner av<\/p>","protected":false},"featured_media":137778,"template":"","meta":{"_acf_changed":false},"product_brand":[],"product_cat":[4124],"product_tag":[],"class_list":{"0":"post-97608","1":"product","2":"type-product","3":"status-publish","4":"has-post-thumbnail","6":"product_cat-dorrhandtag-innerdorr","7":"product_shipping_class-postnord-varubrev","8":"pa_brands-dormakaba","9":"tm-no-options","11":"first","12":"instock","13":"sale","14":"taxable","15":"shipping-taxable","16":"purchasable","17":"product-type-simple"},"acf":[],"_links":{"self":[{"href":"https:\/\/secureus.se\/no\/wp-json\/wp\/v2\/product\/97608","targetHints":{"allow":["GET"]}}],"collection":[{"href":"https:\/\/secureus.se\/no\/wp-json\/wp\/v2\/product"}],"about":[{"href":"https:\/\/secureus.se\/no\/wp-json\/wp\/v2\/types\/product"}],"wp:featuredmedia":[{"embeddable":true,"href":"https:\/\/secureus.se\/no\/wp-json\/wp\/v2\/media\/137778"}],"wp:attachment":[{"href":"https:\/\/secureus.se\/no\/wp-json\/wp\/v2\/media?parent=97608"}],"wp:term":[{"taxonomy":"product_brand","embeddable":true,"href":"https:\/\/secureus.se\/no\/wp-json\/wp\/v2\/product_brand?post=97608"},{"taxonomy":"product_cat","embeddable":true,"href":"https:\/\/secureus.se\/no\/wp-json\/wp\/v2\/product_cat?post=97608"},{"taxonomy":"product_tag","embeddable":true,"href":"https:\/\/secureus.se\/no\/wp-json\/wp\/v2\/product_tag?post=97608"}],"curies":[{"name":"wp","href":"https:\/\/api.w.org\/{rel}","templated":true}]}}