{"id":97644,"date":"2024-08-21T19:29:13","date_gmt":"2024-08-21T17:29:13","guid":{"rendered":"https:\/\/secureus.se\/?post_type=product&#038;p=97644"},"modified":"2026-03-25T15:34:40","modified_gmt":"2026-03-25T14:34:40","slug":"trycke-6696-76-90mm-nickel","status":"publish","type":"product","link":"https:\/\/secureus.se\/no\/trycke-6696-76-90mm-nickel\/","title":{"rendered":"D\u00f8rh\u00e5ndtak Trycke 6696 76-90mm Nikkel \u2013 Assa Abloy"},"content":{"rendered":"<p>\nASSA ABLOY d\u00f8rh\u00e5ndtak 6696 er en klassiker fra 1950- og 1960-tallet. Her i sin opprinnelige form med returfj\u00e6r. Det tidl\u00f8se og velutformede designet er fortsatt h\u00f8yt verdsatt og brukt p\u00e5 alle typer gjenstander. 6696 er en del av ASSA ABLOY Classic-serien. Egnet for ytterd\u00f8rer, inngangsd\u00f8rer og innvendige d\u00f8rer med modull\u00e5s.<\/p>\n<div><\/div>\n<div><b>Kjennetegn:<\/b><\/div>\n<ul>\n<li>Materiale: Messing.<\/li>\n<li>Overflatebehandling: Nikkel, Prion, Matt krom, Polert messing, Matt messing, Matt svart MIRUS og Addion.<\/li>\n<li>Returfj\u00e6r som avlaster l\u00e5sehusets rofj\u00e6r og hjelper trykket med \u00e5 holde seg i horisontal posisjon.<\/li>\n<li>Rosett: \u00d8 52 mm.<\/li>\n<li>Passer til Connect \/ Classic modull\u00e5shus<\/li>\n<li>Passer ikke til l\u00e5sehus ABLOY 2014 eller tilsvarende indre d\u00f8rboks<\/li>\n<li>Standard levering tilpasset 76-90 mm d\u00f8rtykkelse.<\/li>\n<li>Utskiftbar trykstift og skrue for varierende d\u00f8rtykkelser.<\/li>\n<li>Kontinuerlig skruefeste som forsterker d\u00f8ren.<\/li>\n<\/ul>\n<div><b>Pakken inneholder:<\/b><\/div>\n<div>\n<ul>\n<li>2 stk. Pressende halvdeler (h\u00e5ndtak).<\/li>\n<li>2 stk. Trykkskruer M5. (drei skruen)<\/li>\n<li>2 O-ringer.<\/li>\n<li>2 stk. Hylsemutter M5.<\/li>\n<li>1 stk. Pressstift 8x8x138 mm.<\/li>\n<\/ul>\n<\/div>","protected":false},"excerpt":{"rendered":"<p>ASSA ABLOY d\u00f8rh\u00e5ndtak 6696 er en klassiker fra 1950- og 1960-tallet. Her i sin opprinnelige form med returfj\u00e6r. Det tidl\u00f8se vellagde designet er fortsatt h\u00f8yt verdsatt og brukt p\u00e5 alle<\/p>","protected":false},"featured_media":136779,"template":"","meta":{"_acf_changed":false},"product_brand":[],"product_cat":[4124,4125],"product_tag":[],"class_list":{"0":"post-97644","1":"product","2":"type-product","3":"status-publish","4":"has-post-thumbnail","6":"product_cat-dorrhandtag-innerdorr","7":"product_cat-dorrhandtag-ytterdorr","8":"product_shipping_class-postnord-varubrev","9":"pa_brands-abloy","10":"tm-no-options","12":"first","13":"instock","14":"sale","15":"taxable","16":"shipping-taxable","17":"purchasable","18":"product-type-simple"},"acf":[],"_links":{"self":[{"href":"https:\/\/secureus.se\/no\/wp-json\/wp\/v2\/product\/97644","targetHints":{"allow":["GET"]}}],"collection":[{"href":"https:\/\/secureus.se\/no\/wp-json\/wp\/v2\/product"}],"about":[{"href":"https:\/\/secureus.se\/no\/wp-json\/wp\/v2\/types\/product"}],"wp:featuredmedia":[{"embeddable":true,"href":"https:\/\/secureus.se\/no\/wp-json\/wp\/v2\/media\/136779"}],"wp:attachment":[{"href":"https:\/\/secureus.se\/no\/wp-json\/wp\/v2\/media?parent=97644"}],"wp:term":[{"taxonomy":"product_brand","embeddable":true,"href":"https:\/\/secureus.se\/no\/wp-json\/wp\/v2\/product_brand?post=97644"},{"taxonomy":"product_cat","embeddable":true,"href":"https:\/\/secureus.se\/no\/wp-json\/wp\/v2\/product_cat?post=97644"},{"taxonomy":"product_tag","embeddable":true,"href":"https:\/\/secureus.se\/no\/wp-json\/wp\/v2\/product_tag?post=97644"}],"curies":[{"name":"wp","href":"https:\/\/api.w.org\/{rel}","templated":true}]}}