{"id":97993,"date":"2024-08-30T13:02:27","date_gmt":"2024-08-30T11:02:27","guid":{"rendered":"https:\/\/secureus.se\/?post_type=product&#038;p=97993"},"modified":"2026-04-01T14:28:01","modified_gmt":"2026-04-01T12:28:01","slug":"hikvision-ds-7604nxi-k1-4p-pro-series-12mp-acusense-4-kanalig-40mbps-poe-1u-10tb-per-hdd-4k-nvr-2","status":"publish","type":"product","link":"https:\/\/secureus.se\/no\/hikvision-ds-7604nxi-k1-4p-pro-series-12mp-acusense-4-kanalig-40mbps-poe-1u-10tb-per-hdd-4k-nvr-2\/","title":{"rendered":"Hikvision DS-7604NXI-K1\/4P \u2013 4-kanals 4K NVR med PoE og AcuSense AI (40 Mbps)"},"content":{"rendered":"<div class=\"headernamehrnone\">\n<h3 data-start=\"623\" data-end=\"696\">Hikvision DS-7604NXI-K1\/4P \u2013 Smidig NVR med PoE og smart AI-teknologi<\/h3>\n<p data-start=\"698\" data-end=\"923\"><strong data-start=\"698\" data-end=\"728\">Hikvision DS-7604NXI-K1\/4P<\/strong> er en kompakt og p\u00e5litelig nettverksvideoopptaker (NVR) med innebygd PoE for fire kameraer. Den er ideell for hjem, butikker og sm\u00e5 bedrifter som \u00f8nsker enkel og p\u00e5litelig videooverv\u00e5king.<\/p>\n<p data-start=\"925\" data-end=\"1188\">Med st\u00f8tte for opptil <strong data-start=\"947\" data-end=\"982\">fire IP-kameraer i 4K-oppl\u00f8sning<\/strong> og <strong data-start=\"987\" data-end=\"1008\">40 Mbps b\u00e5ndbredde<\/strong> Du kan v\u00e6re sikker p\u00e5 skarpe og stabile opptak. Opptakeren har plass til <strong data-start=\"1088\" data-end=\"1121\">en harddisk p\u00e5 opptil 10 TB<\/strong>, som gir god lagringsplass selv for videoer med h\u00f8y oppl\u00f8sning.<\/p>\n<p data-start=\"1190\" data-end=\"1530\">Takk til <strong data-start=\"1200\" data-end=\"1222\">AcuSense-teknologi<\/strong> Systemet kan skille mellom personer og kj\u00f8ret\u00f8y for \u00e5 minimere falske alarmer. Du kan ogs\u00e5 konfigurere smarte hendelser som inntrengingsdeteksjon og linjekryssing, noe som gj\u00f8r overv\u00e5kingen mer effektiv. I tillegg kan systemet utf\u00f8re <strong data-start=\"1452\" data-end=\"1473\">ansiktsopptak<\/strong> og lagre registrerte ansikter for senere gjennomgang.<\/p>\n<p data-start=\"1532\" data-end=\"1825\">Installasjonen er enkel: koble kameraene direkte via de fire PoE-portene, koble til TV-en eller skjermen via HDMI\/VGA og kontroller systemet med den medf\u00f8lgende musen. Med appen <strong data-start=\"1709\" data-end=\"1724\">Hik-Connect<\/strong> Du f\u00e5r fjerntilgang via smarttelefon, nettbrett eller PC \u2013 inkludert push-varsler for alarmhendelser.<\/p>\n<hr data-start=\"1827\" data-end=\"1830\" \/>\n<h3 data-start=\"1832\" data-end=\"1846\">Fordeler<\/h3>\n<ul data-start=\"1847\" data-end=\"2266\">\n<li data-start=\"1847\" data-end=\"1897\">\n<p data-start=\"1849\" data-end=\"1897\">Kompakt NVR med innebygd str\u00f8mforsyning (PoE)<\/p>\n<\/li>\n<li data-start=\"1898\" data-end=\"1948\">\n<p data-start=\"1900\" data-end=\"1948\">St\u00f8tte for opptil 4 IP-kameraer i 4K-oppl\u00f8sning<\/p>\n<\/li>\n<li data-start=\"1949\" data-end=\"1982\">\n<p data-start=\"1951\" data-end=\"1982\">B\u00e5ndbredde p\u00e5 opptil 40 Mbps<\/p>\n<\/li>\n<li data-start=\"1983\" data-end=\"2035\">\n<p data-start=\"1985\" data-end=\"2035\">AcuSense AI med menneske- og kj\u00f8ret\u00f8ydeteksjon<\/p>\n<\/li>\n<li data-start=\"2036\" data-end=\"2082\">\n<p data-start=\"2038\" data-end=\"2082\">Ansiktsopptak og smarte s\u00f8kefunksjoner<\/p>\n<\/li>\n<li data-start=\"2083\" data-end=\"2122\">\n<p data-start=\"2085\" data-end=\"2122\">Plass til 1 harddisk p\u00e5 opptil 10 TB<\/p>\n<\/li>\n<li data-start=\"2123\" data-end=\"2169\">\n<p data-start=\"2125\" data-end=\"2169\">HDMI- og VGA-utganger for skjermtilkobling<\/p>\n<\/li>\n<li data-start=\"2170\" data-end=\"2213\">\n<p data-start=\"2172\" data-end=\"2213\">Enkel installasjon og kontroll med mus<\/p>\n<\/li>\n<li data-start=\"2214\" data-end=\"2266\">\n<p data-start=\"2216\" data-end=\"2266\">Fjerntilgang og push-varsler via Hik-Connect-appen<\/p>\n<\/li>\n<\/ul>\n<hr data-start=\"2268\" data-end=\"2271\" \/>\n<h3 data-start=\"2273\" data-end=\"2303\">Tekniske spesifikasjoner<\/h3>\n<div class=\"_tableContainer_1rjym_1\">\n<div class=\"_tableWrapper_1rjym_13 group flex w-fit flex-col-reverse\">\n<table class=\"w-fit min-w-(--thread-content-width)\" data-start=\"2305\" data-end=\"2872\">\n<thead data-start=\"2305\" data-end=\"2325\">\n<tr data-start=\"2305\" data-end=\"2325\">\n<th data-start=\"2305\" data-end=\"2316\" data-col-size=\"sm\">Eiendom<\/th>\n<th data-start=\"2316\" data-end=\"2325\" data-col-size=\"md\">Verdi<\/th>\n<\/tr>\n<\/thead>\n<tbody data-start=\"2347\" data-end=\"2872\">\n<tr data-start=\"2347\" data-end=\"2376\">\n<td data-start=\"2347\" data-end=\"2356\" data-col-size=\"sm\">Modell<\/td>\n<td data-start=\"2356\" data-end=\"2376\" data-col-size=\"md\">DS-7604NXI-K1\/4P<\/td>\n<\/tr>\n<tr data-start=\"2377\" data-end=\"2415\">\n<td data-start=\"2377\" data-end=\"2393\" data-col-size=\"sm\">Kamerakanaler<\/td>\n<td data-start=\"2393\" data-end=\"2415\" data-col-size=\"md\">4 IP-kameraer (PoE)<\/td>\n<\/tr>\n<tr data-start=\"2416\" data-end=\"2447\">\n<td data-start=\"2416\" data-end=\"2429\" data-col-size=\"sm\">Vedtak<\/td>\n<td data-start=\"2429\" data-end=\"2447\" data-col-size=\"md\">Opptil 12 MP<\/td>\n<\/tr>\n<tr data-start=\"2448\" data-end=\"2482\">\n<td data-start=\"2448\" data-end=\"2471\" data-col-size=\"sm\">Innkommende b\u00e5ndbredde<\/td>\n<td data-start=\"2471\" data-end=\"2482\" data-col-size=\"md\">40 Mbps<\/td>\n<\/tr>\n<tr data-start=\"2483\" data-end=\"2526\">\n<td data-start=\"2483\" data-end=\"2497\" data-col-size=\"sm\">Videoformat<\/td>\n<td data-start=\"2497\" data-end=\"2526\" data-col-size=\"md\">H.265+\/H.265\/H.264+\/H.264<\/td>\n<\/tr>\n<tr data-start=\"2527\" data-end=\"2609\">\n<td data-start=\"2527\" data-end=\"2543\" data-col-size=\"sm\">AI-funksjoner<\/td>\n<td data-start=\"2543\" data-end=\"2609\" data-col-size=\"md\">Menneske-\/kj\u00f8ret\u00f8ygjenkjenning, ansiktsopptak, smart s\u00f8k<\/td>\n<\/tr>\n<tr data-start=\"2610\" data-end=\"2647\">\n<td data-start=\"2610\" data-end=\"2620\" data-col-size=\"sm\">Oppbevaring<\/td>\n<td data-start=\"2620\" data-end=\"2647\" data-col-size=\"md\">1\u00d7 SATA, opptil 10 TB<\/td>\n<\/tr>\n<tr data-start=\"2648\" data-end=\"2683\">\n<td data-start=\"2648\" data-end=\"2665\" data-col-size=\"sm\">Videoutganger<\/td>\n<td data-start=\"2665\" data-end=\"2683\" data-col-size=\"md\">HDMI (4K), VGA<\/td>\n<\/tr>\n<tr data-start=\"2684\" data-end=\"2708\">\n<td data-start=\"2684\" data-end=\"2692\" data-col-size=\"sm\">Lyd<\/td>\n<td data-start=\"2692\" data-end=\"2708\" data-col-size=\"md\">1\u00d7 inn, 1\u00d7 ut<\/td>\n<\/tr>\n<tr data-start=\"2709\" data-end=\"2748\">\n<td data-start=\"2709\" data-end=\"2719\" data-col-size=\"sm\">Nettverk<\/td>\n<td data-start=\"2719\" data-end=\"2748\" data-col-size=\"md\">1\u00d7 RJ-45 10\/100\/1000 Mbps<\/td>\n<\/tr>\n<tr data-start=\"2749\" data-end=\"2769\">\n<td data-start=\"2749\" data-end=\"2755\" data-col-size=\"sm\">USB<\/td>\n<td data-start=\"2755\" data-end=\"2769\" data-col-size=\"md\">2\u00d7 USB 2.0<\/td>\n<\/tr>\n<tr data-start=\"2770\" data-end=\"2813\">\n<td data-start=\"2770\" data-end=\"2789\" data-col-size=\"sm\">Str\u00f8mforsyning<\/td>\n<td data-start=\"2789\" data-end=\"2813\" data-col-size=\"md\">48VDC (innebygd PoE)<\/td>\n<\/tr>\n<tr data-start=\"2814\" data-end=\"2842\">\n<td data-start=\"2814\" data-end=\"2821\" data-col-size=\"sm\">M\u00e5le<\/td>\n<td data-start=\"2821\" data-end=\"2842\" data-col-size=\"md\">315 \u00d7 240 \u00d7 48 mm<\/td>\n<\/tr>\n<tr data-start=\"2843\" data-end=\"2872\">\n<td data-start=\"2843\" data-end=\"2850\" data-col-size=\"sm\">Vekt<\/td>\n<td data-start=\"2850\" data-end=\"2872\" data-col-size=\"md\">ca. 1 kg (uten harddisk)<\/td>\n<\/tr>\n<\/tbody>\n<\/table>\n<\/div>\n<\/div>\n<\/div>","protected":false},"excerpt":{"rendered":"<p>Rimelig og kompakt NVR med innebygd PoE for fire IP-kameraer. Gir opptil 4K-oppl\u00f8sning, st\u00f8tter smart AcuSense AI med gjenkjenning av mennesker og kj\u00f8ret\u00f8y, ansiktsopptak og plass til en harddisk p\u00e5 opptil 10 TB.<\/p>","protected":false},"featured_media":137650,"template":"","meta":{"_acf_changed":false},"product_brand":[],"product_cat":[3358],"product_tag":[],"class_list":{"0":"post-97993","1":"product","2":"type-product","3":"status-publish","4":"has-post-thumbnail","6":"product_cat-nvr-network-video-recorder","7":"product_shipping_class-tunga-paket","8":"pa_brands-hikvision","9":"tm-no-options","11":"first","12":"instock","13":"sale","14":"taxable","15":"shipping-taxable","16":"purchasable","17":"product-type-simple"},"acf":[],"_links":{"self":[{"href":"https:\/\/secureus.se\/no\/wp-json\/wp\/v2\/product\/97993","targetHints":{"allow":["GET"]}}],"collection":[{"href":"https:\/\/secureus.se\/no\/wp-json\/wp\/v2\/product"}],"about":[{"href":"https:\/\/secureus.se\/no\/wp-json\/wp\/v2\/types\/product"}],"wp:featuredmedia":[{"embeddable":true,"href":"https:\/\/secureus.se\/no\/wp-json\/wp\/v2\/media\/137650"}],"wp:attachment":[{"href":"https:\/\/secureus.se\/no\/wp-json\/wp\/v2\/media?parent=97993"}],"wp:term":[{"taxonomy":"product_brand","embeddable":true,"href":"https:\/\/secureus.se\/no\/wp-json\/wp\/v2\/product_brand?post=97993"},{"taxonomy":"product_cat","embeddable":true,"href":"https:\/\/secureus.se\/no\/wp-json\/wp\/v2\/product_cat?post=97993"},{"taxonomy":"product_tag","embeddable":true,"href":"https:\/\/secureus.se\/no\/wp-json\/wp\/v2\/product_tag?post=97993"}],"curies":[{"name":"wp","href":"https:\/\/api.w.org\/{rel}","templated":true}]}}