{"id":97996,"date":"2024-08-30T13:02:27","date_gmt":"2024-08-30T11:02:27","guid":{"rendered":"https:\/\/secureus.se\/?post_type=product&#038;p=97996"},"modified":"2026-04-20T11:44:38","modified_gmt":"2026-04-20T09:44:38","slug":"hikvision-ds-7608nxi-k2-pro-series-4k-8-kanalig-nvr-80-mbps-2-sata","status":"publish","type":"product","link":"https:\/\/secureus.se\/no\/hikvision-ds-7608nxi-k2-pro-series-4k-8-kanalig-nvr-80-mbps-2-sata\/","title":{"rendered":"Hikvision DS-7608NXI-K2 \u2013 8-kanals 4K NVR med AcuSense AI, 2\u00d7SATA og 80 Mbps"},"content":{"rendered":"<div class=\"headernamehrnone\">\n<h3 data-start=\"990\" data-end=\"1065\">Hikvision DS-7608NXI-K2 \u2013 Rimelig og p\u00e5litelig NVR med AcuSense AI<\/h3>\n<p data-start=\"1067\" data-end=\"1325\"><strong data-start=\"1067\" data-end=\"1094\">Hikvision DS-7608NXI-K2<\/strong> er en kraftig og rimelig 8-kanals nettverksvideoopptaker (NVR) som samler alle kameraene dine p\u00e5 ett sted. Perfekt for enkeltpersoner, butikker og sm\u00e5 bedrifter som \u00f8nsker <strong data-start=\"1274\" data-end=\"1322\">enkel, p\u00e5litelig og smart videooverv\u00e5king<\/strong>.<\/p>\n<p data-start=\"1327\" data-end=\"1619\">Med <strong data-start=\"1331\" data-end=\"1382\">plass til opptil 8 IP-kameraer i 4K-oppl\u00f8sning<\/strong> og <strong data-start=\"1387\" data-end=\"1427\">2 harddisker (opptil 32 TB totalt)<\/strong> gir deg rikelig med lagringskapasitet og fleksibilitet. Den smarte <strong data-start=\"1490\" data-end=\"1516\">AcuSense AI-teknologi<\/strong> kan skille mellom personer og kj\u00f8ret\u00f8y, noe som reduserer falske alarmer og gj\u00f8r overv\u00e5kingen mer effektiv.<\/p>\n<p data-start=\"1621\" data-end=\"1865\">Via appen <strong data-start=\"1631\" data-end=\"1646\">Hik-Connect<\/strong> Du kan se direktesendt video, spille av opptak og motta push-varsler direkte p\u00e5 mobiltelefonen din \u2013 uansett hvor du er. Installasjonen er enkel, og du kan styre enheten via mus eller koble den til TV\/skjerm med HDMI.<\/p>\n<hr data-start=\"1867\" data-end=\"1870\" \/>\n<h3 data-start=\"1872\" data-end=\"1887\">Fordeler:<\/h3>\n<ul data-start=\"1888\" data-end=\"2301\">\n<li data-start=\"1888\" data-end=\"1931\">\n<p data-start=\"1890\" data-end=\"1931\">Rimelig valg for hjem og sm\u00e5 bedrifter<\/p>\n<\/li>\n<li data-start=\"1932\" data-end=\"1982\">\n<p data-start=\"1934\" data-end=\"1982\">St\u00f8tte for opptil 8 IP-kameraer i 4K-oppl\u00f8sning<\/p>\n<\/li>\n<li data-start=\"1983\" data-end=\"2050\">\n<p data-start=\"1985\" data-end=\"2050\">Plass til 2 harddisker (opptil 32 TB) for h\u00f8yere driftssikkerhet<\/p>\n<\/li>\n<li data-start=\"2051\" data-end=\"2109\">\n<p data-start=\"2053\" data-end=\"2109\">Smart AcuSense AI med deteksjon av mennesker og kj\u00f8ret\u00f8y<\/p>\n<\/li>\n<li data-start=\"2110\" data-end=\"2163\">\n<p data-start=\"2112\" data-end=\"2163\">Live-overv\u00e5king og avspilling via Hik-Connect-appen<\/p>\n<\/li>\n<li data-start=\"2164\" data-end=\"2199\">\n<p data-start=\"2166\" data-end=\"2199\">Push-varsler direkte til mobiltelefonen din<\/p>\n<\/li>\n<li data-start=\"2200\" data-end=\"2247\">\n<p data-start=\"2202\" data-end=\"2247\">Enkel kontroll med mus eller via TV\/skjerm<\/p>\n<\/li>\n<li data-start=\"2248\" data-end=\"2301\">\n<p data-start=\"2250\" data-end=\"2301\">Hikvision \u2013 verdensledende merke innen sikkerhet<\/p>\n<\/li>\n<\/ul>\n<hr data-start=\"2303\" data-end=\"2306\" \/>\n<h3 data-start=\"2308\" data-end=\"2339\">Tekniske spesifikasjoner:<\/h3>\n<div class=\"_tableContainer_1rjym_1\">\n<div class=\"_tableWrapper_1rjym_13 group flex w-fit flex-col-reverse\">\n<table class=\"w-fit min-w-(--thread-content-width)\" data-start=\"2341\" data-end=\"3117\">\n<thead data-start=\"2341\" data-end=\"2361\">\n<tr data-start=\"2341\" data-end=\"2361\">\n<th data-start=\"2341\" data-end=\"2352\" data-col-size=\"sm\">Eiendom<\/th>\n<th data-start=\"2352\" data-end=\"2361\" data-col-size=\"md\">Verdi<\/th>\n<\/tr>\n<\/thead>\n<tbody data-start=\"2383\" data-end=\"3117\">\n<tr data-start=\"2383\" data-end=\"2409\">\n<td data-start=\"2383\" data-end=\"2392\" data-col-size=\"sm\">Modell<\/td>\n<td data-start=\"2392\" data-end=\"2409\" data-col-size=\"md\">DS-7608NXI-K2<\/td>\n<\/tr>\n<tr data-start=\"2410\" data-end=\"2442\">\n<td data-start=\"2410\" data-end=\"2426\" data-col-size=\"sm\">Kamerakanaler<\/td>\n<td data-start=\"2426\" data-end=\"2442\" data-col-size=\"md\">8 IP-kameraer<\/td>\n<\/tr>\n<tr data-start=\"2443\" data-end=\"2474\">\n<td data-start=\"2443\" data-end=\"2456\" data-col-size=\"sm\">Vedtak<\/td>\n<td data-start=\"2456\" data-end=\"2474\" data-col-size=\"md\">Opptil 12 MP<\/td>\n<\/tr>\n<tr data-start=\"2475\" data-end=\"2509\">\n<td data-start=\"2475\" data-end=\"2498\" data-col-size=\"sm\">Innkommende b\u00e5ndbredde<\/td>\n<td data-start=\"2498\" data-end=\"2509\" data-col-size=\"md\">80 Mbps<\/td>\n<\/tr>\n<tr data-start=\"2510\" data-end=\"2543\">\n<td data-start=\"2510\" data-end=\"2531\" data-col-size=\"sm\">Utg\u00e5ende b\u00e5ndbredde<\/td>\n<td data-start=\"2531\" data-end=\"2543\" data-col-size=\"md\">160 Mbps<\/td>\n<\/tr>\n<tr data-start=\"2544\" data-end=\"2593\">\n<td data-start=\"2544\" data-end=\"2564\" data-col-size=\"sm\">Videokomprimering<\/td>\n<td data-start=\"2564\" data-end=\"2593\" data-col-size=\"md\">H.265+\/H.265\/H.264+\/H.264<\/td>\n<\/tr>\n<tr data-start=\"2594\" data-end=\"2678\">\n<td data-start=\"2594\" data-end=\"2610\" data-col-size=\"sm\">AI-funksjoner<\/td>\n<td data-start=\"2610\" data-end=\"2678\" data-col-size=\"md\">Menneske-\/kj\u00f8ret\u00f8ygjenkjenning, ansiktsgjenkjenning, smart avspilling<\/td>\n<\/tr>\n<tr data-start=\"2679\" data-end=\"2740\">\n<td data-start=\"2679\" data-end=\"2689\" data-col-size=\"sm\">Oppbevaring<\/td>\n<td data-start=\"2689\" data-end=\"2740\" data-col-size=\"md\">2\u00d7 SATA, opptil 16 TB per disk (32 TB totalt)<\/td>\n<\/tr>\n<tr data-start=\"2741\" data-end=\"2789\">\n<td data-start=\"2741\" data-end=\"2752\" data-col-size=\"sm\">Utganger<\/td>\n<td data-start=\"2752\" data-end=\"2789\" data-col-size=\"md\">HDMI (4K), VGA (1080p), lydutgang<\/td>\n<\/tr>\n<tr data-start=\"2790\" data-end=\"2840\">\n<td data-start=\"2790\" data-end=\"2801\" data-col-size=\"sm\">Innganger<\/td>\n<td data-start=\"2801\" data-end=\"2840\" data-col-size=\"md\">Lyd inn, 4\u00d7 Alarm inn, 1\u00d7 Alarm ut<\/td>\n<\/tr>\n<tr data-start=\"2841\" data-end=\"2885\">\n<td data-start=\"2841\" data-end=\"2847\" data-col-size=\"sm\">USB<\/td>\n<td data-start=\"2847\" data-end=\"2885\" data-col-size=\"md\">2\u00d7 USB 2.0 foran, 1\u00d7 USB 2.0 bak<\/td>\n<\/tr>\n<tr data-start=\"2886\" data-end=\"2927\">\n<td data-start=\"2886\" data-end=\"2896\" data-col-size=\"sm\">Nettverk<\/td>\n<td data-start=\"2896\" data-end=\"2927\" data-col-size=\"md\">1\u00d7 RJ-45 (10\/100\/1000 Mbps)<\/td>\n<\/tr>\n<tr data-start=\"2928\" data-end=\"2964\">\n<td data-start=\"2928\" data-end=\"2947\" data-col-size=\"sm\">Str\u00f8mforsyning<\/td>\n<td data-start=\"2947\" data-end=\"2964\" data-col-size=\"md\">12 VDC, 3,3 A<\/td>\n<\/tr>\n<tr data-start=\"2965\" data-end=\"3005\">\n<td data-start=\"2965\" data-end=\"2984\" data-col-size=\"sm\">Str\u00f8mforbruk<\/td>\n<td data-start=\"2984\" data-end=\"3005\" data-col-size=\"md\">\u2264 15W (uten harddisk)<\/td>\n<\/tr>\n<tr data-start=\"3006\" data-end=\"3034\">\n<td data-start=\"3006\" data-end=\"3013\" data-col-size=\"sm\">M\u00e5le<\/td>\n<td data-start=\"3013\" data-end=\"3034\" data-col-size=\"md\">385 \u00d7 315 \u00d7 52 mm<\/td>\n<\/tr>\n<tr data-start=\"3035\" data-end=\"3063\">\n<td data-start=\"3035\" data-end=\"3042\" data-col-size=\"sm\">Vekt<\/td>\n<td data-start=\"3042\" data-end=\"3063\" data-col-size=\"md\">\u2264 1 kg (uten harddisk)<\/td>\n<\/tr>\n<tr data-start=\"3064\" data-end=\"3117\">\n<td data-start=\"3064\" data-end=\"3081\" data-col-size=\"sm\">Sertifiseringer<\/td>\n<td data-start=\"3081\" data-end=\"3117\" data-col-size=\"md\">CE, FCC, RoHS, Reach, UKCA, etc.<\/td>\n<\/tr>\n<\/tbody>\n<\/table>\n<\/div>\n<\/div>\n<\/div>","protected":false},"excerpt":{"rendered":"<p data-start=\"2834\" data-end=\"3023\">Rimelig NVR for hjem, butikk og sm\u00e5 bedrifter. St\u00f8tte for opptil 8 IP-kameraer, plass til 2 harddisker, smart AcuSense AI med menneske-\/kj\u00f8ret\u00f8ydeteksjon og push-varsler i appen.<\/p>","protected":false},"featured_media":137009,"template":"","meta":{"_acf_changed":false},"product_brand":[],"product_cat":[3358],"product_tag":[],"class_list":{"0":"post-97996","1":"product","2":"type-product","3":"status-publish","4":"has-post-thumbnail","6":"product_cat-nvr-network-video-recorder","7":"product_shipping_class-tunga-paket","8":"pa_brands-hikvision","9":"tm-no-options","11":"first","12":"instock","13":"sale","14":"taxable","15":"shipping-taxable","16":"purchasable","17":"product-type-simple"},"acf":[],"_links":{"self":[{"href":"https:\/\/secureus.se\/no\/wp-json\/wp\/v2\/product\/97996","targetHints":{"allow":["GET"]}}],"collection":[{"href":"https:\/\/secureus.se\/no\/wp-json\/wp\/v2\/product"}],"about":[{"href":"https:\/\/secureus.se\/no\/wp-json\/wp\/v2\/types\/product"}],"wp:featuredmedia":[{"embeddable":true,"href":"https:\/\/secureus.se\/no\/wp-json\/wp\/v2\/media\/137009"}],"wp:attachment":[{"href":"https:\/\/secureus.se\/no\/wp-json\/wp\/v2\/media?parent=97996"}],"wp:term":[{"taxonomy":"product_brand","embeddable":true,"href":"https:\/\/secureus.se\/no\/wp-json\/wp\/v2\/product_brand?post=97996"},{"taxonomy":"product_cat","embeddable":true,"href":"https:\/\/secureus.se\/no\/wp-json\/wp\/v2\/product_cat?post=97996"},{"taxonomy":"product_tag","embeddable":true,"href":"https:\/\/secureus.se\/no\/wp-json\/wp\/v2\/product_tag?post=97996"}],"curies":[{"name":"wp","href":"https:\/\/api.w.org\/{rel}","templated":true}]}}