{"id":98087,"date":"2024-09-03T10:18:38","date_gmt":"2024-09-03T08:18:38","guid":{"rendered":"https:\/\/secureus.se\/crimpverktyg-connectix-ez-crimp-easy-rj45\/"},"modified":"2026-04-09T11:35:24","modified_gmt":"2026-04-09T09:35:24","slug":"crimpverktyg-connectix-ez-crimp-easy-rj45","status":"publish","type":"product","link":"https:\/\/secureus.se\/no\/crimpverktyg-connectix-ez-crimp-easy-rj45\/","title":{"rendered":"Crimpverkt\u00f8y Connectix EZ-CRIMP Easy RJ45 Pro modell"},"content":{"rendered":"<p>RJ45 datakabelkrympeverkt\u00f8y brukes til \u00e5 feste RJ45-kontakter til nettverkskabler, vanligvis kategoriene Cat5e, Cat6 eller Cat6a.<\/p>\n<p>Verkt\u00f8yet muliggj\u00f8r enkel og sikker tilkobling av kablenes ledere til kontakten, og garanterer en p\u00e5litelig nettverkstilkobling.<\/p>\n<p>Krympeverkt\u00f8y er utstyrt med flere funksjoner, inkludert stripping og kutting av kabler, noe som gj\u00f8r dem til et uunnv\u00e6rlig verkt\u00f8y for b\u00e5de profesjonelle installat\u00f8rer og gj\u00f8r-det-selv-folk som jobber med nettverksinstallasjoner.<\/p>\n<p>&quot;Easy&quot; RJ45-krympeverkt\u00f8yet fungerer perfekt med &quot;Easy&quot; Cat6 UTP- og FTP-gjennomgangskoblinger. Med sin ekstra kuttefunksjon kutter dette krympeverkt\u00f8yet overfl\u00f8dige ledninger mens det krymper RJ45-kontakten.<\/p>\n<ul>\n<li>For bruk med RJ45-gjennomf\u00f8ringskontakter<\/li>\n<li>Kan brukes til \u00e5 kutte den ytre kappen p\u00e5 kabelen<\/li>\n<\/ul>\n<p>Se nedenfor for de fire enkle instruksjonene.<\/p>\n<p>&nbsp;<\/p>\n<table class=\"easy_crimp_inst\" border=\"0\" width=\"100%\" cellspacing=\"1\" cellpadding=\"2\">\n<tbody>\n<tr>\n<td colspan=\"2\"><img decoding=\"async\" src=\"https:\/\/www.cablemonkey.co.uk\/img\/cms\/easy_crimp_1.png\" alt=\"enkel crimp trinn 1\" width=\"75%\" \/><\/td>\n<\/tr>\n<tr>\n<td><span class=\"easy_num\">1<\/span><\/td>\n<td>Fjern ca. 20 mm av det ytre dekselet med det allsidige krympeverkt\u00f8yet.<\/td>\n<\/tr>\n<tr>\n<td colspan=\"2\"><img decoding=\"async\" src=\"https:\/\/www.cablemonkey.co.uk\/img\/cms\/easy_crimp_2.png\" alt=\"\" width=\"75%\" \/><\/td>\n<\/tr>\n<tr>\n<td><span class=\"easy_num\">2<\/span><\/td>\n<td>Ordne ledningene i riktig fargekodesekvens (mest vanlig er EIA\/TIA 568B). Sett kabelen inn i kontakten og skyv ledningene gjennom. Den ytre kappen p\u00e5 kabelen skal sitte s\u00e5 langt opp i kontakten som mulig.<\/p>\n<p>EIA\/TIA 568B er en standard for fargekoding av ledningene i nettverkskabler (Ethernet-kabler) med RJ45-kontakter. Fargesekvensen for EIA\/TIA 568B er:<\/p>\n<ol>\n<li>Hvit\/oransje<\/li>\n<li>oransje<\/li>\n<li>Hvit\/gr\u00f8nn<\/li>\n<li>Bl\u00e5<\/li>\n<li>Hvit\/bl\u00e5<\/li>\n<li>Gr\u00f8nn<\/li>\n<li>Hvit\/Brun<\/li>\n<li>brun<\/li>\n<\/ol>\n<p>Denne sekvensen brukes ofte til \u00e5 lage rette nettverkskabler hvor begge ender kobles i henhold til samme standard.<\/td>\n<\/tr>\n<tr>\n<td colspan=\"2\"><img decoding=\"async\" src=\"https:\/\/www.cablemonkey.co.uk\/img\/cms\/easy_crimp_3.png\" alt=\"\" width=\"75%\" \/><\/td>\n<\/tr>\n<tr>\n<td><span class=\"easy_num\">3<\/span><\/td>\n<td>Trykk p\u00e5 &quot;L\u00e5s&quot;-knappen p\u00e5 krympeverkt\u00f8yet for \u00e5 \u00e5pne det og gj\u00f8re det klart til bruk. Sett den ladede RJ45-kontakten inn i kontakten og klem p\u00e5 h\u00e5ndtaket for \u00e5 krympe kontakten; overfl\u00f8dige ledninger kuttes samtidig.<\/td>\n<\/tr>\n<tr>\n<td colspan=\"2\"><img decoding=\"async\" src=\"https:\/\/www.cablemonkey.co.uk\/img\/cms\/easy_crimp_4.png\" alt=\"\" width=\"75%\" \/><\/td>\n<\/tr>\n<tr>\n<td><span class=\"easy_num\">4<\/span><\/td>\n<td>Hvis du har fulgt instruksjonene, b\u00f8r du n\u00e5 ha en fullt funksjonell RJ45-tilkobling.<\/td>\n<\/tr>\n<\/tbody>\n<\/table>","protected":false},"excerpt":{"rendered":"<p>Connectix EZ-CRIMP Easy RJ45 Crimp Tool<\/p>","protected":false},"featured_media":136205,"template":"","meta":{"_acf_changed":false},"product_brand":[],"product_cat":[4144],"product_tag":[],"class_list":{"0":"post-98087","1":"product","2":"type-product","3":"status-publish","4":"has-post-thumbnail","6":"product_cat-natverkskabel-tillbehor","7":"tm-no-options","9":"first","10":"instock","11":"sale","12":"taxable","13":"shipping-taxable","14":"purchasable","15":"product-type-simple"},"acf":[],"_links":{"self":[{"href":"https:\/\/secureus.se\/no\/wp-json\/wp\/v2\/product\/98087","targetHints":{"allow":["GET"]}}],"collection":[{"href":"https:\/\/secureus.se\/no\/wp-json\/wp\/v2\/product"}],"about":[{"href":"https:\/\/secureus.se\/no\/wp-json\/wp\/v2\/types\/product"}],"wp:featuredmedia":[{"embeddable":true,"href":"https:\/\/secureus.se\/no\/wp-json\/wp\/v2\/media\/136205"}],"wp:attachment":[{"href":"https:\/\/secureus.se\/no\/wp-json\/wp\/v2\/media?parent=98087"}],"wp:term":[{"taxonomy":"product_brand","embeddable":true,"href":"https:\/\/secureus.se\/no\/wp-json\/wp\/v2\/product_brand?post=98087"},{"taxonomy":"product_cat","embeddable":true,"href":"https:\/\/secureus.se\/no\/wp-json\/wp\/v2\/product_cat?post=98087"},{"taxonomy":"product_tag","embeddable":true,"href":"https:\/\/secureus.se\/no\/wp-json\/wp\/v2\/product_tag?post=98087"}],"curies":[{"name":"wp","href":"https:\/\/api.w.org\/{rel}","templated":true}]}}