{"id":98160,"date":"2024-09-04T13:22:31","date_gmt":"2024-09-04T11:22:31","guid":{"rendered":"https:\/\/secureus.se\/halslag\/"},"modified":"2026-01-02T15:22:47","modified_gmt":"2026-01-02T14:22:47","slug":"halslag-rfid-kort-standard-euro-plastkort-besokskort","status":"publish","type":"product","link":"https:\/\/secureus.se\/no\/halslag-rfid-kort-standard-euro-plastkort-besokskort\/","title":{"rendered":"Hull for plastkort \/ tilgangskort \/ visittkort \u2013 13 x 3 mm"},"content":{"rendered":"<p><strong>Punch for RFID-kort Standard Euro for plastkort og bes\u00f8kskort<\/strong> er et uunnv\u00e6rlig verkt\u00f8y for \u00e5 lage n\u00f8yaktige hull i RFID-kort. Dette muliggj\u00f8r enkel oppheng av kort i n\u00f8kkelringer, halskjeder eller andre typer holdere, uten \u00e5 p\u00e5virke kortets viktige elektroniske komponenter som brikke og antenne. Hullet lages vanligvis i et hj\u00f8rne av kortet og gir et praktisk og trygt festepunkt.<\/p>\n<p>Denne hullmaskinen er valgt for sin funksjonalitet og p\u00e5litelighet, noe som gj\u00f8r den ideell for b\u00e5de privat og profesjonell bruk. Det er et rimelig alternativ for alle som trenger \u00e5 h\u00e5ndtere kort p\u00e5 daglig basis, for eksempel i resepsjoner, sikkerhetssystemer eller arrangementsorganisasjoner.<\/p>\n<p><strong>Spesifikasjoner:<\/strong><\/p>\n<ul>\n<li><strong>Hulldimensjoner:<\/strong> 13 x 3 mm<\/li>\n<li><strong>Materiale:<\/strong> Metall<\/li>\n<li><strong>Trekk:<\/strong> Holder for RFID-kort, plastkort og bes\u00f8kskort<\/li>\n<li><strong>Kompatibilitet:<\/strong> Plastkort og RFID-kort uten \u00e5 skade de elektroniske komponentene<\/li>\n<\/ul>","protected":false},"excerpt":{"rendered":"<p>RFID-korthull er et profesjonelt verkt\u00f8y for \u00e5 lage presise hull i plastkort, visittkort og RFID-kort, uten \u00e5 p\u00e5virke kortets elektroniske komponenter. Perfekt for \u00e5 feste kort til n\u00f8kkelringer eller halskjeder.<\/p>","protected":false},"featured_media":133897,"template":"","meta":{"_acf_changed":false},"product_brand":[],"product_cat":[1693],"product_tag":[],"class_list":{"0":"post-98160","1":"product","2":"type-product","3":"status-publish","4":"has-post-thumbnail","6":"product_cat-halslag","7":"pa_brands-stonehouse-security","8":"tm-no-options","10":"first","11":"instock","12":"sale","13":"taxable","14":"shipping-taxable","15":"purchasable","16":"product-type-simple"},"acf":[],"_links":{"self":[{"href":"https:\/\/secureus.se\/no\/wp-json\/wp\/v2\/product\/98160","targetHints":{"allow":["GET"]}}],"collection":[{"href":"https:\/\/secureus.se\/no\/wp-json\/wp\/v2\/product"}],"about":[{"href":"https:\/\/secureus.se\/no\/wp-json\/wp\/v2\/types\/product"}],"wp:featuredmedia":[{"embeddable":true,"href":"https:\/\/secureus.se\/no\/wp-json\/wp\/v2\/media\/133897"}],"wp:attachment":[{"href":"https:\/\/secureus.se\/no\/wp-json\/wp\/v2\/media?parent=98160"}],"wp:term":[{"taxonomy":"product_brand","embeddable":true,"href":"https:\/\/secureus.se\/no\/wp-json\/wp\/v2\/product_brand?post=98160"},{"taxonomy":"product_cat","embeddable":true,"href":"https:\/\/secureus.se\/no\/wp-json\/wp\/v2\/product_cat?post=98160"},{"taxonomy":"product_tag","embeddable":true,"href":"https:\/\/secureus.se\/no\/wp-json\/wp\/v2\/product_tag?post=98160"}],"curies":[{"name":"wp","href":"https:\/\/api.w.org\/{rel}","templated":true}]}}