{"id":98782,"date":"2024-09-27T15:02:51","date_gmt":"2024-09-27T13:02:51","guid":{"rendered":"https:\/\/secureus.se\/?post_type=product&#038;p=98782"},"modified":"2026-04-09T11:34:36","modified_gmt":"2026-04-09T09:34:36","slug":"switch-6-port-gigabit-ethernet-self-managed-switch-30w-poe-strom","status":"publish","type":"product","link":"https:\/\/secureus.se\/no\/switch-6-port-gigabit-ethernet-self-managed-switch-30w-poe-strom\/","title":{"rendered":"Switch 6-Port Gigabit Ethernet Self-Managed Switch 30W PoE-str\u00f8m"},"content":{"rendered":"<h1>Switch 6-Port Gigabit Ethernet Self-Managed Switch 30W PoE-str\u00f8m<\/h1>\n<div class=\"headernamehrnone\">Oppdag effektiviteten til ComNet CNGE6FX2TX4PoE, en kompakt 6-porters Gigabit Ethernet-svitsj som forbedrer nettverkets ytelse og p\u00e5litelighet. Denne selvstyrte svitsjen har 2 SFP FX- og 4 TX-porter med 30W PoE+-effekt, ideell for milj\u00f8er med h\u00f8y ettersp\u00f8rsel. Den inkluderer en terminalblokkkontakt for p\u00e5litelige tilkoblinger og raske oppsettmuligheter for umiddelbar nettverksutvidelse. Nyt uavbrutt str\u00f8mforsyning med PoE, avansert Layer 2-st\u00f8tte for sikker drift og praktisk veggmontering for \u00e5 holde plassen ryddig. Dens administrasjonsfunksjoner sikrer optimal kontroll og ytelse, med hastigheter opptil 10 ganger raskere enn standard Ethernet og fiberoptisk st\u00f8tte for utvidet rekkevidde. Oppgrader nettverksoppsettet i dag og opplev s\u00f8ml\u00f8s tilkobling!<\/div>\n<div class=\"row headername\">\n<div class=\"item-header rd-hyg-item-header\"><strong>Hovedtrekk<\/strong><\/div>\n<div class=\"row\">\n<ul>\n<li>Lag ditt eget LAN og koble til din PC, laptop, skriver og annet periferiutstyr ved hjelp av 4 porter<\/li>\n<li>Ikke behov for str\u00f8mledninger og stikkontakter, bryteren kan motta str\u00f8m fra PoE-kilden<\/li>\n<li>Med ledende Layer 2-st\u00f8tte f\u00e5r du \u00f8kt bekvemmelighet, sikker forretningsdrift og en grensel\u00f8s nettverksopplevelse<\/li>\n<li>Med veggmonteringsfunksjonen kan du enkelt installere bryteren og samtidig holde ledninger og kabler i orden<\/li>\n<li>Administrasjonsfunksjonen gir kontroll over installasjon og konfigurasjon av nettverket<\/li>\n<li>Opptil 10 ganger raskere enn standard Ethernet-servertilkobling samtidig som den gir h\u00f8yytelses oppkoblinger<\/li>\n<li>St\u00f8tter optisk fiberkabel for lengre avstander og h\u00f8ye dataoverf\u00f8ringshastigheter mellom servere og nettverkskomponenter<\/li>\n<li>Opptil 10 ganger raskere enn standard Ethernet-servertilkobling samtidig som den gir h\u00f8yytelses oppkoblinger<\/li>\n<li>St\u00f8tter optisk fiberkabel for lengre avstander og h\u00f8ye dataoverf\u00f8ringshastigheter mellom servere og nettverkskomponenter<\/li>\n<\/ul>\n<\/div>\n<\/div>","protected":false},"excerpt":{"rendered":"<p>ComNet CNGE6FX2TX4PoE Liten overflatemontert 6-porters Gigabit Ethernet selvstyrt svitsj, 2 SFP FX, 4TX med 30W PoE-str\u00f8m<\/p>","protected":false},"featured_media":136730,"template":"","meta":{"_acf_changed":false},"product_brand":[],"product_cat":[4148],"product_tag":[],"class_list":{"0":"post-98782","1":"product","2":"type-product","3":"status-publish","4":"has-post-thumbnail","6":"product_cat-poe-switchar","7":"pa_brands-ultratech","8":"tm-no-options","10":"first","11":"outofstock","12":"sale","13":"taxable","14":"shipping-taxable","15":"purchasable","16":"product-type-simple"},"acf":[],"_links":{"self":[{"href":"https:\/\/secureus.se\/no\/wp-json\/wp\/v2\/product\/98782","targetHints":{"allow":["GET"]}}],"collection":[{"href":"https:\/\/secureus.se\/no\/wp-json\/wp\/v2\/product"}],"about":[{"href":"https:\/\/secureus.se\/no\/wp-json\/wp\/v2\/types\/product"}],"wp:featuredmedia":[{"embeddable":true,"href":"https:\/\/secureus.se\/no\/wp-json\/wp\/v2\/media\/136730"}],"wp:attachment":[{"href":"https:\/\/secureus.se\/no\/wp-json\/wp\/v2\/media?parent=98782"}],"wp:term":[{"taxonomy":"product_brand","embeddable":true,"href":"https:\/\/secureus.se\/no\/wp-json\/wp\/v2\/product_brand?post=98782"},{"taxonomy":"product_cat","embeddable":true,"href":"https:\/\/secureus.se\/no\/wp-json\/wp\/v2\/product_cat?post=98782"},{"taxonomy":"product_tag","embeddable":true,"href":"https:\/\/secureus.se\/no\/wp-json\/wp\/v2\/product_tag?post=98782"}],"curies":[{"name":"wp","href":"https:\/\/api.w.org\/{rel}","templated":true}]}}