{"id":98784,"date":"2024-09-27T15:02:51","date_gmt":"2024-09-27T13:02:51","guid":{"rendered":"https:\/\/secureus.se\/?post_type=product&#038;p=98784"},"modified":"2026-04-09T11:33:28","modified_gmt":"2026-04-09T09:33:28","slug":"switch-axis-8-portars-industriell-poe-gigabitswitch-2-sfp-2-rj45-portar-240-w-rackmontering","status":"publish","type":"product","link":"https:\/\/secureus.se\/no\/switch-axis-8-portars-industriell-poe-gigabitswitch-2-sfp-2-rj45-portar-240-w-rackmontering\/","title":{"rendered":"Switch Axis 8-ports industriell PoE gigabit-svitsj 2 SFP 2 RJ45-porter 240 W, stativfeste"},"content":{"rendered":"<h1>Switch 8-ports industriell PoE gigabit-svitsj<\/h1>\n<h2>2 SFP 2 RJ45-porter 240 W, stativmontering<\/h2>\n<div class=\"headernamehrnone\">AXIS T8504-R Industrial PoE Switch er en administrert industriell PoE++ Gigabit-svitsj med 4 porter. I tillegg er switchen utstyrt med to RJ45- og to SFP-dataporter som gj\u00f8r det mulig \u00e5 koble til ekstra enheter.&nbsp;<\/p>\n<p><b>For krevende installasjoner<\/b><\/p>\n<p>Den robuste industribryteren er utviklet for krevende milj\u00f8er n\u00e5r den er montert inne i et overv\u00e5kingsskap. Den er designet for \u00e5 t\u00e5le st\u00f8t, vibrasjoner og temperaturer fra -40 \u00b0C til 75 \u00b0C (-40 \u00b0F til 167 \u00b0F), noe som gj\u00f8r den ideell for sv\u00e6rt krevende installasjoner som langs motorveier og tunneler.<\/p>\n<p><b>Enkel \u00e5 installere og konfigurere<\/b><\/p>\n<p>AXIS T8504-R Industrial PoE Switch er enkel \u00e5 installere med AXIS standardverkt\u00f8y, som AXIS IP Utility og AXIS Device Manager. AXIS T8504-R kommer ogs\u00e5 med et individuelt passord, en brukervennlig installasjonsveiledning og et omfattende sett med konfigurasjonsverkt\u00f8y, f.eks. en integrert DHCP-server for automatisk tilordning av IP-adresser. Den muliggj\u00f8r ogs\u00e5 enda mer avanserte nettverkskonfigurasjoner som Rapid Ring Protection Protocol, VLAN, QoS, Security og Spanning Tree for \u00e5 optimalisere den totale l\u00f8sningen ytterligere.<\/p>\n<p><b>Total oversikt med unikt brukergrensesnitt<\/b><\/p>\n<p>AXIS T8504-R bruker det samme intuitive administratorgrensesnittet som AXIS T85 PoE Network Switch Series. Det unike grafiske brukergrensesnittet tilbyr en grafisk topologi for en enkel oversikt over alle enheter i systemet. Det grafiske brukergrensesnittet gir informasjon, status og varsler om tilkoblede enheter. Den muliggj\u00f8r administrasjon av alle tilkoblede enheter, omstart av kameraer i systemet, overv\u00e5king av nettverkstrafikk, kabeldiagnostikk og mye mer.<\/p>\n<\/div>\n<div class=\"row headername\">\n<div class=\"item-header rd-hyg-item-header\"><strong>Hovedtrekk<\/strong><\/div>\n<div class=\"row\">\n<ul>\n<li>H\u00f8y tilgjengelighet med Rapid Ring<\/li>\n<li>Dobbel redundans for likestr\u00f8m<\/li>\n<li>Kompatibel med High PoE 60W<\/li>\n<\/ul>\n<\/div>\n<\/div>","protected":false},"excerpt":{"rendered":"<p>AXIS T8504-R T85-serien 8-ports administrert industriell PoE Gigabit-svitsj med 2 SFP- og 2 RJ45-porter, 240 W, rackmontering<\/p>","protected":false},"featured_media":136347,"template":"","meta":{"_acf_changed":false},"product_brand":[],"product_cat":[4148],"product_tag":[],"class_list":{"0":"post-98784","1":"product","2":"type-product","3":"status-publish","4":"has-post-thumbnail","6":"product_cat-poe-switchar","7":"pa_brands-axis","8":"tm-no-options","10":"first","11":"onbackorder","12":"sale","13":"taxable","14":"shipping-taxable","15":"purchasable","16":"product-type-simple"},"acf":[],"_links":{"self":[{"href":"https:\/\/secureus.se\/no\/wp-json\/wp\/v2\/product\/98784","targetHints":{"allow":["GET"]}}],"collection":[{"href":"https:\/\/secureus.se\/no\/wp-json\/wp\/v2\/product"}],"about":[{"href":"https:\/\/secureus.se\/no\/wp-json\/wp\/v2\/types\/product"}],"wp:featuredmedia":[{"embeddable":true,"href":"https:\/\/secureus.se\/no\/wp-json\/wp\/v2\/media\/136347"}],"wp:attachment":[{"href":"https:\/\/secureus.se\/no\/wp-json\/wp\/v2\/media?parent=98784"}],"wp:term":[{"taxonomy":"product_brand","embeddable":true,"href":"https:\/\/secureus.se\/no\/wp-json\/wp\/v2\/product_brand?post=98784"},{"taxonomy":"product_cat","embeddable":true,"href":"https:\/\/secureus.se\/no\/wp-json\/wp\/v2\/product_cat?post=98784"},{"taxonomy":"product_tag","embeddable":true,"href":"https:\/\/secureus.se\/no\/wp-json\/wp\/v2\/product_tag?post=98784"}],"curies":[{"name":"wp","href":"https:\/\/api.w.org\/{rel}","templated":true}]}}