{"id":98796,"date":"2024-09-27T15:02:52","date_gmt":"2024-09-27T13:02:52","guid":{"rendered":"https:\/\/secureus.se\/?post_type=product&#038;p=98796"},"modified":"2026-04-09T11:33:13","modified_gmt":"2026-04-09T09:33:13","slug":"switch18-portars-gigabit-poe-switch-36-gbps","status":"publish","type":"product","link":"https:\/\/secureus.se\/no\/switch18-portars-gigabit-poe-switch-36-gbps\/","title":{"rendered":"Switch18-ports Gigabit PoE-svitsj 36 Gbps"},"content":{"rendered":"<div>\n<div class=\"product-description\">\n<h1 class=\"product-title-description\">SwitchTRENDnet TPE-BG182G 18-porters Gigabit<\/h1>\n<h2 class=\"product-title-description\">PoE-bryter, 36 Gbps<\/h2>\n<\/div>\n<\/div>\n<div class=\"product-sku\">\n<p class=\"item-num-mfg\">\u2022 8 x Gigabit PoE++-porter (opptil 95W)<br \/>\n\u2022 8 x Gigabit PoE+-porter (opptil 30W)<br \/>\n\u2022 2 x Gigabit SFP-spor<br \/>\n\u2022 470W PoE str\u00f8mbudsjett<br \/>\n\u2022 36 Gbps byttekapasitet<br \/>\n\u2022 Intern str\u00f8mforsyning<br \/>\n\u2022 Robust 1U 19\u201d stativmonterbart metallhus<\/p>\n<p class=\"item-num-mfg\">\nTRENDnets uadministrerte Gigabit PoE++-svitsjer gir h\u00f8y b\u00e5ndbreddeytelse, brukervennlighet og p\u00e5litelighet.<\/p>\n<p class=\"item-num-mfg\">Disse IEEE<br \/>\n802.3bt-kompatible brytere har et solid 1U 19&quot; stativmonterbart metallhus med monteringsbraketter inkludert. Disse h\u00f8ye<br \/>\nPower PoE++-svitsjer tilbyr ogs\u00e5 SFP-spor for langdistanse fibernettverksapplikasjoner.<\/p>\n<p class=\"item-num-mfg\">\nInstallat\u00f8rer og integratorer kan spare utstyrskostnader og redusere installasjonstiden med TRENDnets uadministrerte h\u00f8yeffekt PoE++<br \/>\nbrytere ved \u00e5 levere opptil 95W per port med PoE++-str\u00f8m og data over eksisterende Ethernet-kabler.<\/p>\n<p class=\"item-num-mfg\">Nettverk enkelt PoE-enheter som f.eks<br \/>\nsom tr\u00e5dl\u00f8se tilgangspunkter med h\u00f8y effekt, PTZ-kameraer, digital skilting, IPTV-dekodere, tilgangskontroller og mer med disse h\u00f8ye<br \/>\nstr\u00f8m PoE++ brytere.<\/p>\n<p><span class=\"erpnumber-divider\">|<\/span><\/p>\n<p class=\"item-num-sku\">\n<\/div>","protected":false},"excerpt":{"rendered":"<p>TRENDnet TPE-BG182G 18-porters Gigabit PoE-svitsj, 36 Gbps<\/p>","protected":false},"featured_media":135950,"template":"","meta":{"_acf_changed":false},"product_brand":[],"product_cat":[4148],"product_tag":[],"class_list":{"0":"post-98796","1":"product","2":"type-product","3":"status-publish","4":"has-post-thumbnail","6":"product_cat-poe-switchar","7":"pa_brands-trendnet","8":"tm-no-options","10":"first","11":"onbackorder","12":"sale","13":"taxable","14":"shipping-taxable","15":"purchasable","16":"product-type-simple"},"acf":[],"_links":{"self":[{"href":"https:\/\/secureus.se\/no\/wp-json\/wp\/v2\/product\/98796","targetHints":{"allow":["GET"]}}],"collection":[{"href":"https:\/\/secureus.se\/no\/wp-json\/wp\/v2\/product"}],"about":[{"href":"https:\/\/secureus.se\/no\/wp-json\/wp\/v2\/types\/product"}],"wp:featuredmedia":[{"embeddable":true,"href":"https:\/\/secureus.se\/no\/wp-json\/wp\/v2\/media\/135950"}],"wp:attachment":[{"href":"https:\/\/secureus.se\/no\/wp-json\/wp\/v2\/media?parent=98796"}],"wp:term":[{"taxonomy":"product_brand","embeddable":true,"href":"https:\/\/secureus.se\/no\/wp-json\/wp\/v2\/product_brand?post=98796"},{"taxonomy":"product_cat","embeddable":true,"href":"https:\/\/secureus.se\/no\/wp-json\/wp\/v2\/product_cat?post=98796"},{"taxonomy":"product_tag","embeddable":true,"href":"https:\/\/secureus.se\/no\/wp-json\/wp\/v2\/product_tag?post=98796"}],"curies":[{"name":"wp","href":"https:\/\/api.w.org\/{rel}","templated":true}]}}