{"id":99616,"date":"2024-10-15T13:31:41","date_gmt":"2024-10-15T11:31:41","guid":{"rendered":"https:\/\/secureus.se\/varmedetektor-4351e-a-system-sensor-78c-konventionell-s300-termisk-detektor-med-fast-temperatur\/"},"modified":"2026-04-17T12:25:12","modified_gmt":"2026-04-17T10:25:12","slug":"varmedetektor-4351e-a-system-sensor-78c-konventionell-s300-termisk-detektor-med-fast-temperatur","status":"publish","type":"product","link":"https:\/\/secureus.se\/no\/varmedetektor-4351e-a-system-sensor-78c-konventionell-s300-termisk-detektor-med-fast-temperatur\/","title":{"rendered":"Varmedetektor 4351E-A Systemsensor 78\u00b0C - Konvensjonell S300 termisk detektor med fast temperatur"},"content":{"rendered":"<h1>Varmedetektor 4351E-A Systemsensor 78\u00b0C - Konvensjonell S300 termisk detektor med fast temperatur<\/h1>\n<p class=\"\" data-start=\"565\" data-end=\"867\">Systemsensor 4351E-A er en konvensjonell termisk detektor som er en del av S300-serien og tilbyr en p\u00e5litelig l\u00f8sning for branndeteksjon i milj\u00f8er med raske temperaturendringer.<\/p>\n<p class=\"\" data-start=\"565\" data-end=\"867\">Med en fast temperatur p\u00e5 78\u00b0C reagerer denne detektoren raskt p\u00e5 brann og temperaturendringer.<\/p>\n<p class=\"\" data-start=\"869\" data-end=\"1178\">Detektoren er utstyrt med et avansert termisk element og en applikasjonsspesifikk integrert krets (ASIC) for \u00e5 sikre n\u00f8yaktig og rask deteksjon.<\/p>\n<p class=\"\" data-start=\"869\" data-end=\"1178\">For \u00e5 redusere risikoen for falske alarmer mellom vedlikeholdsbes\u00f8k, er detektoren ogs\u00e5 utstyrt med et st\u00f8vbestandig kammer med optimal deteksjonsytelse.<\/p>\n<p class=\"\" data-start=\"1180\" data-end=\"1510\">En tofarget LED-indikator viser detektorstatusen (gr\u00f8nn for normal drift, r\u00f8d for alarm).<\/p>\n<p class=\"\" data-start=\"1180\" data-end=\"1510\">For enda enklere vedlikehold kan den brukes sammen med en h\u00e5ndholdt testenhet som tillater fjernprogrammering og testing av detektoren.<\/p>\n<p class=\"\" data-start=\"1180\" data-end=\"1510\">Den er bakoverkompatibel med serie 100-baser og har en bred driftsspenning p\u00e5 8-30VDC.<\/p>","protected":false},"excerpt":{"rendered":"<p>4351E-A er en termisk varmedetektor med en fast temperatur p\u00e5 78\u00b0C, som tilbyr rask og n\u00f8yaktig branndeteksjon gjennom temperaturniv\u00e5er og temperaturendringer.<\/p>\n<p>Den er ideell for bruk i milj\u00f8er med raske temperaturendringer.<\/p>","protected":false},"featured_media":136108,"template":"","meta":{"_acf_changed":false},"product_brand":[],"product_cat":[4754,4157],"product_tag":[],"class_list":{"0":"post-99616","1":"product","2":"type-product","3":"status-publish","4":"has-post-thumbnail","6":"product_cat-system-sensor-300-serien","7":"product_cat-varmedetektor","8":"pa_brands-system-sensor","9":"tm-no-options","11":"first","12":"instock","13":"taxable","14":"shipping-taxable","15":"purchasable","16":"product-type-simple"},"acf":[],"_links":{"self":[{"href":"https:\/\/secureus.se\/no\/wp-json\/wp\/v2\/product\/99616","targetHints":{"allow":["GET"]}}],"collection":[{"href":"https:\/\/secureus.se\/no\/wp-json\/wp\/v2\/product"}],"about":[{"href":"https:\/\/secureus.se\/no\/wp-json\/wp\/v2\/types\/product"}],"wp:featuredmedia":[{"embeddable":true,"href":"https:\/\/secureus.se\/no\/wp-json\/wp\/v2\/media\/136108"}],"wp:attachment":[{"href":"https:\/\/secureus.se\/no\/wp-json\/wp\/v2\/media?parent=99616"}],"wp:term":[{"taxonomy":"product_brand","embeddable":true,"href":"https:\/\/secureus.se\/no\/wp-json\/wp\/v2\/product_brand?post=99616"},{"taxonomy":"product_cat","embeddable":true,"href":"https:\/\/secureus.se\/no\/wp-json\/wp\/v2\/product_cat?post=99616"},{"taxonomy":"product_tag","embeddable":true,"href":"https:\/\/secureus.se\/no\/wp-json\/wp\/v2\/product_tag?post=99616"}],"curies":[{"name":"wp","href":"https:\/\/api.w.org\/{rel}","templated":true}]}}