{"id":99812,"date":"2024-10-17T11:47:40","date_gmt":"2024-10-17T09:47:40","guid":{"rendered":"https:\/\/secureus.se\/?post_type=product&#038;p=99812"},"modified":"2026-04-08T15:27:54","modified_gmt":"2026-04-08T13:27:54","slug":"tryckespinne-8x138mm","status":"publish","type":"product","link":"https:\/\/secureus.se\/no\/tryckespinne-8x138mm\/","title":{"rendered":"Pressstift 8X138mm"},"content":{"rendered":"","protected":false},"excerpt":{"rendered":"<p>Skyvestang for d\u00f8rh\u00e5ndtak og l\u00e5sehus med roer 8 mm.<\/p>\n<p><b>Kjennetegn:<\/b><\/p>\n<ul>\n<li>Diameter: 8\u00d78 mm<\/li>\n<li>Lengde: 138 mm<\/li>\n<li>For d\u00f8rtykkelse 76-90 mm<\/li>\n<li>Kan kuttes ved behov hvis d\u00f8ren er tynnere<\/li>\n<\/ul>","protected":false},"featured_media":136464,"template":"","meta":{"_acf_changed":false},"product_brand":[],"product_cat":[4176],"product_tag":[],"class_list":{"0":"post-99812","1":"product","2":"type-product","3":"status-publish","4":"has-post-thumbnail","6":"product_cat-tillbehor-dorrhandtag","7":"product_shipping_class-postnord-varubrev","8":"pa_brands-abloy","9":"tm-no-options","11":"first","12":"instock","13":"taxable","14":"shipping-taxable","15":"purchasable","16":"product-type-simple"},"acf":[],"_links":{"self":[{"href":"https:\/\/secureus.se\/no\/wp-json\/wp\/v2\/product\/99812","targetHints":{"allow":["GET"]}}],"collection":[{"href":"https:\/\/secureus.se\/no\/wp-json\/wp\/v2\/product"}],"about":[{"href":"https:\/\/secureus.se\/no\/wp-json\/wp\/v2\/types\/product"}],"wp:featuredmedia":[{"embeddable":true,"href":"https:\/\/secureus.se\/no\/wp-json\/wp\/v2\/media\/136464"}],"wp:attachment":[{"href":"https:\/\/secureus.se\/no\/wp-json\/wp\/v2\/media?parent=99812"}],"wp:term":[{"taxonomy":"product_brand","embeddable":true,"href":"https:\/\/secureus.se\/no\/wp-json\/wp\/v2\/product_brand?post=99812"},{"taxonomy":"product_cat","embeddable":true,"href":"https:\/\/secureus.se\/no\/wp-json\/wp\/v2\/product_cat?post=99812"},{"taxonomy":"product_tag","embeddable":true,"href":"https:\/\/secureus.se\/no\/wp-json\/wp\/v2\/product_tag?post=99812"}],"curies":[{"name":"wp","href":"https:\/\/api.w.org\/{rel}","templated":true}]}}