{"id":99869,"date":"2024-10-17T11:47:39","date_gmt":"2024-10-17T09:47:39","guid":{"rendered":"https:\/\/secureus.se\/?post_type=product&#038;p=99869"},"modified":"2026-04-08T15:28:41","modified_gmt":"2026-04-08T13:28:41","slug":"trekantnyckel-145-nickel","status":"publish","type":"product","link":"https:\/\/secureus.se\/no\/trekantnyckel-145-nickel\/","title":{"rendered":"Trekantn\u00f8kkel 145 \u2013 10mm \u2013 Assa Abloy"},"content":{"rendered":"<p>ASSA ABLOY 145 er en trekantn\u00f8kkel for betjening av en spaniel med trekantpinne 56. Anbefales ikke der det er fare for selv\u00e5pning (bruk da sikkerhetsanordning 805 trekanth\u00e5ndtak og 811). M\u00e5l: 85\u00d755 mm.<\/p>\n<ul>\n<li>Innvendig dimensjon p\u00e5 det trekantede hullet 10mm.<\/li>\n<\/ul>","protected":false},"excerpt":{"rendered":"<p>Trekantn\u00f8kkel 145<\/p>","protected":false},"featured_media":136240,"template":"","meta":{"_acf_changed":false},"product_brand":[],"product_cat":[4177],"product_tag":[],"class_list":{"0":"post-99869","1":"product","2":"type-product","3":"status-publish","4":"has-post-thumbnail","6":"product_cat-tillbehor-spanjoletthandtag","7":"product_shipping_class-postnord-varubrev","8":"pa_brands-abloy","9":"tm-no-options","11":"first","12":"instock","13":"sale","14":"taxable","15":"shipping-taxable","16":"purchasable","17":"product-type-simple"},"acf":[],"_links":{"self":[{"href":"https:\/\/secureus.se\/no\/wp-json\/wp\/v2\/product\/99869","targetHints":{"allow":["GET"]}}],"collection":[{"href":"https:\/\/secureus.se\/no\/wp-json\/wp\/v2\/product"}],"about":[{"href":"https:\/\/secureus.se\/no\/wp-json\/wp\/v2\/types\/product"}],"wp:featuredmedia":[{"embeddable":true,"href":"https:\/\/secureus.se\/no\/wp-json\/wp\/v2\/media\/136240"}],"wp:attachment":[{"href":"https:\/\/secureus.se\/no\/wp-json\/wp\/v2\/media?parent=99869"}],"wp:term":[{"taxonomy":"product_brand","embeddable":true,"href":"https:\/\/secureus.se\/no\/wp-json\/wp\/v2\/product_brand?post=99869"},{"taxonomy":"product_cat","embeddable":true,"href":"https:\/\/secureus.se\/no\/wp-json\/wp\/v2\/product_cat?post=99869"},{"taxonomy":"product_tag","embeddable":true,"href":"https:\/\/secureus.se\/no\/wp-json\/wp\/v2\/product_tag?post=99869"}],"curies":[{"name":"wp","href":"https:\/\/api.w.org\/{rel}","templated":true}]}}