{"id":99881,"date":"2024-10-17T11:47:37","date_gmt":"2024-10-17T09:47:37","guid":{"rendered":"https:\/\/secureus.se\/?post_type=product&#038;p=99881"},"modified":"2026-03-29T18:12:19","modified_gmt":"2026-03-29T16:12:19","slug":"sparranordning-84-vit","status":"publish","type":"product","link":"https:\/\/secureus.se\/no\/sparranordning-84-vit\/","title":{"rendered":"L\u00e5seenhet 84 \u2013 Fix 84 \u2013 Assa Abloy"},"content":{"rendered":"<div>ASSA ABLOY 84 er en l\u00e5seanordning for vinduer og vindusd\u00f8rer, hvor du \u00f8nsker \u00e5 begrense \u00e5pningsposisjonen.<\/div>\n<div><b><br \/>\nKjennetegn: <\/b><\/div>\n<div>\n<ul>\n<li>Stopper buen i en \u00e5pen stilling bestemt av plasseringen av sperret.<\/li>\n<li>Kan frigj\u00f8res ved \u00e5 trykke inn den fj\u00e6rbelastede l\u00e5setappen p\u00e5 l\u00e5seskiven, samtidig som tauet hektes av.<\/li>\n<li>Passer b\u00e5de h\u00f8yre og venstre.<\/li>\n<li>MERK! Ikke barnevennlig<\/li>\n<li>Anbefalt skrue: TKFX 3,5 mm. (4 stk. 3,5 \u00d7 25 mm inkludert)\n<div><\/div>\n<\/li>\n<\/ul>\n<\/div>\n<div><\/div>\n<div><\/div>","protected":false},"excerpt":{"rendered":"<ul>\n<li>Stopper buen i en \u00e5pen stilling bestemt av plasseringen av sperret.<\/li>\n<li>Kan frigj\u00f8res ved \u00e5 trykke inn den fj\u00e6rbelastede l\u00e5setappen p\u00e5 l\u00e5seskiven, samtidig som tauet hektes av.<\/li>\n<li>Passer b\u00e5de h\u00f8yre og venstre.<\/li>\n<li>Anbefalt skrue: TKFX 3,5 mm. (4 stk. 3,5 \u00d7 25 mm inkludert)<\/li>\n<\/ul>","protected":false},"featured_media":158382,"template":"","meta":{"_acf_changed":false},"product_brand":[],"product_cat":[4177],"product_tag":[],"class_list":{"0":"post-99881","1":"product","2":"type-product","3":"status-publish","4":"has-post-thumbnail","6":"product_cat-tillbehor-spanjoletthandtag","7":"product_shipping_class-postnord-varubrev","8":"pa_brands-abloy","9":"tm-no-options","11":"first","12":"instock","13":"sale","14":"taxable","15":"shipping-taxable","16":"purchasable","17":"product-type-simple"},"acf":[],"_links":{"self":[{"href":"https:\/\/secureus.se\/no\/wp-json\/wp\/v2\/product\/99881","targetHints":{"allow":["GET"]}}],"collection":[{"href":"https:\/\/secureus.se\/no\/wp-json\/wp\/v2\/product"}],"about":[{"href":"https:\/\/secureus.se\/no\/wp-json\/wp\/v2\/types\/product"}],"wp:featuredmedia":[{"embeddable":true,"href":"https:\/\/secureus.se\/no\/wp-json\/wp\/v2\/media\/158382"}],"wp:attachment":[{"href":"https:\/\/secureus.se\/no\/wp-json\/wp\/v2\/media?parent=99881"}],"wp:term":[{"taxonomy":"product_brand","embeddable":true,"href":"https:\/\/secureus.se\/no\/wp-json\/wp\/v2\/product_brand?post=99881"},{"taxonomy":"product_cat","embeddable":true,"href":"https:\/\/secureus.se\/no\/wp-json\/wp\/v2\/product_cat?post=99881"},{"taxonomy":"product_tag","embeddable":true,"href":"https:\/\/secureus.se\/no\/wp-json\/wp\/v2\/product_tag?post=99881"}],"curies":[{"name":"wp","href":"https:\/\/api.w.org\/{rel}","templated":true}]}}