{"id":99885,"date":"2024-10-17T11:47:37","date_gmt":"2024-10-17T09:47:37","guid":{"rendered":"https:\/\/secureus.se\/?post_type=product&#038;p=99885"},"modified":"2026-04-23T12:00:34","modified_gmt":"2026-04-23T10:00:34","slug":"handtagssparr-kisi2-f-u26-for-7mm-sprint-f1-silver","status":"publish","type":"product","link":"https:\/\/secureus.se\/no\/handtagssparr-kisi2-f-u26-for-7mm-sprint-f1-silver\/","title":{"rendered":"H\u00e5ndtaksl\u00e5s KISI2 F U26 for 7mm Sprint F1 S\u00f8lv"},"content":{"rendered":"<p>KISI2 F U26 er en h\u00e5ndtaksl\u00e5s som er barnesikker og godkjent h\u00e5ndtaksl\u00e5s. Beregnet for vindush\u00e5ndtak i aluminium med bue U26.<\/p>\n<p><b>Kjennetegn:<\/b><\/p>\n<ul>\n<li>Godkjent etter SS 3587 og etter Nordtest-metoden NT CONS 018<\/li>\n<li>L\u00e5seposisjon: 180\u00b0 med automatisk l\u00e5sing<\/li>\n<li>For pinnediameter: 7 mm<\/li>\n<li>H\u00e5ndtaksl\u00e5s: zamak, styrepinner<\/li>\n<li>Sprint: for HOPPE solid sprint<\/li>\n<li>Montering: skjult, for vindush\u00e5ndtaksrosett med 10 mm diameter styrepinner,<\/li>\n<li>Monteres mellom vindush\u00e5ndtak og vindusramme<\/li>\n<li>Kan kun betjenes hvis begge l\u00e5seknappene trykkes inn samtidig<\/li>\n<\/ul>","protected":false},"excerpt":{"rendered":"<p>KISI2 F U26 er en h\u00e5ndtaksl\u00e5s som er barnesikker og godkjent h\u00e5ndtaksl\u00e5s. Beregnet for vindush\u00e5ndtak i aluminium med bue U26. Egenskaper: Godkjent etter SS 3587 og etter Nordtest-metoden NT CONS<\/p>","protected":false},"featured_media":136863,"template":"","meta":{"_acf_changed":false},"product_brand":[],"product_cat":[4177],"product_tag":[],"class_list":{"0":"post-99885","1":"product","2":"type-product","3":"status-publish","4":"has-post-thumbnail","6":"product_cat-tillbehor-spanjoletthandtag","7":"product_shipping_class-postnord-varubrev","8":"pa_brands-hoppe","9":"tm-no-options","11":"first","12":"instock","13":"sale","14":"taxable","15":"shipping-taxable","16":"purchasable","17":"product-type-simple"},"acf":[],"_links":{"self":[{"href":"https:\/\/secureus.se\/no\/wp-json\/wp\/v2\/product\/99885","targetHints":{"allow":["GET"]}}],"collection":[{"href":"https:\/\/secureus.se\/no\/wp-json\/wp\/v2\/product"}],"about":[{"href":"https:\/\/secureus.se\/no\/wp-json\/wp\/v2\/types\/product"}],"wp:featuredmedia":[{"embeddable":true,"href":"https:\/\/secureus.se\/no\/wp-json\/wp\/v2\/media\/136863"}],"wp:attachment":[{"href":"https:\/\/secureus.se\/no\/wp-json\/wp\/v2\/media?parent=99885"}],"wp:term":[{"taxonomy":"product_brand","embeddable":true,"href":"https:\/\/secureus.se\/no\/wp-json\/wp\/v2\/product_brand?post=99885"},{"taxonomy":"product_cat","embeddable":true,"href":"https:\/\/secureus.se\/no\/wp-json\/wp\/v2\/product_cat?post=99885"},{"taxonomy":"product_tag","embeddable":true,"href":"https:\/\/secureus.se\/no\/wp-json\/wp\/v2\/product_tag?post=99885"}],"curies":[{"name":"wp","href":"https:\/\/api.w.org\/{rel}","templated":true}]}}