{"id":99896,"date":"2024-10-17T11:47:37","date_gmt":"2024-10-17T09:47:37","guid":{"rendered":"https:\/\/secureus.se\/?post_type=product&#038;p=99896"},"modified":"2026-03-25T15:33:10","modified_gmt":"2026-03-25T14:33:10","slug":"trekanttapp-56","status":"publish","type":"product","link":"https:\/\/secureus.se\/no\/trekanttapp-56\/","title":{"rendered":"Trekantet tapp 56"},"content":{"rendered":"<p>ASSA ABLOY 56 er en trekantpinne for spaniels som m\u00e5 betjenes med trekantn\u00f8kkel 145. Anbefales ikke der det er fare for selv\u00e5pning (bruk sikkerhetsanordning 805 og trekanth\u00e5ndtak 811).<\/p>\n<p><b>Kjennetegn:<\/b><\/p>\n<ul>\n<li>Laget av herdet galvanisert st\u00e5l.<\/li>\n<li>Settes p\u00e5 plass i den spanske roeren og sikres med tilh\u00f8rende skrue.<\/li>\n<\/ul>","protected":false},"excerpt":{"rendered":"<p>ASSA ABLOY 56 er en trekantpinne for spaniels som m\u00e5 betjenes med trekantn\u00f8kkel 145. Anbefales ikke der det er fare for selv\u00e5pning (Bruk sikkerhetsanordning 805 og trekanth\u00e5ndtak 811). Egenskaper: Laget i<\/p>","protected":false},"featured_media":136839,"template":"","meta":{"_acf_changed":false},"product_brand":[],"product_cat":[4177],"product_tag":[],"class_list":{"0":"post-99896","1":"product","2":"type-product","3":"status-publish","4":"has-post-thumbnail","6":"product_cat-tillbehor-spanjoletthandtag","7":"product_shipping_class-postnord-varubrev","8":"pa_brands-abloy","9":"tm-no-options","11":"first","12":"instock","13":"sale","14":"taxable","15":"shipping-taxable","16":"purchasable","17":"product-type-simple"},"acf":[],"_links":{"self":[{"href":"https:\/\/secureus.se\/no\/wp-json\/wp\/v2\/product\/99896","targetHints":{"allow":["GET"]}}],"collection":[{"href":"https:\/\/secureus.se\/no\/wp-json\/wp\/v2\/product"}],"about":[{"href":"https:\/\/secureus.se\/no\/wp-json\/wp\/v2\/types\/product"}],"wp:featuredmedia":[{"embeddable":true,"href":"https:\/\/secureus.se\/no\/wp-json\/wp\/v2\/media\/136839"}],"wp:attachment":[{"href":"https:\/\/secureus.se\/no\/wp-json\/wp\/v2\/media?parent=99896"}],"wp:term":[{"taxonomy":"product_brand","embeddable":true,"href":"https:\/\/secureus.se\/no\/wp-json\/wp\/v2\/product_brand?post=99896"},{"taxonomy":"product_cat","embeddable":true,"href":"https:\/\/secureus.se\/no\/wp-json\/wp\/v2\/product_cat?post=99896"},{"taxonomy":"product_tag","embeddable":true,"href":"https:\/\/secureus.se\/no\/wp-json\/wp\/v2\/product_tag?post=99896"}],"curies":[{"name":"wp","href":"https:\/\/api.w.org\/{rel}","templated":true}]}}