{"id":99918,"date":"2024-10-17T11:47:38","date_gmt":"2024-10-17T09:47:38","guid":{"rendered":"https:\/\/secureus.se\/?post_type=product&#038;p=99918"},"modified":"2026-04-08T15:29:25","modified_gmt":"2026-04-08T13:29:25","slug":"handtagskoppling-833-16","status":"publish","type":"product","link":"https:\/\/secureus.se\/no\/handtagskoppling-833-16\/","title":{"rendered":"H\u00e5ndtakskobling 833-16"},"content":{"rendered":"<p>ASSA ABLOY 833-16 er en h\u00e5ndtakskobling for en vindusd\u00f8r som skal ha h\u00e5ndtak p\u00e5 begge sider. For enkel bue. Koblingen ryker hvis det ytre h\u00e5ndtaket blir overbelastet n\u00e5r det indre h\u00e5ndtaket er l\u00e5st. Det ytre h\u00e5ndtaket er dermed deaktivert. En effektiv innbruddssikring.<\/p>\n<div><b>\u00a0<\/b><\/div>\n<div>\n<p><b>Kjennetegn:<\/b><\/p>\n<ul>\n<li>Diameter: \u00d8 16 mm<\/li>\n<li>Lengde: 16 mm<\/li>\n<li>Passer til h\u00e5ndtak med 8 mm stift<\/li>\n<\/ul>\n<\/div>","protected":false},"excerpt":{"rendered":"<p>ASSA ABLOY 833-16 er en h\u00e5ndtakskobling for en vindusd\u00f8r som skal ha h\u00e5ndtak p\u00e5 begge sider. For enkel bue. Koblingen ryker hvis det ytre h\u00e5ndtaket er overbelastet n\u00e5r det indre h\u00e5ndtaket er l\u00e5st. Det ytre h\u00e5ndtaket settes inn gjennom denne<\/p>","protected":false},"featured_media":137510,"template":"","meta":{"_acf_changed":false},"product_brand":[],"product_cat":[4177],"product_tag":[],"class_list":{"0":"post-99918","1":"product","2":"type-product","3":"status-publish","4":"has-post-thumbnail","6":"product_cat-tillbehor-spanjoletthandtag","7":"product_shipping_class-postnord-varubrev","8":"pa_brands-abloy","9":"tm-no-options","11":"first","12":"instock","13":"taxable","14":"shipping-taxable","15":"purchasable","16":"product-type-simple"},"acf":[],"_links":{"self":[{"href":"https:\/\/secureus.se\/no\/wp-json\/wp\/v2\/product\/99918","targetHints":{"allow":["GET"]}}],"collection":[{"href":"https:\/\/secureus.se\/no\/wp-json\/wp\/v2\/product"}],"about":[{"href":"https:\/\/secureus.se\/no\/wp-json\/wp\/v2\/types\/product"}],"wp:featuredmedia":[{"embeddable":true,"href":"https:\/\/secureus.se\/no\/wp-json\/wp\/v2\/media\/137510"}],"wp:attachment":[{"href":"https:\/\/secureus.se\/no\/wp-json\/wp\/v2\/media?parent=99918"}],"wp:term":[{"taxonomy":"product_brand","embeddable":true,"href":"https:\/\/secureus.se\/no\/wp-json\/wp\/v2\/product_brand?post=99918"},{"taxonomy":"product_cat","embeddable":true,"href":"https:\/\/secureus.se\/no\/wp-json\/wp\/v2\/product_cat?post=99918"},{"taxonomy":"product_tag","embeddable":true,"href":"https:\/\/secureus.se\/no\/wp-json\/wp\/v2\/product_tag?post=99918"}],"curies":[{"name":"wp","href":"https:\/\/api.w.org\/{rel}","templated":true}]}}