{"id":99925,"date":"2024-10-17T11:47:38","date_gmt":"2024-10-17T09:47:38","guid":{"rendered":"https:\/\/secureus.se\/?post_type=product&#038;p=99925"},"modified":"2026-03-25T15:37:36","modified_gmt":"2026-03-25T14:37:36","slug":"sakerhetsanordning-805-7x43-krom","status":"publish","type":"product","link":"https:\/\/secureus.se\/no\/sakerhetsanordning-805-7x43-krom\/","title":{"rendered":"Sikkerhetsanordning 805 7X43 Krom"},"content":{"rendered":"<p>\nASA ABLOY 805 er en sikkerhetsd\u00f8r som brukes i stedet for h\u00e5ndtak p\u00e5 vinduer, vindusd\u00f8rer og skapd\u00f8rer med spaniel, hvor barnesikkerhet eller beskyttelse mot uautorisert \u00e5pning \u00f8nskes. Egnet i trapperom, korridorer, sykehus, barnehytter eller lignende. Typegodkjent som barnebeskyttende sikkerhetsbeslag. En fj\u00e6rbelastet l\u00e5seskive er plassert rundt den trekantede pinnen. Denne m\u00e5 skyves inn i en presis posisjon slik at pinnen kan snus og p\u00e5virke spanielen.<\/p>\n<div><\/div>\n<div><b>Kjennetegn:<\/b><\/p>\n<ul>\n<li>Typegodkjent som barnebeskyttende sikkerhetsbeslag.<\/li>\n<li>Matchende h\u00e5ndtak 811<\/li>\n<li>Sprint 7x 33\/43mm av herdet st\u00e5l. (Merk: vanskelig \u00e5 kutte.)<\/li>\n<li>Ogs\u00e5 tilgjengelig med 8 mm pinne<\/li>\n<li>L\u00e5sehus laget av forkrommet zamak-metall.<\/li>\n<li>Bredde: 25 mm<\/li>\n<li>H\u00f8yde: 62 mm<\/li>\n<li>C\/C-feste: 43 mm<\/li>\n<\/ul>\n<\/div>","protected":false},"excerpt":{"rendered":"<p>ASA ABLOY 805 er en sikkerhetsd\u00f8r som brukes i stedet for h\u00e5ndtak p\u00e5 vinduer, vindusd\u00f8rer og skapd\u00f8rer med spaniel, hvor barnesikkerhet eller beskyttelse mot uautorisert \u00e5pning \u00f8nskes. Egnet for trapperom, korridorer,<\/p>","protected":false},"featured_media":137503,"template":"","meta":{"_acf_changed":false},"product_brand":[],"product_cat":[4177],"product_tag":[],"class_list":{"0":"post-99925","1":"product","2":"type-product","3":"status-publish","4":"has-post-thumbnail","6":"product_cat-tillbehor-spanjoletthandtag","7":"product_shipping_class-postnord-varubrev","8":"pa_brands-abloy","9":"tm-no-options","11":"first","12":"instock","13":"taxable","14":"shipping-taxable","15":"purchasable","16":"product-type-simple"},"acf":[],"_links":{"self":[{"href":"https:\/\/secureus.se\/no\/wp-json\/wp\/v2\/product\/99925","targetHints":{"allow":["GET"]}}],"collection":[{"href":"https:\/\/secureus.se\/no\/wp-json\/wp\/v2\/product"}],"about":[{"href":"https:\/\/secureus.se\/no\/wp-json\/wp\/v2\/types\/product"}],"wp:featuredmedia":[{"embeddable":true,"href":"https:\/\/secureus.se\/no\/wp-json\/wp\/v2\/media\/137503"}],"wp:attachment":[{"href":"https:\/\/secureus.se\/no\/wp-json\/wp\/v2\/media?parent=99925"}],"wp:term":[{"taxonomy":"product_brand","embeddable":true,"href":"https:\/\/secureus.se\/no\/wp-json\/wp\/v2\/product_brand?post=99925"},{"taxonomy":"product_cat","embeddable":true,"href":"https:\/\/secureus.se\/no\/wp-json\/wp\/v2\/product_cat?post=99925"},{"taxonomy":"product_tag","embeddable":true,"href":"https:\/\/secureus.se\/no\/wp-json\/wp\/v2\/product_tag?post=99925"}],"curies":[{"name":"wp","href":"https:\/\/api.w.org\/{rel}","templated":true}]}}