{"id":99930,"date":"2024-10-17T11:47:38","date_gmt":"2024-10-17T09:47:38","guid":{"rendered":"https:\/\/secureus.se\/?post_type=product&#038;p=99930"},"modified":"2026-04-08T15:34:22","modified_gmt":"2026-04-08T13:34:22","slug":"barnsakerhetssparr-184-svart","status":"publish","type":"product","link":"https:\/\/secureus.se\/no\/barnsakerhetssparr-184-svart\/","title":{"rendered":"Barnesikring FIX 184 Svart \u2013 Assa Abloy"},"content":{"rendered":"<div>ASSA ABLOY 184 er en barnesikring for vinduer og vindusd\u00f8rer hvor du \u00f8nsker \u00e5 begrense \u00e5pningsposisjonen.<\/div>\n<div><b><br \/>\nKjennetegn:<\/b><\/div>\n<div>\n<ul>\n<li>Oppfyller krav iht SS 3587 om barnevern.<\/li>\n<li>Linje av plastinnpakket ledning<\/li>\n<li>Beskyttelsesdeksel av pulverlakkert st\u00e5l, \u00f8vrige deler av acetalplast.<\/li>\n<li>Stopper buen i en \u00e5pen stilling bestemt av plasseringen av sperret.<\/li>\n<li>Kan frigj\u00f8res ved \u00e5 trykke inn den fj\u00e6rbelastede l\u00e5setappen p\u00e5 l\u00e5seskiven, samtidig som tauet hektes av.<\/li>\n<li>Anbefalt skrue: TKFX 3,5 mm.<\/li>\n<\/ul>\n<\/div>","protected":false},"excerpt":{"rendered":"<p>ASSA ABLOY 184 er en barnesikring for vinduer og vindusd\u00f8rer hvor du \u00f8nsker \u00e5 begrense \u00e5pningsposisjonen. Egenskaper: Oppfyller krav etter SS 3587 om barnevern. Linje av plastinnpakket wire Beskyttelsesdeksel av pulverlakkert<\/p>","protected":false},"featured_media":136822,"template":"","meta":{"_acf_changed":false},"product_brand":[],"product_cat":[4177],"product_tag":[],"class_list":{"0":"post-99930","1":"product","2":"type-product","3":"status-publish","4":"has-post-thumbnail","6":"product_cat-tillbehor-spanjoletthandtag","7":"product_shipping_class-postnord-varubrev","8":"pa_brands-abloy","9":"tm-no-options","11":"first","12":"instock","13":"sale","14":"taxable","15":"shipping-taxable","16":"purchasable","17":"product-type-simple"},"acf":[],"_links":{"self":[{"href":"https:\/\/secureus.se\/no\/wp-json\/wp\/v2\/product\/99930","targetHints":{"allow":["GET"]}}],"collection":[{"href":"https:\/\/secureus.se\/no\/wp-json\/wp\/v2\/product"}],"about":[{"href":"https:\/\/secureus.se\/no\/wp-json\/wp\/v2\/types\/product"}],"wp:featuredmedia":[{"embeddable":true,"href":"https:\/\/secureus.se\/no\/wp-json\/wp\/v2\/media\/136822"}],"wp:attachment":[{"href":"https:\/\/secureus.se\/no\/wp-json\/wp\/v2\/media?parent=99930"}],"wp:term":[{"taxonomy":"product_brand","embeddable":true,"href":"https:\/\/secureus.se\/no\/wp-json\/wp\/v2\/product_brand?post=99930"},{"taxonomy":"product_cat","embeddable":true,"href":"https:\/\/secureus.se\/no\/wp-json\/wp\/v2\/product_cat?post=99930"},{"taxonomy":"product_tag","embeddable":true,"href":"https:\/\/secureus.se\/no\/wp-json\/wp\/v2\/product_tag?post=99930"}],"curies":[{"name":"wp","href":"https:\/\/api.w.org\/{rel}","templated":true}]}}