{"id":99938,"date":"2024-10-17T11:47:39","date_gmt":"2024-10-17T09:47:39","guid":{"rendered":"https:\/\/secureus.se\/?post_type=product&#038;p=99938"},"modified":"2026-04-08T15:28:10","modified_gmt":"2026-04-08T13:28:10","slug":"handtagssparr-850-krom","status":"publish","type":"product","link":"https:\/\/secureus.se\/no\/handtagssparr-850-krom\/","title":{"rendered":"H\u00e5ndtaksl\u00e5s 850 Chrome"},"content":{"rendered":"<p>\nASSA ABLOY 850 er en typegodkjent vindusl\u00e5s for innvendige vindusd\u00f8rer, som skal ha sikkerhetsbeslag i henhold til det svenske Boverkets Byggereglement.<\/p>\n<p><b>Kjennetegn:<\/b><br \/>\n<\/p>\n<ul>\n<li>L\u00e5ser h\u00e5ndtaket automatisk n\u00e5r det dreies til lukket stilling<\/li>\n<li>For \u00e5 \u00e5pne m\u00e5 l\u00e5sen l\u00f8ftes mens du dreier p\u00e5 h\u00e5ndtaket<\/li>\n<li>L\u00e5sehus laget av zamak metall.<\/li>\n<li>Fingergrep i polyamid, hvit.<\/li>\n<\/ul>","protected":false},"excerpt":{"rendered":"<p>ASSA ABLOY 850 er en typegodkjent vindusl\u00e5s for innvendige vindusd\u00f8rer, som skal ha sikkerhetsbeslag i henhold til det svenske Boverkets Byggereglement. Funksjoner: L\u00e5ser h\u00e5ndtaket automatisk n\u00e5r det dreies til lukket posisjon For \u00e5 \u00e5pne<\/p>","protected":false},"featured_media":136793,"template":"","meta":{"_acf_changed":false},"product_brand":[],"product_cat":[4177],"product_tag":[],"class_list":{"0":"post-99938","1":"product","2":"type-product","3":"status-publish","4":"has-post-thumbnail","6":"product_cat-tillbehor-spanjoletthandtag","7":"product_shipping_class-postnord-varubrev","8":"pa_brands-abloy","9":"tm-no-options","11":"first","12":"instock","13":"taxable","14":"shipping-taxable","15":"purchasable","16":"product-type-simple"},"acf":[],"_links":{"self":[{"href":"https:\/\/secureus.se\/no\/wp-json\/wp\/v2\/product\/99938","targetHints":{"allow":["GET"]}}],"collection":[{"href":"https:\/\/secureus.se\/no\/wp-json\/wp\/v2\/product"}],"about":[{"href":"https:\/\/secureus.se\/no\/wp-json\/wp\/v2\/types\/product"}],"wp:featuredmedia":[{"embeddable":true,"href":"https:\/\/secureus.se\/no\/wp-json\/wp\/v2\/media\/136793"}],"wp:attachment":[{"href":"https:\/\/secureus.se\/no\/wp-json\/wp\/v2\/media?parent=99938"}],"wp:term":[{"taxonomy":"product_brand","embeddable":true,"href":"https:\/\/secureus.se\/no\/wp-json\/wp\/v2\/product_brand?post=99938"},{"taxonomy":"product_cat","embeddable":true,"href":"https:\/\/secureus.se\/no\/wp-json\/wp\/v2\/product_cat?post=99938"},{"taxonomy":"product_tag","embeddable":true,"href":"https:\/\/secureus.se\/no\/wp-json\/wp\/v2\/product_tag?post=99938"}],"curies":[{"name":"wp","href":"https:\/\/api.w.org\/{rel}","templated":true}]}}