{"id":11824,"date":"2022-06-10T13:34:03","date_gmt":"2022-06-10T11:34:03","guid":{"rendered":"https:\/\/secureus.se\/?page_id=11824"},"modified":"2026-03-10T16:12:37","modified_gmt":"2026-03-10T15:12:37","slug":"om-secureus","status":"publish","type":"page","link":"https:\/\/secureus.se\/pl\/om-secureus\/","title":{"rendered":"O SECUREUSIE"},"content":{"rendered":"<div class=\"wpb-content-wrapper\"><div class=\"vc_row wpb_row vc_row-fluid\"><div class=\"wpb_column vc_column_container vc_col-sm-8\"><div class=\"vc_column-inner\"><div class=\"wpb_wrapper\">\n\t<div class=\"wpb_text_column wpb_content_element\" >\n\t\t<div class=\"wpb_wrapper\">\n\t\t\t<h3><strong>O nas<br \/>\n<\/strong><\/h3>\n<p data-start=\"2744\" data-end=\"2810\">Za\u0142o\u017cona w Szwecji \u2022 Magazyn w Alings\u00e5s \u2022 Ponad 500 zweryfikowanych opinii w serwisie Trustpilot<\/p>\n<p><strong>Witamy w Secureus.se - Twoim partnerze w zakresie bezpiecze\u0144stwa!<\/strong><\/p>\n<h3><strong>Dlaczego klienci wybieraj\u0105 Secureus<\/strong><\/h3>\n<p>\u2022 <strong data-start=\"1240\" data-end=\"1304\">Ponad 500 zweryfikowanych opinii klient\u00f3w \u2013 ocena 4,8\/5 na Trustpilot<br \/>\n<\/strong>\u2022 Szybkie dostawy z <strong data-start=\"1886\" data-end=\"1911\">w\u0142asny magazyn w Alings\u00e5s<\/strong><br data-start=\"1911\" data-end=\"1914\" \/>\u2022 Szeroka gama produkt\u00f3w zabezpieczaj\u0105cych dla <strong data-start=\"1958\" data-end=\"1988\">firmy i osoby prywatne<\/strong><br data-start=\"1988\" data-end=\"1991\" \/>\u2022 Wsparcie osobiste poprzez <strong data-start=\"2015\" data-end=\"2037\">telefon i e-mail<\/strong><\/p>\n<p>Secureus to szwedzka firma e-commerce specjalizuj\u0105ca si\u0119 w produktach zabezpieczaj\u0105cych. Dostarczamy produkty zabezpieczaj\u0105ce zar\u00f3wno firmom, jak i osobom prywatnym w ca\u0142ej Szwecji i kilku krajach Europy. Oferujemy szeroki asortyment wysokiej jako\u015bci produkt\u00f3w, w tym systemy alarmowe, zamki, alarmy przeciwpo\u017carowe, monitoring wizyjny i alarmy antyw\u0142amaniowe. Naszym celem jest zapewnienie bezpiecze\u0144stwa \u0142atwego, bezpiecznego i dost\u0119pnego dla ka\u017cdego, bez zb\u0119dnych koszt\u00f3w.<\/p>\n<p>Nasza siedziba znajduje si\u0119 w Alings\u00e5s, gdzie znajduje si\u0119 zar\u00f3wno nasz magazyn, jak i siedziba g\u0142\u00f3wna. Stamt\u0105d szybko i sprawnie dostarczamy nasze produkty nie tylko na terenie Szwecji, ale tak\u017ce do wielu kraj\u00f3w Europy. Dysponuj\u0105c ponad 900 produktami w magazynie, oferujemy szybk\u0105 dostaw\u0119 i pomagamy zar\u00f3wno klientom indywidualnym, jak i firmom znale\u017a\u0107 odpowiednie rozwi\u0105zanie w zakresie bezpiecze\u0144stwa.<\/p>\n\n\t\t<\/div>\n\t<\/div>\n<\/div><\/div><\/div><div class=\"wpb_column vc_column_container vc_col-sm-4\"><div class=\"vc_column-inner\"><div class=\"wpb_wrapper\"><\/div><\/div><\/div><\/div><div class=\"vc_row wpb_row vc_row-fluid\"><div class=\"wpb_column vc_column_container vc_col-sm-12\"><div class=\"vc_column-inner\"><div class=\"wpb_wrapper\">\n\t<div class=\"wpb_text_column wpb_content_element\" >\n\t\t<div class=\"wpb_wrapper\">\n\t\t\t<h3><strong>Dlaczego warto wybra\u0107 Secureusa?<\/strong><\/h3>\n<ul>\n<li><strong>Wysoka jako\u015b\u0107<\/strong>: Wsp\u00f3\u0142pracujemy z wiod\u0105cymi dostawcami, aby zagwarantowa\u0107 najnowsze technologie i najlepsze produkty na rynku.<\/li>\n<li><strong>Elastyczno\u015b\u0107<\/strong>: Oferujemy niestandardowe rozwi\u0105zania z grawerowaniem laserowym, drukiem i programowaniem - idealne dla firm i organizacji.<\/li>\n<li><strong>Szybkie dostawy<\/strong>: Nasze efektywne zarz\u0105dzanie magazynem oznacza, \u017ce mo\u017cemy szybko dostarcza\u0107 towary zar\u00f3wno do Szwecji, jak i do reszty Europy.<\/li>\n<li><strong>Obs\u0142uga osobista<\/strong>: Niezale\u017cnie od tego, czy jeste\u015b klientem prywatnym czy biznesowym, zawsze otrzymasz szybk\u0105 i kompetentn\u0105 pomoc. Na e-maile odpowiemy najp\u00f3\u017aniej w nast\u0119pnym dniu powszednim.<\/li>\n<\/ul>\n<h3><strong>Nasza filozofia<\/strong><\/h3>\n<p>W Secureus cenimy bezpiecze\u0144stwo i prostot\u0119. Niezale\u017cnie od tego, czy kupujesz indywidualny produkt, czy sk\u0142adasz du\u017ce zam\u00f3wienie firmowe, jeste\u015b dla nas r\u00f3wnie wa\u017cny. Nasz\u0105 ambicj\u0105 jest, aby ka\u017cdy zakup u nas przebiega\u0142 sprawnie i dawa\u0142 poczucie bezpiecze\u0144stwa i jako\u015bci.<\/p>\n<hr \/>\n<h3><strong>Wsp\u00f3\u0142praca i zaanga\u017cowanie<\/strong><\/h3>\n<p data-start=\"721\" data-end=\"847\">Secureus jest cz\u0142onkiem sieci partnerskiej IFK G\u00f6teborg <strong data-start=\"771\" data-end=\"785\">Klub 1904<\/strong> i b\u0119dzie widoczny na <strong data-start=\"810\" data-end=\"846\">Gamla Ullevi w sezonie 2026<\/strong>.<\/p>\n<p data-start=\"849\" data-end=\"948\">Zaanga\u017cowanie to wpisuje si\u0119 w nasze dzia\u0142ania maj\u0105ce na celu zwi\u0119kszenie naszej obecno\u015bci regionalnej i zacie\u015bnianie relacji w zachodniej Szwecji.<\/p>\n<p><img decoding=\"async\" class=\"alignnone wp-image-163069\" src=\"https:\/\/secureus.se\/wp-content\/uploads\/2026\/03\/ifkgbg_1904.png\" alt=\"\" width=\"149\" height=\"147\" srcset=\"https:\/\/secureus.se\/wp-content\/uploads\/2026\/03\/ifkgbg_1904.png 904w, https:\/\/secureus.se\/wp-content\/uploads\/2026\/03\/ifkgbg_1904-768x756.png 768w, https:\/\/secureus.se\/wp-content\/uploads\/2026\/03\/ifkgbg_1904-12x12.png 12w, https:\/\/secureus.se\/wp-content\/uploads\/2026\/03\/ifkgbg_1904-350x345.png 350w, https:\/\/secureus.se\/wp-content\/uploads\/2026\/03\/ifkgbg_1904-100x100.png 100w, https:\/\/secureus.se\/wp-content\/uploads\/2026\/03\/ifkgbg_1904-64x63.png 64w\" sizes=\"(max-width: 149px) 100vw, 149px\" \/><\/p>\n<p data-start=\"1332\" data-end=\"1355\"><strong data-start=\"1332\" data-end=\"1355\">Informacje o firmie<\/strong><\/p>\n<p data-start=\"1417\" data-end=\"1488\">Secureus Szwecja AB<br data-start=\"1436\" data-end=\"1439\" \/>\u00c4ngsvaktaregatan 29<br data-start=\"1458\" data-end=\"1461\" \/>441 38 Alings\u00e5s<br data-start=\"1476\" data-end=\"1479\" \/>Szwecja<\/p>\n<p data-start=\"1490\" data-end=\"1533\">Nr org.: 559189-7383<br data-start=\"1509\" data-end=\"1512\" \/>VAT: SE559189738301<\/p>\n<p data-start=\"1535\" data-end=\"1579\">\ud83d\udcde +46 31 70 70 201<br data-start=\"1554\" data-end=\"1557\" \/>\u2709 <a class=\"decorated-link\" href=\"mailto:secureus@secureus.se\" rel=\"noopener\" data-start=\"1559\" data-end=\"1579\">secureus@secureus.se<\/a><\/p>\n<hr \/>\n<h3><strong>Skontaktuj si\u0119 z nami<\/strong><\/h3>\n<p>Skontaktuj si\u0119 ju\u017c dzi\u015b, aby uzyska\u0107 pomoc w zakresie bezpiecze\u0144stwa \u2014 jeste\u015bmy tu dla Ciebie!<\/p>\n\n\t\t<\/div>\n\t<\/div>\n<\/div><\/div><\/div><\/div>\n<\/div>","protected":false},"excerpt":{"rendered":"Om oss Grundat i Sverige \u2022 Lager i Alings\u00e5s \u2022 500+ verifierade Trustpilot-omd\u00f6men V\u00e4lkommen till Secureus.se \u2013 Din partner f\u00f6r s\u00e4kerhet och trygghet! D\u00e4rf\u00f6r v\u00e4ljer kunder Secureus \u2022 500+ verifierade","protected":false},"author":1,"featured_media":0,"parent":0,"menu_order":0,"comment_status":"closed","ping_status":"closed","template":"","meta":{"_acf_changed":false,"footnotes":""},"class_list":["post-11824","page","type-page","status-publish","hentry"],"acf":[],"_links":{"self":[{"href":"https:\/\/secureus.se\/pl\/wp-json\/wp\/v2\/pages\/11824","targetHints":{"allow":["GET"]}}],"collection":[{"href":"https:\/\/secureus.se\/pl\/wp-json\/wp\/v2\/pages"}],"about":[{"href":"https:\/\/secureus.se\/pl\/wp-json\/wp\/v2\/types\/page"}],"author":[{"embeddable":true,"href":"https:\/\/secureus.se\/pl\/wp-json\/wp\/v2\/users\/1"}],"replies":[{"embeddable":true,"href":"https:\/\/secureus.se\/pl\/wp-json\/wp\/v2\/comments?post=11824"}],"version-history":[{"count":11,"href":"https:\/\/secureus.se\/pl\/wp-json\/wp\/v2\/pages\/11824\/revisions"}],"predecessor-version":[{"id":163073,"href":"https:\/\/secureus.se\/pl\/wp-json\/wp\/v2\/pages\/11824\/revisions\/163073"}],"wp:attachment":[{"href":"https:\/\/secureus.se\/pl\/wp-json\/wp\/v2\/media?parent=11824"}],"curies":[{"name":"wp","href":"https:\/\/api.w.org\/{rel}","templated":true}]}}