{"id":100322,"date":"2024-10-21T09:36:52","date_gmt":"2024-10-21T07:36:52","guid":{"rendered":"https:\/\/secureus.se\/?post_type=product&#038;p=100322"},"modified":"2026-04-15T16:11:00","modified_gmt":"2026-04-15T14:11:00","slug":"batteri-2-3-ah-agm-ackumulator","status":"publish","type":"product","link":"https:\/\/secureus.se\/pl\/batteri-2-3-ah-agm-ackumulator\/","title":{"rendered":"Akumulator 12V 2,3 Ah UPLUS 6-9 lat Wersja Pro"},"content":{"rendered":"<h1>Bateria 2,3Ah UPLUS 6-9 lat - Idealna do u\u017cytku w pomieszczeniach zamkni\u0119tych<\/h1>\n<p>Ten <strong>akumulator 2,3Ah<\/strong> przeznaczony jest do stosowania w pomieszczeniach zamkni\u0119tych klasy 1 o temperaturze otoczenia od +5\u00b0C do +40\u00b0C. Aby zoptymalizowa\u0107 \u017cywotno\u015b\u0107 baterii, zaleca si\u0119 temperatur\u0119 od +15\u00b0C do +25\u00b0C. Ten <strong>akumulator 2,3Ah<\/strong> jest bezobs\u0142ugowy i wykorzystuje technologi\u0119 AGM, dzi\u0119ki czemu jest niezawodny i \u0142atwy w obs\u0142udze.<\/p>\n<h3>Informacje o produkcie:<\/h3>\n<ul>\n<li><strong>Typ baterii:<\/strong> Bezobs\u0142ugowy akumulator AGM 12 V<\/li>\n<li><strong>Wydajno\u015b\u0107 przy 20\u00b0C:<\/strong> 2,24 Ah<\/li>\n<li><strong>Napi\u0119cie \u0142adowania na ogniwo:<\/strong> 13,65 V pr\u0105du sta\u0142ego +\/- 0,2 V<\/li>\n<li><strong>Maksymalny zalecany pr\u0105d \u0142adowania:<\/strong> 0,69A<\/li>\n<li><strong>Samoroz\u0142adowanie podczas przechowywania:<\/strong> 3 % wydajno\u015bci miesi\u0119cznie w temperaturze 20\u00b0C<\/li>\n<li><strong>D\u0142ugo\u015b\u0107 \u017cycia:<\/strong> 9 lat w 20\u00b0C, 6 lat w 25\u00b0C i 3 lata w 30\u00b0C<\/li>\n<li><strong>Wymiary:<\/strong> 178 x 35 x 66 mm<\/li>\n<li><strong>Waga:<\/strong> 1 kg<\/li>\n<\/ul>\n<p>Ten <strong>akumulator 2,3Ah<\/strong> posiada certyfikat CE i jest zgodny z obowi\u0105zuj\u0105cymi dyrektywami, takimi jak EMC 2014\/30EU i emisjami EN61000-6. Dzi\u0119ki szybkiej dostawie w ci\u0105gu zaledwie 2 dni i 12-miesi\u0119cznej gwarancji od daty produkcji mo\u017cesz by\u0107 pewien swojego zakupu.<\/p>\n<p>Bateria jest wyposa\u017cona w p\u0142askie styki 4,8 mm.<\/p>","protected":false},"excerpt":{"rendered":"<p><strong>Akumulator UPLUS 2.3 AGM 12V 6-9 lat \u017cywotno\u015bci<\/strong><\/p>\n<p>Akumulator UPLUS USL12-2.3 AGM zapewnia wysok\u0105 wydajno\u015b\u0107 i d\u0142ug\u0105 \u017cywotno\u015b\u0107 w wymagaj\u0105cych zastosowaniach. Dzi\u0119ki pojemno\u015bci 2,3 Ah i technologii AGM, akumulator ten jest bezobs\u0142ugowy i niezawodny w zastosowaniach przemys\u0142owych.<\/p>","protected":false},"featured_media":135875,"template":"","meta":{"_acf_changed":false},"product_brand":[],"product_cat":[1596],"product_tag":[2179],"class_list":{"0":"post-100322","1":"product","2":"type-product","3":"status-publish","4":"has-post-thumbnail","6":"product_cat-ackumulatorer-12v-agm-batterier","7":"product_tag-batteri-1-6-ah-2","8":"product_shipping_class-tunga-paket","9":"pa_brands-uplus","10":"tm-no-options","12":"first","13":"instock","14":"sale","15":"featured","16":"taxable","17":"shipping-taxable","18":"purchasable","19":"product-type-simple"},"acf":[],"_links":{"self":[{"href":"https:\/\/secureus.se\/pl\/wp-json\/wp\/v2\/product\/100322","targetHints":{"allow":["GET"]}}],"collection":[{"href":"https:\/\/secureus.se\/pl\/wp-json\/wp\/v2\/product"}],"about":[{"href":"https:\/\/secureus.se\/pl\/wp-json\/wp\/v2\/types\/product"}],"wp:featuredmedia":[{"embeddable":true,"href":"https:\/\/secureus.se\/pl\/wp-json\/wp\/v2\/media\/135875"}],"wp:attachment":[{"href":"https:\/\/secureus.se\/pl\/wp-json\/wp\/v2\/media?parent=100322"}],"wp:term":[{"taxonomy":"product_brand","embeddable":true,"href":"https:\/\/secureus.se\/pl\/wp-json\/wp\/v2\/product_brand?post=100322"},{"taxonomy":"product_cat","embeddable":true,"href":"https:\/\/secureus.se\/pl\/wp-json\/wp\/v2\/product_cat?post=100322"},{"taxonomy":"product_tag","embeddable":true,"href":"https:\/\/secureus.se\/pl\/wp-json\/wp\/v2\/product_tag?post=100322"}],"curies":[{"name":"wp","href":"https:\/\/api.w.org\/{rel}","templated":true}]}}