{"id":103549,"date":"2024-10-23T13:55:17","date_gmt":"2024-10-23T11:55:17","guid":{"rendered":"https:\/\/secureus.se\/larmdekal-premium-metallisk-look-sjalvhaftande-52x74mm\/"},"modified":"2026-04-21T20:46:16","modified_gmt":"2026-04-21T18:46:16","slug":"larmdekal-premium-metallisk-look-sjalvhaftande-52x74mm","status":"publish","type":"product","link":"https:\/\/secureus.se\/pl\/larmdekal-premium-metallisk-look-sjalvhaftande-52x74mm\/","title":{"rendered":"Naklejka alarmowa Premium - wygl\u0105d metaliczny - samoprzylepna - 52x74mm (A8)"},"content":{"rendered":"<p>Dzi\u0119ki naszej wysokiej jako\u015bci naklejce alarmowej o metalicznym wygl\u0105dzie mo\u017cesz chroni\u0107 sw\u00f3j dom lub firm\u0119 stylowo i funkcjonalnie. Ta samoprzylepna naklejka, wykonana z wytrzyma\u0142ego materia\u0142u PET, zapewnia wyj\u0105tkow\u0105 trwa\u0142o\u015b\u0107, kt\u00f3ra jest w stanie wytrzyma\u0107 zar\u00f3wno ekstremalne temperatury, jak i warunki pogodowe. Przejrzysty i przyci\u0105gaj\u0105cy wzrok projekt dzia\u0142a jako silny wizualny \u015brodek odstraszaj\u0105cy przed potencjalnymi pr\u00f3bami w\u0142ama\u0144.<\/p>\n<p><strong>Funkcje i zalety:<\/strong><\/p>\n<ul>\n<li><strong>Wysokiej jako\u015bci materia\u0142 PET<\/strong>: Zaprojektowane tak, aby wytrzyma\u0107 zu\u017cycie, idealne zar\u00f3wno do u\u017cytku wewn\u0105trz, jak i na zewn\u0105trz.<\/li>\n<li><strong>Metaliczny wygl\u0105d premium<\/strong>: Zapewnia profesjonalny i niezawodny wygl\u0105d, kt\u00f3ry wzmacnia bezpiecze\u0144stwo.<\/li>\n<li><strong>Podk\u0142ad samoprzylepny<\/strong>: \u0141atwy w monta\u017cu na dowolnej g\u0142adkiej powierzchni, takiej jak drzwi, okna lub \u015bciany.<\/li>\n<li><strong>Przejrzysty i przyci\u0105gaj\u0105cy wzrok design<\/strong>: Symbole alarmu antyw\u0142amaniowego, nadzoru kamer i dzia\u0142ania stra\u017cnik\u00f3w zapewniaj\u0105 wyra\u017any sygna\u0142 osobom nieupowa\u017cnionym.<\/li>\n<\/ul>\n<p><strong>Obszary zastosowania:<\/strong><\/p>\n<ul>\n<li><strong>Dom<\/strong>: Chro\u0144 rodzin\u0119 i mienie, umieszczaj\u0105c naklejk\u0119 przy wszystkich wej\u015bciach.<\/li>\n<li><strong>Biznes<\/strong>: Popraw bezpiecze\u0144stwo swojego miejsca pracy, zaznaczaj\u0105c krytyczne wej\u015bcia.<\/li>\n<li><strong>Sklepy i firmy<\/strong>: Zapewnij bezpiecze\u0144stwo klientom i pracownikom poprzez jasne oznakowanie \u015brodk\u00f3w bezpiecze\u0144stwa.<\/li>\n<\/ul>\n<p><strong>Specyfikacja techniczna:<\/strong><\/p>\n<ul>\n<li><strong>Tworzywo<\/strong>: PET (poliester)<\/li>\n<li><strong>Mierzy\u0107<\/strong>: 52x74mm<\/li>\n<li><strong>Projekt<\/strong>: Wygl\u0105d metaliczny, samoprzylepny<\/li>\n<\/ul>","protected":false},"excerpt":{"rendered":"<p>Ta naklejka alarmowa o metalicznym wygl\u0105dzie zosta\u0142a zaprojektowana, aby zapewni\u0107 maksymaln\u0105 widoczno\u015b\u0107 i bezpiecze\u0144stwo przy wa\u017cnych wej\u015bciach, takich jak drzwi i okna. Z wysokiej jako\u015bci materia\u0142u PET, kt\u00f3ry jest odblaskowy i dobrze widoczny.<\/p>","protected":false},"featured_media":134491,"template":"","meta":{"_acf_changed":false},"product_brand":[],"product_cat":[1323,2727],"product_tag":[3053],"class_list":{"0":"post-103549","1":"product","2":"type-product","3":"status-publish","4":"has-post-thumbnail","6":"product_cat-larmdekaler","7":"product_cat-larmdekaler-skyltar","8":"product_tag-nyhet","9":"product_shipping_class-dekaler-skyltar","10":"tm-no-options","12":"first","13":"instock","14":"featured","15":"taxable","16":"shipping-taxable","17":"purchasable","18":"product-type-simple"},"acf":[],"_links":{"self":[{"href":"https:\/\/secureus.se\/pl\/wp-json\/wp\/v2\/product\/103549","targetHints":{"allow":["GET"]}}],"collection":[{"href":"https:\/\/secureus.se\/pl\/wp-json\/wp\/v2\/product"}],"about":[{"href":"https:\/\/secureus.se\/pl\/wp-json\/wp\/v2\/types\/product"}],"wp:featuredmedia":[{"embeddable":true,"href":"https:\/\/secureus.se\/pl\/wp-json\/wp\/v2\/media\/134491"}],"wp:attachment":[{"href":"https:\/\/secureus.se\/pl\/wp-json\/wp\/v2\/media?parent=103549"}],"wp:term":[{"taxonomy":"product_brand","embeddable":true,"href":"https:\/\/secureus.se\/pl\/wp-json\/wp\/v2\/product_brand?post=103549"},{"taxonomy":"product_cat","embeddable":true,"href":"https:\/\/secureus.se\/pl\/wp-json\/wp\/v2\/product_cat?post=103549"},{"taxonomy":"product_tag","embeddable":true,"href":"https:\/\/secureus.se\/pl\/wp-json\/wp\/v2\/product_tag?post=103549"}],"curies":[{"name":"wp","href":"https:\/\/api.w.org\/{rel}","templated":true}]}}