{"id":107522,"date":"2024-11-04T14:55:49","date_gmt":"2024-11-04T13:55:49","guid":{"rendered":"https:\/\/secureus.se\/?post_type=product&#038;p=107522"},"modified":"2026-02-16T10:13:26","modified_gmt":"2026-02-16T09:13:26","slug":"dorrklocka-med-kamera-wifi-tuya-smart-app-rorelsedetektion-tvavagskommunikation","status":"publish","type":"product","link":"https:\/\/secureus.se\/pl\/dorrklocka-med-kamera-wifi-tuya-smart-app-rorelsedetektion-tvavagskommunikation\/","title":{"rendered":"Dzwonek z kamer\u0105 \u2013 WiFi, aplikacja Tuya Smart, wykrywanie ruchu i dwukierunkowa komunikacja"},"content":{"rendered":"<p>Nasz dzwonek do drzwi z kamer\u0105 to idealne rozwi\u0105zanie dla os\u00f3b poszukuj\u0105cych nowoczesnego i inteligentnego systemu nadzoru nad swoim domem. Wysoka rozdzielczo\u015b\u0107 gwarantuje wyra\u017any i ostry obraz bez wzgl\u0119du na por\u0119 dnia. Po\u0142\u0105czenie WiFi i kompatybilno\u015b\u0107 z aplikacj\u0105 Tuya Smart umo\u017cliwiaj\u0105 po\u0142\u0105czenie dzwonka bezpo\u015brednio ze smartfonem, dzi\u0119ki czemu zawsze wiesz, kto jest za drzwiami.<\/p>\n<p><strong>Je\u017celi kto\u015b zadzwoni do drzwi, w praktyce dzia\u0142a to w nast\u0119puj\u0105cy spos\u00f3b:<\/strong><\/p>\n<ul>\n<li>Dzwonek do drzwi zadzwoni sam (aby go\u015b\u0107 wiedzia\u0142, \u017ce dzwoni).<\/li>\n<li>Dzwonek wewn\u0119trzny (je\u015bli jest pod\u0142\u0105czony) r\u00f3wnie\u017c zadzwoni.<\/li>\n<li>W zale\u017cno\u015bci od wybranych ustawie\u0144, Tw\u00f3j telefon otrzyma powiadomienie i zadzwoni.<\/li>\n<\/ul>\n<h4><strong>Funkcje i zalety:<\/strong><\/h4>\n<ul>\n<li><strong>Dobry aparat<\/strong>:Uzyskaj wyra\u017ane obrazy i zobacz ka\u017cdy szczeg\u00f3\u0142 dzi\u0119ki wideo w wysokiej rozdzielczo\u015bci.<\/li>\n<li><strong>Po\u0142\u0105czenie Wi-Fi<\/strong>: Prosta instalacja i bezprzewodowe po\u0142\u0105czenie bezpo\u015brednio z sieci\u0105 Wi-Fi, bez konieczno\u015bci stosowania kabli.<\/li>\n<li><strong>Inteligentna aplikacja Tuya<\/strong>: Zarz\u0105dzaj i monitoruj dzwonek do drzwi z dowolnego miejsca za pomoc\u0105 przyjaznej dla u\u017cytkownika aplikacji Tuya, kt\u00f3ra obs\u0142uguje wideo w czasie rzeczywistym, powiadomienia push i nie tylko.<\/li>\n<li><strong>Wykrywanie ruchu<\/strong>: Wykrywa ruch i wysy\u0142a natychmiastowe powiadomienia na Tw\u00f3j smartfon, dzi\u0119ki czemu zawsze jeste\u015b na bie\u017c\u0105co, gdy kto\u015b zbli\u017ca si\u0119 do Twoich drzwi.<\/li>\n<li><strong>Komunikacja dwukierunkowa<\/strong>: Rozmawiaj bezpo\u015brednio z go\u015b\u0107mi dzi\u0119ki wbudowanemu mikrofonowi i g\u0142o\u015bnikowi, idealnemu do obs\u0142ugi dostaw lub wizyt, gdy nie ma Ci\u0119 w domu.<\/li>\n<li><strong>Ciemna wizja<\/strong>: Zobacz, co dzieje si\u0119 nawet w nocy, dzi\u0119ki o\u015bwietleniu na podczerwie\u0144, kt\u00f3re w\u0142\u0105cza si\u0119 automatycznie w ciemno\u015bci.<\/li>\n<li><strong>Szeroki k\u0105t<\/strong>: 120\u00b0<\/li>\n<li><strong>Bateria litowa<\/strong>:D\u0142ugi czas pracy baterii przy u\u017cyciu 2 baterii 18650, 4400 mA (mo\u017cliwo\u015b\u0107 \u0142adowania za pomoc\u0105 do\u0142\u0105czonego kabla Micro-USB)<\/li>\n<\/ul>\n<h4><strong>Pakiet zawiera:<\/strong><\/h4>\n<p><span data-teams=\"true\">1x Dzwonek z kamer\u0105<br \/>\n<\/span><span data-teams=\"true\">1x Uchwyt monta\u017cowy<br \/>\n1x Worek ze \u015brubami i ko\u0142kami<br \/>\n<\/span><span data-teams=\"true\">1x Naklejka pozycjonuj\u0105ca<br \/>\n1x Instrukcja i przewodnik instalacji<br \/>\n1x kabel USB<br \/>\n<\/span><span data-teams=\"true\">1x syrena\/dzwonek wewn\u0119trzny (pod\u0142\u0105czany przez USB, ca\u0142kowicie opcjonalny w u\u017cyciu, mo\u017cna regulowa\u0107 d\u017awi\u0119k i wybiera\u0107 spo\u015br\u00f3d r\u00f3\u017cnych dzwonk\u00f3w)<\/span><\/p>\n<h4><strong>Obszary zastosowania:<\/strong><\/h4>\n<ul>\n<li><strong>Dom i willa<\/strong>: Idealny dla w\u0142a\u015bcicieli dom\u00f3w, kt\u00f3rzy chc\u0105 mie\u0107 oko na sw\u00f3j przedpok\u00f3j, nawet gdy ich nie ma.<\/li>\n<li><strong>Mieszkanie<\/strong>: Inteligentny wyb\u00f3r zwi\u0119kszaj\u0105cy bezpiecze\u0144stwo i umo\u017cliwiaj\u0105cy \u0142atw\u0105 rozmow\u0119 z go\u015b\u0107mi.<\/li>\n<li><strong>Ma\u0142e firmy i sklepy<\/strong>: Proste i skuteczne rozwi\u0105zanie do ochrony wej\u015bcia i witania klient\u00f3w lub zarz\u0105dzania dostawami.<\/li>\n<\/ul>\n<h4><strong>Specyfikacja techniczna:<\/strong><\/h4>\n<ul>\n<li><strong>Rezolucja<\/strong>: Strumie\u0144 g\u0142\u00f3wny: 1024\u00d7720\/15fps, Strumie\u0144 pomocniczy: 640*360\/15fps<\/li>\n<li><strong>Zasilanie<\/strong>: Zasilanie bateryjne (mo\u017cna \u0142adowa\u0107)<\/li>\n<li><strong>Po\u0142\u0105czenie<\/strong>: Wi-Fi (2,4 GHz)<\/li>\n<li><strong>Aplikacja<\/strong>: Tuya Smart (iOS i Android)<\/li>\n<li><strong>Wykrywanie ruchu<\/strong>: Tak<\/li>\n<li><strong>Komunikacja dwukierunkowa<\/strong>: Tak<\/li>\n<li><strong>Ciemna wizja<\/strong>: Tak, o\u015bwietlenie podczerwone<\/li>\n<li><strong>Odporno\u015b\u0107 na temperatur\u0119<\/strong>: -20\u00b0C do +50\u00b0C<\/li>\n<li><strong>Wodoodporno\u015b\u0107<\/strong>: IP65<\/li>\n<li><strong>Szeroki k\u0105t<\/strong>: 120\u00b0<\/li>\n<\/ul>\n<h4><strong>Zalety kompatybilno\u015bci z Tuya:<\/strong><\/h4>\n<p>Kompatybilno\u015b\u0107 z aplikacj\u0105 Tuya Smart oznacza, \u017ce mo\u017cesz zintegrowa\u0107 ten dzwonek z kilkoma innymi inteligentnymi urz\u0105dzeniami domowymi, aby uzyska\u0107 bardziej sp\u00f3jny system bezpiecze\u0144stwa. Kontroluj wszystko, od kamer po alarmy, bezpo\u015brednio ze smartfona i uzyskaj pe\u0142ny przegl\u0105d swojego domu, gdziekolwiek jeste\u015b.<\/p>","protected":false},"excerpt":{"rendered":"<p>Zwi\u0119ksz bezpiecze\u0144stwo swojego wej\u015bcia dzi\u0119ki temu dzwonkowi z kamer\u0105. Dzi\u0119ki wysokiej jako\u015bci obrazu, po\u0142\u0105czeniu Wi-Fi i inteligentnej aplikacji kompatybilnej z Tuya mo\u017cesz \u0142atwo uzyska\u0107 dost\u0119p do transmisji wideo w czasie rzeczywistym i dwukierunkowej komunikacji bezpo\u015brednio na swoim telefonie kom\u00f3rkowym. Wbudowana funkcja wykrywania ruchu i tryb nocny zapewniaj\u0105 poczucie bezpiecze\u0144stwa zar\u00f3wno w dzie\u0144, jak i w nocy. Zupe\u0142nie bez subskrypcji!<\/p>","protected":false},"featured_media":133946,"template":"","meta":{"_acf_changed":false},"product_brand":[],"product_cat":[3228,1324,4180,4766,3371],"product_tag":[],"class_list":{"0":"post-107522","1":"product","2":"type-product","3":"status-publish","4":"has-post-thumbnail","6":"product_cat-dorrklockor","7":"product_cat-outlet","8":"product_cat-ringklocka-med-kamera","9":"product_cat-smart-dorrklocka","10":"product_cat-titthal-och-dorrogon","11":"pa_brands-securex","12":"tm-no-options","14":"first","15":"outofstock","16":"sale","17":"taxable","18":"shipping-taxable","19":"purchasable","20":"product-type-simple"},"acf":[],"_links":{"self":[{"href":"https:\/\/secureus.se\/pl\/wp-json\/wp\/v2\/product\/107522","targetHints":{"allow":["GET"]}}],"collection":[{"href":"https:\/\/secureus.se\/pl\/wp-json\/wp\/v2\/product"}],"about":[{"href":"https:\/\/secureus.se\/pl\/wp-json\/wp\/v2\/types\/product"}],"wp:featuredmedia":[{"embeddable":true,"href":"https:\/\/secureus.se\/pl\/wp-json\/wp\/v2\/media\/133946"}],"wp:attachment":[{"href":"https:\/\/secureus.se\/pl\/wp-json\/wp\/v2\/media?parent=107522"}],"wp:term":[{"taxonomy":"product_brand","embeddable":true,"href":"https:\/\/secureus.se\/pl\/wp-json\/wp\/v2\/product_brand?post=107522"},{"taxonomy":"product_cat","embeddable":true,"href":"https:\/\/secureus.se\/pl\/wp-json\/wp\/v2\/product_cat?post=107522"},{"taxonomy":"product_tag","embeddable":true,"href":"https:\/\/secureus.se\/pl\/wp-json\/wp\/v2\/product_tag?post=107522"}],"curies":[{"name":"wp","href":"https:\/\/api.w.org\/{rel}","templated":true}]}}