{"id":107541,"date":"2024-11-04T14:55:49","date_gmt":"2024-11-04T13:55:49","guid":{"rendered":"https:\/\/secureus.se\/?post_type=product&#038;p=107541"},"modified":"2026-04-07T14:02:21","modified_gmt":"2026-04-07T12:02:21","slug":"smart-wifi-dorrklocka-kamera-1080p","status":"publish","type":"product","link":"https:\/\/secureus.se\/pl\/smart-wifi-dorrklocka-kamera-1080p\/","title":{"rendered":"Inteligentny dzwonek do drzwi Wi-Fi z kamer\u0105 - 1080P, inteligentna aplikacja, wykrywanie ruchu"},"content":{"rendered":"<p>Inteligentny dzwonek do drzwi Wi-Fi z kamer\u0105 to doskona\u0142y dodatek do domowego systemu bezpiecze\u0144stwa. Rejestruje krystalicznie czyste filmy FHD 1080P za pomoc\u0105 czujnika CMOS 2,0 MP i imponuj\u0105co szerokiego k\u0105ta widzenia 170\u00b0, zapewniaj\u0105c kompleksowy przegl\u0105d wprowadzanych danych. Dzwonek do drzwi \u0142\u0105czy si\u0119 z aplikacj\u0105 Tuya za po\u015brednictwem Wi-Fi 2,4 GHz, co pozwala kontrolowa\u0107 i monitorowa\u0107 dom bezpo\u015brednio ze smartfona, niezale\u017cnie od tego, gdzie si\u0119 znajdujesz.<\/p>\n<h4>Zalety i funkcje<\/h4>\n<ul>\n<li><strong>Wideo w wysokiej rozdzielczo\u015bci:<\/strong> Rozdzielczo\u015b\u0107 Full HD 1080P zapewnia ostre i wyra\u017ane obrazy.<\/li>\n<li><strong>Szeroki k\u0105t widzenia:<\/strong> Uchwy\u0107 szerszy widok obszaru za drzwiami pod k\u0105tem 170\u00b0.<\/li>\n<li><strong>Detekcja ruchu PIR:<\/strong> Czujnik wykrywa ruch i wysy\u0142a natychmiastowe powiadomienia na Tw\u00f3j smartfon za po\u015brednictwem aplikacji Tuya.<\/li>\n<li><strong>Inteligentna obs\u0142uga aplikacji:<\/strong> Kompatybilny z aplikacj\u0105 Tuya Smart, dzi\u0119ki czemu mo\u017cesz \u0142atwo monitorowa\u0107 i zarz\u0105dza\u0107 dzwonkiem, gdziekolwiek jeste\u015b.<\/li>\n<li><strong>Przechowywanie w chmurze:<\/strong> Opcja przechowywania nagra\u0144 wideo w chmurze dla dodatkowego bezpiecze\u0144stwa.<\/li>\n<li><strong>Po\u0142\u0105czenie bezprzewodowe:<\/strong> Wykorzystuje Wi-Fi 2,4 GHz, co oznacza, \u017ce nie potrzebujesz dodatkowych kabli do instalacji.<\/li>\n<\/ul>\n<h4>Specyfikacja techniczna<\/h4>\n<ul>\n<li><strong>Czujnik obrazu:<\/strong> CMOS 2,0 MP<\/li>\n<li><strong>Rezolucja:<\/strong> Pe\u0142na rozdzielczo\u015b\u0107 1080p<\/li>\n<li><strong>K\u0105t widzenia:<\/strong> Szeroki widok 170\u00b0<\/li>\n<li><strong>Przechowywanie danych:<\/strong> Przechowywanie w chmurze<\/li>\n<li><strong>Kompresja wideo:<\/strong> MJPEG<\/li>\n<li><strong>Aktualny:<\/strong> Akumulator 18650<\/li>\n<li><strong>Po\u0142\u0105czenie Wi-Fi:<\/strong> 2,4 GHz<\/li>\n<li><strong>Zgodno\u015b\u0107 aplikacji:<\/strong> Tuya SmartLife<\/li>\n<\/ul>\n<p><strong>Obszary zastosowania:<\/strong><br \/>\nIdealny do dom\u00f3w, mieszka\u0144 i ma\u0142ych firm poszukuj\u0105cych niezawodnego i inteligentnego rozwi\u0105zania dzwonkowego. Jest specjalnie zaprojektowany dla tych, kt\u00f3rzy oczekuj\u0105 \u0142atwej instalacji i mo\u017cliwo\u015bci zdalnego monitorowania wej\u015b\u0107 za pomoc\u0105 telefonu kom\u00f3rkowego.<\/p>","protected":false},"excerpt":{"rendered":"<p>Ten inteligentny dzwonek do drzwi z kamer\u0105 Wi-Fi oferuje obraz w wysokiej rozdzielczo\u015bci 1080P, szeroki k\u0105t widzenia 170\u00b0 i \u0142atwo \u0142\u0105czy si\u0119 z aplikacj\u0105 Tuya, zapewniaj\u0105c bezproblemow\u0105 obs\u0142ug\u0119. Dzi\u0119ki funkcji wykrywania i nagrywania ruchu PIR ten dzwonek do drzwi idealnie nadaje si\u0119 do poprawy bezpiecze\u0144stwa w domu.<\/p>","protected":false},"featured_media":133958,"template":"","meta":{"_acf_changed":false},"product_brand":[],"product_cat":[5124,3228,5126,1324,4180,4766,3371],"product_tag":[],"class_list":{"0":"post-107541","1":"product","2":"type-product","3":"status-publish","4":"has-post-thumbnail","6":"product_cat-batteridrivna-overvakningskameror","7":"product_cat-dorrklockor","8":"product_cat-natverkskameror","9":"product_cat-outlet","10":"product_cat-ringklocka-med-kamera","11":"product_cat-smart-dorrklocka","12":"product_cat-titthal-och-dorrogon","13":"pa_brands-securex","14":"tm-no-options","16":"first","17":"instock","18":"sale","19":"taxable","20":"shipping-taxable","21":"purchasable","22":"product-type-simple"},"acf":[],"_links":{"self":[{"href":"https:\/\/secureus.se\/pl\/wp-json\/wp\/v2\/product\/107541","targetHints":{"allow":["GET"]}}],"collection":[{"href":"https:\/\/secureus.se\/pl\/wp-json\/wp\/v2\/product"}],"about":[{"href":"https:\/\/secureus.se\/pl\/wp-json\/wp\/v2\/types\/product"}],"wp:featuredmedia":[{"embeddable":true,"href":"https:\/\/secureus.se\/pl\/wp-json\/wp\/v2\/media\/133958"}],"wp:attachment":[{"href":"https:\/\/secureus.se\/pl\/wp-json\/wp\/v2\/media?parent=107541"}],"wp:term":[{"taxonomy":"product_brand","embeddable":true,"href":"https:\/\/secureus.se\/pl\/wp-json\/wp\/v2\/product_brand?post=107541"},{"taxonomy":"product_cat","embeddable":true,"href":"https:\/\/secureus.se\/pl\/wp-json\/wp\/v2\/product_cat?post=107541"},{"taxonomy":"product_tag","embeddable":true,"href":"https:\/\/secureus.se\/pl\/wp-json\/wp\/v2\/product_tag?post=107541"}],"curies":[{"name":"wp","href":"https:\/\/api.w.org\/{rel}","templated":true}]}}