{"id":107545,"date":"2024-11-04T14:55:48","date_gmt":"2024-11-04T13:55:48","guid":{"rendered":"https:\/\/secureus.se\/?post_type=product&#038;p=107545"},"modified":"2026-04-07T14:02:14","modified_gmt":"2026-04-07T12:02:14","slug":"dorrklocka-med-kamera-smart-video-intercom-system-1080p-hd-med-tuya-stod","status":"publish","type":"product","link":"https:\/\/secureus.se\/pl\/dorrklocka-med-kamera-smart-video-intercom-system-1080p-hd-med-tuya-stod\/","title":{"rendered":"Dzwonek do drzwi z kamer\u0105 - 1080P HD - aplikacja Tuya Smart"},"content":{"rendered":"<p>Ten inteligentny dzwonek do drzwi z kamer\u0105 \u0142\u0105czy wygod\u0119 i bezpiecze\u0144stwo, idealny do dom\u00f3w i ma\u0142ych firm. Dzi\u0119ki kamerze HD o rozdzielczo\u015bci 2 MP i szerokiemu k\u0105towi widzenia 166\u00b0 rejestruje wyra\u017ane zdj\u0119cia i filmy w wysokiej rozdzielczo\u015bci. Dzwonek jest kompatybilny z <strong>Tuya Inteligentna<\/strong>aplikacja, kt\u00f3ra umo\u017cliwia zdalne monitorowanie i sterowanie z poziomu telefonu kom\u00f3rkowego. Oto niekt\u00f3re z g\u0142\u00f3wnych funkcji:<\/p>\n<h4><strong>Funkcje i zalety<\/strong><\/h4>\n<ul>\n<li><strong>Kamera Full HD 1080P<\/strong>: R\u00f3b ostre i wyra\u017ane obrazy dzi\u0119ki rozdzielczo\u015bci 2,0 MP FHD1080P, co u\u0142atwia identyfikacj\u0119 go\u015bci.<\/li>\n<li><strong>Detekcja ruchu za pomoc\u0105 czujnika PIR<\/strong>: Wykrywa ruch przed dzwonkiem do drzwi i wysy\u0142a powiadomienia bezpo\u015brednio na smartfon za po\u015brednictwem aplikacji Tuya.<\/li>\n<li><strong>Komunikacja dwukierunkowa<\/strong>: Zintegrowany mikrofon i g\u0142o\u015bnik umo\u017cliwia komunikacj\u0119 z go\u015b\u0107mi w czasie rzeczywistym.<\/li>\n<li><strong>D\u0142ugi czas pracy baterii<\/strong>: Wyposa\u017cony w akumulator 18650 zapewniaj\u0105cy d\u0142ugi czas pracy i umo\u017cliwiaj\u0105cy \u0142adowanie za pomoc\u0105 panelu s\u0142onecznego lub USB.<\/li>\n<li><strong>Solidna konstrukcja<\/strong>: Zaprojektowany do u\u017cytku na zewn\u0105trz, jest odporny na warunki atmosferyczne i wytrzymuje zar\u00f3wno deszcz, jak i s\u0142o\u0144ce.<\/li>\n<li><strong>Sk\u0142adowanie<\/strong>: Obs\u0142uguje karty pami\u0119ci o pojemno\u015bci do 64 GB (MicroSD, sprzedawane oddzielnie) i opcjonalnie oferuje tak\u017ce przechowywanie w chmurze.<\/li>\n<li><strong>Szeroki k\u0105t<\/strong>: 166\u00b0<\/li>\n<\/ul>\n<h4><strong>Obszary zastosowa\u0144<\/strong><\/h4>\n<ul>\n<li><strong>Domy i apartamenty<\/strong>: Idealny do monitorowania wej\u015b\u0107, drzwi wej\u015bciowych i otrzymywania powiadomie\u0144, gdy kto\u015b si\u0119 zbli\u017ca.<\/li>\n<li><strong>Ma\u0142y biznes<\/strong>: Pilnuj wej\u015bcia do swojej firmy, aby zapewni\u0107 sobie dodatkowe bezpiecze\u0144stwo, nawet gdy Ci\u0119 tam nie ma.<\/li>\n<\/ul>\n<h4><strong>Dane techniczne<\/strong><\/h4>\n<ul>\n<li><strong>Rozdzielczo\u015b\u0107 wideo<\/strong>: 1080P (2MP)<\/li>\n<li><strong>K\u0105t widzenia<\/strong>: 166\u00b0<\/li>\n<li><strong>\u0179r\u00f3d\u0142o zasilania<\/strong>: Akumulator 18650<\/li>\n<li><strong>Po\u0142\u0105czenie<\/strong>: Wi-Fi (2,4 GHz)<\/li>\n<li><strong>Aplikacja<\/strong>: Tuya Smart (iOS\/Android)<\/li>\n<li><strong>Pojemno\u015b\u0107 pami\u0119ci<\/strong>: Karta MicroSD do 64 GB<\/li>\n<li><strong>Waga<\/strong>: 0,76 kg<\/li>\n<li><strong>Rozmiar opakowania<\/strong>: 35 x 25 x 15 cm<\/li>\n<\/ul>","protected":false},"excerpt":{"rendered":"<p>Popraw bezpiecze\u0144stwo swojego domu dzi\u0119ki inteligentnemu dzwonkowi do drzwi z kamer\u0105, kt\u00f3ry oferuje wideo 1080P HD, wykrywanie ruchu i dwukierunkowy d\u017awi\u0119k. Dzi\u0119ki obs\u0142udze aplikacji Tuya mo\u017cesz \u0142atwo zarz\u0105dza\u0107 urz\u0105dzeniem bezpo\u015brednio ze swojego telefonu kom\u00f3rkowego, co u\u0142atwia \u015bledzenie go\u015bci nawet wtedy, gdy nie ma Ci\u0119 w domu.<\/p>","protected":false},"featured_media":133965,"template":"","meta":{"_acf_changed":false},"product_brand":[],"product_cat":[5124,3228,5126,1324,4180,4766,3371],"product_tag":[],"class_list":{"0":"post-107545","1":"product","2":"type-product","3":"status-publish","4":"has-post-thumbnail","6":"product_cat-batteridrivna-overvakningskameror","7":"product_cat-dorrklockor","8":"product_cat-natverkskameror","9":"product_cat-outlet","10":"product_cat-ringklocka-med-kamera","11":"product_cat-smart-dorrklocka","12":"product_cat-titthal-och-dorrogon","13":"pa_brands-securex","14":"tm-no-options","16":"first","17":"instock","18":"sale","19":"taxable","20":"shipping-taxable","21":"purchasable","22":"product-type-simple"},"acf":[],"_links":{"self":[{"href":"https:\/\/secureus.se\/pl\/wp-json\/wp\/v2\/product\/107545","targetHints":{"allow":["GET"]}}],"collection":[{"href":"https:\/\/secureus.se\/pl\/wp-json\/wp\/v2\/product"}],"about":[{"href":"https:\/\/secureus.se\/pl\/wp-json\/wp\/v2\/types\/product"}],"wp:featuredmedia":[{"embeddable":true,"href":"https:\/\/secureus.se\/pl\/wp-json\/wp\/v2\/media\/133965"}],"wp:attachment":[{"href":"https:\/\/secureus.se\/pl\/wp-json\/wp\/v2\/media?parent=107545"}],"wp:term":[{"taxonomy":"product_brand","embeddable":true,"href":"https:\/\/secureus.se\/pl\/wp-json\/wp\/v2\/product_brand?post=107545"},{"taxonomy":"product_cat","embeddable":true,"href":"https:\/\/secureus.se\/pl\/wp-json\/wp\/v2\/product_cat?post=107545"},{"taxonomy":"product_tag","embeddable":true,"href":"https:\/\/secureus.se\/pl\/wp-json\/wp\/v2\/product_tag?post=107545"}],"curies":[{"name":"wp","href":"https:\/\/api.w.org\/{rel}","templated":true}]}}