{"id":108268,"date":"2024-11-06T14:55:39","date_gmt":"2024-11-06T13:55:39","guid":{"rendered":"https:\/\/secureus.se\/?post_type=product&#038;p=108268"},"modified":"2026-04-23T21:43:38","modified_gmt":"2026-04-23T19:43:38","slug":"ljuslist-20cm-led-lampa-rorelsesensor-garderobsbelysning","status":"publish","type":"product","link":"https:\/\/secureus.se\/pl\/ljuslist-20cm-led-lampa-rorelsesensor-garderobsbelysning\/","title":{"rendered":"Listwa \u015bwietlna Lampa LED 20CM z czujnikiem ruchu - idealne o\u015bwietlenie szafy i szafki"},"content":{"rendered":"<p>Lampa LED Light Strip 20CM z czujnikiem ruchu przeznaczona jest do dyskretnego i wydajnego o\u015bwietlenia szaf, szafek oraz innych trudno dost\u0119pnych miejsc. Dzi\u0119ki kompaktowej d\u0142ugo\u015bci 20 cm i smuk\u0142ej konstrukcji wtapia si\u0119 w wi\u0119kszo\u015b\u0107 \u015brodowisk i zajmuje minimaln\u0105 przestrze\u0144.<\/p>\n<p><strong>Funkcje i zalety:<\/strong><\/p>\n<ul>\n<li><strong>Czujnik ruchu<\/strong>: W\u0142\u0105cza si\u0119 automatycznie po wykryciu ruchu i wy\u0142\u0105cza si\u0119 po chwili, oszcz\u0119dzaj\u0105c energi\u0119.<\/li>\n<li><strong>Technologia LED<\/strong>: D\u0142uga \u017cywotno\u015b\u0107 i niskie zu\u017cycie energii.<\/li>\n<li><strong>\u0141atwy w instalacji<\/strong>: Wyposa\u017cony w mocowanie magnetyczne, kt\u00f3re u\u0142atwia mocowanie listwy \u015bwietlnej bez \u015brub i kabli.<\/li>\n<li><strong>\u0141adowanie USB<\/strong>: Mo\u017cna \u0142adowa\u0107 przez USB, wi\u0119c nie trzeba wymienia\u0107 baterii. Przyjazny dla \u015brodowiska.<\/li>\n<li><strong>Idealny do o\u015bwietlenia garderoby i o\u015bwietlenia szafek<\/strong>: Idealny do ma\u0142ych pomieszcze\u0144, gdzie potrzebne jest o\u015bwietlenie, ale zwyk\u0142e lampy s\u0105 niepraktyczne.<\/li>\n<\/ul>\n<p><strong>Dane techniczne:<\/strong><\/p>\n<ul>\n<li><strong>D\u0142ugo\u015b\u0107<\/strong>: 20CM<\/li>\n<li><strong>Odleg\u0142o\u015b\u0107 wykrywania<\/strong>: Do 3 metr\u00f3w<\/li>\n<li><strong>K\u0105t czujnika ruchu<\/strong>: 120 stopni<\/li>\n<li><strong>Jasny kolor<\/strong>: Wybierz pomi\u0119dzy ciep\u0142ym lub ch\u0142odnym o\u015bwietleniem<\/li>\n<li><strong>Pojemno\u015b\u0107 baterii<\/strong>: 600 mAh, dzia\u0142a do 30 dni na \u0142adowaniu (w trybie czujnika)<\/li>\n<li><strong>Tworzywo<\/strong>: Aluminium + PC<\/li>\n<li><strong>Port \u0142adowania<\/strong>: USB typu C<\/li>\n<li><strong>Pakiet zawiera:<\/strong> 1 listwa o\u015bwietleniowa, 2 magnetyczne p\u0142ytki mocuj\u0105ce, kabel \u0142aduj\u0105cy USB-C, instrukcja obs\u0142ugi<\/li>\n<\/ul>\n<p>Dzi\u0119ki tej listwie \u015bwietlnej z \u0142atwo\u015bci\u0105 poprawisz o\u015bwietlenie swoich szaf i szafek, czyni\u0105c je bardziej praktycznymi i energooszcz\u0119dnymi. Niezale\u017cnie od tego, czy szukasz o\u015bwietlenia szafki, czy chcesz o\u015bwietlenia LED z czujnikiem ruchu do innych ciemnych pomieszcze\u0144, ta listwa \u015bwietlna jest idealnym wyborem.<\/p>","protected":false},"excerpt":{"rendered":"<p>Elastyczna i energooszcz\u0119dna listwa \u015bwietlna o d\u0142ugo\u015bci 20CM z diodami LED i wbudowanym czujnikiem ruchu. Idealny do szaf, szafek i innych pomieszcze\u0144, w kt\u00f3rych potrzebne jest dodatkowe o\u015bwietlenie. W\u0142\u0105cza si\u0119 automatycznie po wykryciu ruchu, dzi\u0119ki czemu idealnie nadaje si\u0119 do ciemnych pomieszcze\u0144. \u0141atwy w instalacji dzi\u0119ki mocowaniu magnetycznemu i \u0142adowaniu przez USB.<\/p>","protected":false},"featured_media":134798,"template":"","meta":{"_acf_changed":false},"product_brand":[],"product_cat":[4181],"product_tag":[],"class_list":{"0":"post-108268","1":"product","2":"type-product","3":"status-publish","4":"has-post-thumbnail","6":"product_cat-belysning","7":"product_shipping_class-postnord-varubrev","8":"pa_brands-secureus","9":"tm-no-options","11":"first","12":"instock","13":"sale","14":"taxable","15":"shipping-taxable","16":"purchasable","17":"product-type-simple"},"acf":[],"_links":{"self":[{"href":"https:\/\/secureus.se\/pl\/wp-json\/wp\/v2\/product\/108268","targetHints":{"allow":["GET"]}}],"collection":[{"href":"https:\/\/secureus.se\/pl\/wp-json\/wp\/v2\/product"}],"about":[{"href":"https:\/\/secureus.se\/pl\/wp-json\/wp\/v2\/types\/product"}],"wp:featuredmedia":[{"embeddable":true,"href":"https:\/\/secureus.se\/pl\/wp-json\/wp\/v2\/media\/134798"}],"wp:attachment":[{"href":"https:\/\/secureus.se\/pl\/wp-json\/wp\/v2\/media?parent=108268"}],"wp:term":[{"taxonomy":"product_brand","embeddable":true,"href":"https:\/\/secureus.se\/pl\/wp-json\/wp\/v2\/product_brand?post=108268"},{"taxonomy":"product_cat","embeddable":true,"href":"https:\/\/secureus.se\/pl\/wp-json\/wp\/v2\/product_cat?post=108268"},{"taxonomy":"product_tag","embeddable":true,"href":"https:\/\/secureus.se\/pl\/wp-json\/wp\/v2\/product_tag?post=108268"}],"curies":[{"name":"wp","href":"https:\/\/api.w.org\/{rel}","templated":true}]}}