{"id":108281,"date":"2026-01-30T14:48:29","date_gmt":"2026-01-30T13:48:29","guid":{"rendered":"https:\/\/secureus.se\/?post_type=product&#038;p=108281"},"modified":"2026-05-01T11:48:00","modified_gmt":"2026-05-01T09:48:00","slug":"ljuslist-40cm-led-lampa-med-rorelsesensor-perfekt-garderobsbelysning-och-skapbelysning","status":"publish","type":"product","link":"https:\/\/secureus.se\/pl\/ljuslist-40cm-led-lampa-med-rorelsesensor-perfekt-garderobsbelysning-och-skapbelysning\/","title":{"rendered":"Listwa \u015bwietlna Lampa LED 40CM z czujnikiem ruchu - idealne o\u015bwietlenie szafy i szafki"},"content":{"rendered":"<p>Ta 40-centymetrowa ta\u015bma LED z czujnikiem ruchu to idealne rozwi\u0105zanie, aby doda\u0107 dodatkowe \u015bwiat\u0142o do szaf, schowk\u00f3w lub innych ciemnych pomieszcze\u0144. Jej ultrasmuk\u0142a konstrukcja sprawia, \u017ce \u0142atwo si\u0119 wtapia i zajmuje minimaln\u0105 ilo\u015b\u0107 miejsca, a zaawansowane czujniki gwarantuj\u0105, \u017ce \u015bwiat\u0142o w\u0142\u0105cza si\u0119 tylko wtedy, gdy jest potrzebne. Dzi\u0119ki regulowanej jasno\u015bci tworzy odpowiedni\u0105 atmosfer\u0119 na ka\u017cd\u0105 okazj\u0119.<\/p>\n<p><strong>Funkcje i zalety:<\/strong><\/p>\n<ul>\n<li><strong>Czujnik ruchu z czu\u0142o\u015bci\u0105 na \u015bwiat\u0142o:<\/strong> W\u0142\u0105cza si\u0119 automatycznie w przypadku wykrycia ruchu, gdy o\u015bwietlenie otoczenia jest ciemne, i wy\u0142\u0105cza si\u0119, gdy nikogo nie ma w pobli\u017cu.<\/li>\n<li><strong>Cienka i stylowa konstrukcja:<\/strong> Wykonane z wytrzyma\u0142ego aluminium i materia\u0142u PC, idealne do dyskretnego umieszczenia.<\/li>\n<li><strong>Regulowana jasno\u015b\u0107:<\/strong> D\u0142ugie naci\u015bni\u0119cie przycisku reguluje jasno\u015b\u0107 tak, aby uzyska\u0107 dok\u0142adnie takie \u015bwiat\u0142o, jakie chcesz.<\/li>\n<li><strong>D\u0142ugi czas pracy baterii:<\/strong> Bateria litowa 1100 mAh, kt\u00f3ra wytrzymuje do 30 dni w trybie czujnika. Mo\u017cna go \u0142adowa\u0107 ponad 500 razy przez USB-C.<\/li>\n<li><strong>Elastyczna instalacja:<\/strong> \u0141atwy monta\u017c za pomoc\u0105 zapi\u0119\u0107 magnetycznych. \u0141atwe mocowanie do \u017c\u0105danej powierzchni za pomoc\u0105 samoprzylepnych p\u0142ytek.<\/li>\n<\/ul>\n<p><strong>Dane techniczne:<\/strong><\/p>\n<ul>\n<li><strong>Rozmiar produktu:<\/strong> 40<em>1.2<\/em>400mm<\/li>\n<li><strong>Tworzywo:<\/strong> Aluminium<\/li>\n<li><strong>\u0141adowanie USB:<\/strong> Typ C<\/li>\n<li><strong>Pojemno\u015b\u0107 baterii:<\/strong> Bateria litowa 1500 mAh<\/li>\n<li><strong>Liczba diod LED:<\/strong> 70 sztuk<\/li>\n<li><strong>Odleg\u0142o\u015b\u0107 wykrywania:<\/strong> Do 3 metr\u00f3w, przy k\u0105cie indukcji 120\u00b0<\/li>\n<li><strong>Jasny kolor:<\/strong> Na gor\u0105co lub na zimno (opcjonalnie)<\/li>\n<li><strong>Pakiet zawiera:<\/strong> 1 listwa o\u015bwietleniowa, 2 magnetyczne p\u0142ytki mocuj\u0105ce, kabel \u0142aduj\u0105cy USB-C, instrukcja obs\u0142ugi<\/li>\n<\/ul>\n<p><strong>Obszary zastosowania:<\/strong><br \/>\nIdealny do szaf, szafek, kuchni, piwnic i innych pomieszcze\u0144 wymagaj\u0105cych dodatkowego \u015bwiat\u0142a. Mo\u017ce by\u0107 r\u00f3wnie\u017c stosowana w domowych biurach lub jako o\u015bwietlenie nocne dzi\u0119ki regulowanej jasno\u015bci i czujnikowi ruchu.<\/p>\n<p><strong>Zalety listwy \u015bwietlnej 40CM:<\/strong><\/p>\n<ul>\n<li>Bardziej wszechstronne o\u015bwietlenie ni\u017c mniejsze modele, dzi\u0119ki d\u0142ugo\u015bci 40 cm i 70 diodom LED.<\/li>\n<li>Wi\u0119ksza pojemno\u015b\u0107 baterii (1500 mAh) zapewnia d\u0142u\u017cszy czas u\u017cytkowania pomi\u0119dzy \u0142adowaniami.<\/li>\n<li>Nadaje si\u0119 do wi\u0119kszych pomieszcze\u0144, kt\u00f3re wymagaj\u0105 wi\u0119cej \u015bwiat\u0142a.<\/li>\n<\/ul>","protected":false},"excerpt":{"rendered":"<p>Ultracienka i mocna listwa \u015bwietlna o d\u0142ugo\u015bci 40 cm z czujnikiem ruchu, idealna do szaf, szafek i innych pomieszcze\u0144, w kt\u00f3rych potrzebne jest dodatkowe o\u015bwietlenie. Wyposa\u017cony w 70 diod LED zapewniaj\u0105cych mocne i r\u00f3wnomierne o\u015bwietlenie oraz regulowan\u0105 jasno\u015b\u0107. \u0141atwa instalacja dzi\u0119ki mocowaniu magnetycznemu i \u0142adowaniu przez USB.<\/p>","protected":false},"featured_media":134784,"template":"","meta":{"_acf_changed":false},"product_brand":[],"product_cat":[4181],"product_tag":[],"class_list":{"0":"post-108281","1":"product","2":"type-product","3":"status-publish","4":"has-post-thumbnail","6":"product_cat-belysning","7":"product_shipping_class-tunga-paket","8":"pa_brands-secureus","9":"tm-no-options","11":"first","12":"instock","13":"sale","14":"featured","15":"taxable","16":"shipping-taxable","17":"purchasable","18":"product-type-simple"},"acf":[],"_links":{"self":[{"href":"https:\/\/secureus.se\/pl\/wp-json\/wp\/v2\/product\/108281","targetHints":{"allow":["GET"]}}],"collection":[{"href":"https:\/\/secureus.se\/pl\/wp-json\/wp\/v2\/product"}],"about":[{"href":"https:\/\/secureus.se\/pl\/wp-json\/wp\/v2\/types\/product"}],"wp:featuredmedia":[{"embeddable":true,"href":"https:\/\/secureus.se\/pl\/wp-json\/wp\/v2\/media\/134784"}],"wp:attachment":[{"href":"https:\/\/secureus.se\/pl\/wp-json\/wp\/v2\/media?parent=108281"}],"wp:term":[{"taxonomy":"product_brand","embeddable":true,"href":"https:\/\/secureus.se\/pl\/wp-json\/wp\/v2\/product_brand?post=108281"},{"taxonomy":"product_cat","embeddable":true,"href":"https:\/\/secureus.se\/pl\/wp-json\/wp\/v2\/product_cat?post=108281"},{"taxonomy":"product_tag","embeddable":true,"href":"https:\/\/secureus.se\/pl\/wp-json\/wp\/v2\/product_tag?post=108281"}],"curies":[{"name":"wp","href":"https:\/\/api.w.org\/{rel}","templated":true}]}}