{"id":108818,"date":"2022-11-21T17:14:14","date_gmt":"2022-11-21T16:14:14","guid":{"rendered":"https:\/\/secureus.se\/powermaster-pm-360r-control-visonic\/"},"modified":"2026-03-27T10:24:38","modified_gmt":"2026-03-27T09:24:38","slug":"visonic-powermaster-360r-centralenhet-tradlos","status":"publish","type":"product","link":"https:\/\/secureus.se\/pl\/visonic-powermaster-360r-centralenhet-tradlos\/","title":{"rendered":"Jednostka centralna Visonic PowerMaster 360R \u2013 4G, Wi-Fi i Ethernet"},"content":{"rendered":"<h3 data-start=\"771\" data-end=\"836\"><strong data-start=\"771\" data-end=\"834\">Visonic PowerMaster 360R \u2013 kompleksowe rozwi\u0105zanie bezpiecze\u0144stwa<\/strong><\/h3>\n<p data-start=\"838\" data-end=\"1096\">Visonic PowerMaster 360R to zaawansowana jednostka centralna \u0142\u0105cz\u0105ca <strong data-start=\"907\" data-end=\"937\">bezpiecze\u0144stwo i automatyka domowa<\/strong> w jednym systemie.<br data-start=\"956\" data-end=\"959\" \/>Z wbudowan\u0105 obs\u0142ug\u0105 <strong data-start=\"980\" data-end=\"1006\">4G, Wi-Fi i Ethernet<\/strong> i technologii PowerG otrzymujesz niezawodne i elastyczne rozwi\u0105zanie do zastosowa\u0144 domowych i biznesowych.<\/p>\n<p data-start=\"1098\" data-end=\"1500\"><strong data-start=\"1100\" data-end=\"1120\">Pe\u0142na integracja<\/strong> \u2013 obs\u0142uga ponad 120 urz\u0105dze\u0144, w tym kamer, czujnik\u00f3w i pilot\u00f3w.<br data-start=\"1198\" data-end=\"1201\" \/><strong data-start=\"1203\" data-end=\"1223\">\u0141atwy w u\u017cyciu<\/strong> \u2013 ekran dotykowy i zdalne sterowanie za pomoc\u0105 aplikacji mobilnej.<br data-start=\"1266\" data-end=\"1269\" \/><strong data-start=\"1271\" data-end=\"1291\">Bezpiecze\u0144stwo w centrum uwagi<\/strong> \u2013 Technologia PowerG z szyfrowaniem AES-128 zapewniaj\u0105ca maksymalne bezpiecze\u0144stwo.<br data-start=\"1352\" data-end=\"1355\" \/><strong data-start=\"1357\" data-end=\"1375\">Automatyka domowa<\/strong> \u2013 kompatybilny z urz\u0105dzeniami Z-Wave i po\u0142\u0105czeniem Wi-Fi.<br data-start=\"1429\" data-end=\"1432\" \/><strong data-start=\"1434\" data-end=\"1452\">Bezpiecze\u0144stwo operacyjne<\/strong> \u2013 wbudowana syrena i 12 godzin pracy na baterii.<\/p>\n<p data-start=\"1502\" data-end=\"1619\">Idealne dla dom\u00f3w oraz ma\u0142ych i \u015brednich przedsi\u0119biorstw, urz\u0105dzenie PowerMaster 360R zapewnia solidn\u0105 ochron\u0119 i p\u0142ynn\u0105 kontrol\u0119.<\/p>\n<h4 data-start=\"1621\" data-end=\"1824\"><strong data-start=\"1621\" data-end=\"1655\">Zgodno\u015b\u0107 i aktualizacja:<\/strong><\/h4>\n<p data-start=\"1621\" data-end=\"1824\">Masz ju\u017c Powermastera 10, a mo\u017ce rozwa\u017casz modernizacj\u0119? PowerMaster 360R jest kompatybilny ze wszystkimi urz\u0105dzeniami bezprzewodowymi. <strong data-start=\"1764\" data-end=\"1792\">Produkty Visonic PowerG<\/strong>, co u\u0142atwia przej\u015bcie. Uwaga: dotyczy to wersji szwedzkiej i europejskiej. Je\u015bli posiadasz urz\u0105dzenia z Wielkiej Brytanii, USA lub spoza Europy, nie b\u0119d\u0105 one kompatybilne z wersj\u0105 europejsk\u0105.<\/p>\n<p>&nbsp;<\/p>","protected":false},"excerpt":{"rendered":"<p>Visonic PowerMaster 360R to kompletny, bezprzewodowy panel sterowania z wbudowan\u0105 obs\u0142ug\u0105 4G, Wi-Fi i Ethernetu. \u0141\u0105czy zaawansowane zabezpieczenia z automatyk\u0105 domow\u0105 i jest kompatybilny z ponad 120 urz\u0105dzeniami.<\/p>","protected":false},"featured_media":141330,"template":"","meta":{"_acf_changed":false},"product_brand":[],"product_cat":[3374],"product_tag":[2330],"class_list":{"0":"post-108818","1":"product","2":"type-product","3":"status-publish","4":"has-post-thumbnail","6":"product_cat-visonic-centralenhet-panel","7":"product_tag-visonic-manoverpanel","8":"product_shipping_class-tunga-paket","9":"pa_brands-5visonic","10":"tm-no-options","12":"first","13":"instock","14":"sale","15":"taxable","16":"shipping-taxable","17":"purchasable","18":"product-type-simple"},"acf":[],"_links":{"self":[{"href":"https:\/\/secureus.se\/pl\/wp-json\/wp\/v2\/product\/108818","targetHints":{"allow":["GET"]}}],"collection":[{"href":"https:\/\/secureus.se\/pl\/wp-json\/wp\/v2\/product"}],"about":[{"href":"https:\/\/secureus.se\/pl\/wp-json\/wp\/v2\/types\/product"}],"wp:featuredmedia":[{"embeddable":true,"href":"https:\/\/secureus.se\/pl\/wp-json\/wp\/v2\/media\/141330"}],"wp:attachment":[{"href":"https:\/\/secureus.se\/pl\/wp-json\/wp\/v2\/media?parent=108818"}],"wp:term":[{"taxonomy":"product_brand","embeddable":true,"href":"https:\/\/secureus.se\/pl\/wp-json\/wp\/v2\/product_brand?post=108818"},{"taxonomy":"product_cat","embeddable":true,"href":"https:\/\/secureus.se\/pl\/wp-json\/wp\/v2\/product_cat?post=108818"},{"taxonomy":"product_tag","embeddable":true,"href":"https:\/\/secureus.se\/pl\/wp-json\/wp\/v2\/product_tag?post=108818"}],"curies":[{"name":"wp","href":"https:\/\/api.w.org\/{rel}","templated":true}]}}