{"id":109210,"date":"2024-11-08T16:24:59","date_gmt":"2024-11-08T15:24:59","guid":{"rendered":"https:\/\/secureus.se\/lashus-414-z\/"},"modified":"2026-04-08T15:31:25","modified_gmt":"2026-04-08T13:31:25","slug":"lashus-414-z","status":"publish","type":"product","link":"https:\/\/secureus.se\/pl\/lashus-414-z\/","title":{"rendered":"Obudowa zamka 414 Z"},"content":{"rendered":"<p>\nABLOY 414 stosowany jest do drzwi wewn\u0119trznych oraz drzwi do \u0142azienek i toalet, zar\u00f3wno w domach prywatnych, jak i pomieszczeniach biurowych. Stosowane zar\u00f3wno w nowym budownictwie, jak i na rynku cz\u0119\u015bci zamiennych.<br \/>\n<br \/>\n<b><br \/><\/b><\/p>\n<div><b>W\u0142a\u015bciwo\u015bci:<\/b><\/p>\n<ul>\n<li>G\u0142\u0119boko\u015b\u0107 trzpienia: 45 mm<\/li>\n<li>Wymiary s\u0142upka zamka: 20\u00d7150 mm<\/li>\n<li>Wymiary wyci\u0119cia zgodnie ze szwedzk\u0105 norm\u0105 SS 81 73 82<\/li>\n<li>Mo\u017cna zamkn\u0105\u0107 za pomoc\u0105 klucza lub ga\u0142ki toaletowej i klucza\/\u015brubokr\u0119tu panikowego<\/li>\n<li>Pasuje do drzwi otwieranych na praw\u0105 i lew\u0105 stron\u0119<\/li>\n<li>Mo\u017cliwo\u015b\u0107 zmiany kierunku w prawo\/w lewo poprzez wyci\u0105gni\u0119cie i obr\u00f3cenie t\u0142oka o 180\u00b0<\/li>\n<li>Mo\u017ce by\u0107 wyposa\u017cony w breloki do kluczy lub przybory toaletowe<\/li>\n<\/ul>\n<p><b>Pakiet zawiera<\/b><\/p>\n<ul>\n<li>1 szt. zamek w domu.<\/li>\n<li>1 szt. p\u0142yta ko\u0144cowa.<\/li>\n<li>1 szt. klawisz.<\/li>\n<li>4 szt. \u015bruby.<\/li>\n<\/ul>\n<\/div>","protected":false},"excerpt":{"rendered":"<p>ABLOY 414 stosowany jest do drzwi wewn\u0119trznych oraz drzwi do \u0142azienek i toalet, zar\u00f3wno w domach prywatnych, jak i pomieszczeniach biurowych. Stosowane zar\u00f3wno w nowym budownictwie, jak i na rynku cz\u0119\u015bci zamiennych. W\u0142a\u015bciwo\u015bci: G\u0142\u0119boko\u015b\u0107 trzpienia: 45 mm Wymiary s\u0142upka zamka: 20\u00d7150 mm Wymiary wn\u0119ki wg<\/p>","protected":false},"featured_media":134695,"template":"","meta":{"_acf_changed":false},"product_brand":[],"product_cat":[2969],"product_tag":[4190,4102,4191,4192,4099],"class_list":{"0":"post-109210","1":"product","2":"type-product","3":"status-publish","4":"has-post-thumbnail","6":"product_cat-innerdorrlas","7":"product_tag-dorndjup-45mm","8":"product_tag-hoger","9":"product_tag-lasstolpe-20x150mm","10":"product_tag-slutbleck-ingar","11":"product_tag-vanster","12":"pa_brands-abloy","13":"tm-no-options","15":"first","16":"instock","17":"sale","18":"taxable","19":"shipping-taxable","20":"purchasable","21":"product-type-simple"},"acf":[],"_links":{"self":[{"href":"https:\/\/secureus.se\/pl\/wp-json\/wp\/v2\/product\/109210","targetHints":{"allow":["GET"]}}],"collection":[{"href":"https:\/\/secureus.se\/pl\/wp-json\/wp\/v2\/product"}],"about":[{"href":"https:\/\/secureus.se\/pl\/wp-json\/wp\/v2\/types\/product"}],"wp:featuredmedia":[{"embeddable":true,"href":"https:\/\/secureus.se\/pl\/wp-json\/wp\/v2\/media\/134695"}],"wp:attachment":[{"href":"https:\/\/secureus.se\/pl\/wp-json\/wp\/v2\/media?parent=109210"}],"wp:term":[{"taxonomy":"product_brand","embeddable":true,"href":"https:\/\/secureus.se\/pl\/wp-json\/wp\/v2\/product_brand?post=109210"},{"taxonomy":"product_cat","embeddable":true,"href":"https:\/\/secureus.se\/pl\/wp-json\/wp\/v2\/product_cat?post=109210"},{"taxonomy":"product_tag","embeddable":true,"href":"https:\/\/secureus.se\/pl\/wp-json\/wp\/v2\/product_tag?post=109210"}],"curies":[{"name":"wp","href":"https:\/\/api.w.org\/{rel}","templated":true}]}}