{"id":109212,"date":"2024-11-08T16:24:59","date_gmt":"2024-11-08T15:24:59","guid":{"rendered":"https:\/\/secureus.se\/lashus-2016-galv\/"},"modified":"2026-04-08T15:31:18","modified_gmt":"2026-04-08T13:31:18","slug":"lashus-2016-galv","status":"publish","type":"product","link":"https:\/\/secureus.se\/pl\/lashus-2016-galv\/","title":{"rendered":"Zamek 2016 Galv"},"content":{"rendered":"<p>\nABLOY 2016 to zamek b\u0119benkowy do drzwi wewn\u0119trznych w sektorze biurowym i mieszkaniowym, w nowym budownictwie i na rynku cz\u0119\u015bci zamiennych.<\/p>\n<div><\/div>\n<div><b>W\u0142a\u015bciwo\u015bci:<\/b><\/p>\n<ul>\n<li>G\u0142\u0119boko\u015b\u0107 trzpienia: 45 mm<\/li>\n<li>Wymiary s\u0142upka zamka: 20\u00d7150 mm<\/li>\n<li>Linia prosta ma wyst\u0119p 14 mm.<\/li>\n<li>Obudowa dwustronna do drzwi uchylnych prawych i lewych<\/li>\n<li>Wymiary wyci\u0119cia zgodnie ze szwedzk\u0105 norm\u0105 SS 81 73 82.<\/li>\n<li>Przystosowany do butli skandynawskich.<\/li>\n<li>2016 obs\u0142ugiwane jest kluczem od zewn\u0105trz i kluczem lub ga\u0142k\u0105 od wewn\u0105trz.<\/li>\n<\/ul>\n<\/div>\n<div><b>Funkcjonowa\u0107:<\/b><br \/>Obs\u0142ugiwane za pomoc\u0105 klucza od zewn\u0105trz i klucza lub ga\u0142ki od wewn\u0105trz.<\/div>\n<div><\/div>\n<div><\/div>","protected":false},"excerpt":{"rendered":"<p>ABLOY 2016 to zamek b\u0119benkowy do drzwi wewn\u0119trznych w sektorze biurowym i mieszkaniowym, w nowym budownictwie i na rynku cz\u0119\u015bci zamiennych. Cechy: G\u0142\u0119boko\u015b\u0107 trzpienia: 45 mm Wymiary s\u0142upka zamka: 20\u00d7150 mm Linijka prosta ma wyst\u0119p 14<\/p>","protected":false},"featured_media":134907,"template":"","meta":{"_acf_changed":false},"product_brand":[],"product_cat":[2969],"product_tag":[4190,4102,4191,4189,4099],"class_list":{"0":"post-109212","1":"product","2":"type-product","3":"status-publish","4":"has-post-thumbnail","6":"product_cat-innerdorrlas","7":"product_tag-dorndjup-45mm","8":"product_tag-hoger","9":"product_tag-lasstolpe-20x150mm","10":"product_tag-slutbleck-ingar-inte","11":"product_tag-vanster","12":"pa_brands-abloy","13":"tm-no-options","15":"first","16":"instock","17":"sale","18":"taxable","19":"shipping-taxable","20":"purchasable","21":"product-type-simple"},"acf":[],"_links":{"self":[{"href":"https:\/\/secureus.se\/pl\/wp-json\/wp\/v2\/product\/109212","targetHints":{"allow":["GET"]}}],"collection":[{"href":"https:\/\/secureus.se\/pl\/wp-json\/wp\/v2\/product"}],"about":[{"href":"https:\/\/secureus.se\/pl\/wp-json\/wp\/v2\/types\/product"}],"wp:featuredmedia":[{"embeddable":true,"href":"https:\/\/secureus.se\/pl\/wp-json\/wp\/v2\/media\/134907"}],"wp:attachment":[{"href":"https:\/\/secureus.se\/pl\/wp-json\/wp\/v2\/media?parent=109212"}],"wp:term":[{"taxonomy":"product_brand","embeddable":true,"href":"https:\/\/secureus.se\/pl\/wp-json\/wp\/v2\/product_brand?post=109212"},{"taxonomy":"product_cat","embeddable":true,"href":"https:\/\/secureus.se\/pl\/wp-json\/wp\/v2\/product_cat?post=109212"},{"taxonomy":"product_tag","embeddable":true,"href":"https:\/\/secureus.se\/pl\/wp-json\/wp\/v2\/product_tag?post=109212"}],"curies":[{"name":"wp","href":"https:\/\/api.w.org\/{rel}","templated":true}]}}