{"id":109239,"date":"2024-11-08T16:24:59","date_gmt":"2024-11-08T15:24:59","guid":{"rendered":"https:\/\/secureus.se\/lashus-4570-vanster-krom\/"},"modified":"2026-04-08T15:31:02","modified_gmt":"2026-04-08T13:31:02","slug":"lashus-4570-vanster-krom","status":"publish","type":"product","link":"https:\/\/secureus.se\/pl\/lashus-4570-vanster-krom\/","title":{"rendered":"Obudowa zamka 4570 Lewa Chrom"},"content":{"rendered":"<p>\nABLOY 4570 to zamek opadaj\u0105cy przeznaczony pod wk\u0142adk\u0119 patentow\u0105. Dost\u0119pny w wersji prawej i lewej. Zamek posiada automatyczne ryglowanie sterowane za pomoc\u0105 przycisku umieszczonego w s\u0142upku. Standardowo dostarczany z chromowan\u0105 obudow\u0105 zamka i przystosowany do owalnej wk\u0142adki zamka typu 1201 lub 1301.<\/p>\n<div><\/div>\n<div><b>W\u0142a\u015bciwo\u015bci:<\/b><\/div>\n<div>\n<div>\n<ul>\n<li>Do drzwi lewych<\/li>\n<li>G\u0142\u0119boko\u015b\u0107 trzpienia: 45 mm<\/li>\n<li>Wymiary s\u0142upka zamka: 22\u00d7150 mm<\/li>\n<li>Przycisk w s\u0142upku mo\u017cna ustawi\u0107 w dw\u00f3ch pozycjach<\/li>\n<li>Nieodwracalne<\/li>\n<li>Przystosowany do wk\u0142adki zamka skandynawskiego owalnego.<\/li>\n<li>W komplecie z cylindrem, pier\u015bcieniem cylindrowym i zestawem pokr\u0119te\u0142.<\/li>\n<\/ul>\n<\/div>\n<div><b>Funkcjonowa\u0107:<\/b><\/div>\n<\/div>\n<div>\n<ul>\n<li>Pozycja przycisku: G\u00d3RA = Blokada, wysuni\u0119cie t\u0142oka o 20 mm, zamek mo\u017cna otworzy\u0107 tylko kluczem lub ga\u0142k\u0105.<\/li>\n<li>Pozycja przycisku: D\u00d3\u0141 = Wysuni\u0119cie t\u0142oka o 14 mm, zamek mo\u017cna r\u00f3wnie\u017c otworzy\u0107 za pomoc\u0105 nacisku.<\/li>\n<\/ul>\n<\/div>","protected":false},"excerpt":{"rendered":"<p>ABLOY 4570 to zamek kasetowy przeznaczony do wk\u0142adek cylindrycznych. Dost\u0119pne w wersji dla prawej i lewej r\u0119ki. Zamek posiada automatyczn\u0105 blokad\u0119 sterowan\u0105 przyciskiem na s\u0142upku. Dostarczane standardowo z obudow\u0105 zamka<\/p>","protected":false},"featured_media":135056,"template":"","meta":{"_acf_changed":false},"product_brand":[],"product_cat":[2969],"product_tag":[4190,4099],"class_list":{"0":"post-109239","1":"product","2":"type-product","3":"status-publish","4":"has-post-thumbnail","6":"product_cat-innerdorrlas","7":"product_tag-dorndjup-45mm","8":"product_tag-vanster","9":"pa_brands-abloy","10":"tm-no-options","12":"first","13":"outofstock","14":"sale","15":"taxable","16":"shipping-taxable","17":"purchasable","18":"product-type-simple"},"acf":[],"_links":{"self":[{"href":"https:\/\/secureus.se\/pl\/wp-json\/wp\/v2\/product\/109239","targetHints":{"allow":["GET"]}}],"collection":[{"href":"https:\/\/secureus.se\/pl\/wp-json\/wp\/v2\/product"}],"about":[{"href":"https:\/\/secureus.se\/pl\/wp-json\/wp\/v2\/types\/product"}],"wp:featuredmedia":[{"embeddable":true,"href":"https:\/\/secureus.se\/pl\/wp-json\/wp\/v2\/media\/135056"}],"wp:attachment":[{"href":"https:\/\/secureus.se\/pl\/wp-json\/wp\/v2\/media?parent=109239"}],"wp:term":[{"taxonomy":"product_brand","embeddable":true,"href":"https:\/\/secureus.se\/pl\/wp-json\/wp\/v2\/product_brand?post=109239"},{"taxonomy":"product_cat","embeddable":true,"href":"https:\/\/secureus.se\/pl\/wp-json\/wp\/v2\/product_cat?post=109239"},{"taxonomy":"product_tag","embeddable":true,"href":"https:\/\/secureus.se\/pl\/wp-json\/wp\/v2\/product_tag?post=109239"}],"curies":[{"name":"wp","href":"https:\/\/api.w.org\/{rel}","templated":true}]}}