{"id":109244,"date":"2024-11-08T16:25:00","date_gmt":"2024-11-08T15:25:00","guid":{"rendered":"https:\/\/secureus.se\/lashus-4249-med-slutbleck-1-nyckel-galv\/"},"modified":"2026-04-08T15:30:39","modified_gmt":"2026-04-08T13:30:39","slug":"lashus-4249-med-slutbleck-1-nyckel-galv","status":"publish","type":"product","link":"https:\/\/secureus.se\/pl\/lashus-4249-med-slutbleck-1-nyckel-galv\/","title":{"rendered":"Obudowa zamka 4249 z p\u0142ytk\u0105 ko\u0144cow\u0105 1 klucz ocynk"},"content":{"rendered":"<p>\nL\u00e5shus 4249 to zamek z ryglem hakowym do lekkich drzwi przesuwnych i drzwi harmonijkowych w sektorze biurowym i mieszkaniowym, w nowym budownictwie i na rynku cz\u0119\u015bci zamiennych. W zestawie klucz i p\u0142yta ko\u0144cowa 4662.<\/p>\n<div><\/div>\n<div><b>W\u0142a\u015bciwo\u015bci:<\/b><\/p>\n<ul>\n<li>G\u0142\u0119boko\u015b\u0107 trzpienia: 45 mm<\/li>\n<li>Wymiary s\u0142upka zamka: 20\u00d7150 mm<\/li>\n<li>Wymiary wyci\u0119cia zgodnie ze szwedzk\u0105 norm\u0105 SS 81 73 82<\/li>\n<li>Mo\u017cna zamkn\u0105\u0107 za pomoc\u0105 klucza lub ga\u0142ki toaletowej i klucza\/\u015brubokr\u0119tu panikowego<\/li>\n<li>Pasuje do drzwi otwieranych na praw\u0105 i lew\u0105 stron\u0119<\/li>\n<li>Pasuje m.in. do akcesori\u00f3w WC LH0341<\/li>\n<\/ul>\n<\/div>\n<div><b>Funkcjonowa\u0107:<\/b><\/p>\n<ul>\n<li>Obs\u0142uga ABLOY 4249 odbywa si\u0119 za pomoc\u0105 klucza od wewn\u0105trz i od zewn\u0105trz, alternatywnie za pomoc\u0105 pokr\u0119t\u0142a od wewn\u0105trz i klucza panicznego lub \u015brubokr\u0119ta od zewn\u0105trz.<\/li>\n<\/ul>\n<\/div>","protected":false},"excerpt":{"rendered":"<p>L\u00e5shus 4249 to zamek hakowy do lekkich drzwi przesuwnych i drzwi harmonijkowych w sektorze biurowym i mieszkaniowym, w nowym budownictwie i na rynku cz\u0119\u015bci zamiennych. W zestawie klucz i p\u0142yta ko\u0144cowa 4662. W\u0142a\u015bciwo\u015bci: G\u0142\u0119boko\u015b\u0107 trzpienia: 45 mm S\u0142upek blokuj\u0105cy<\/p>","protected":false},"featured_media":135039,"template":"","meta":{"_acf_changed":false},"product_brand":[],"product_cat":[2969],"product_tag":[4190,4102,4191,4192,4099],"class_list":{"0":"post-109244","1":"product","2":"type-product","3":"status-publish","4":"has-post-thumbnail","6":"product_cat-innerdorrlas","7":"product_tag-dorndjup-45mm","8":"product_tag-hoger","9":"product_tag-lasstolpe-20x150mm","10":"product_tag-slutbleck-ingar","11":"product_tag-vanster","12":"pa_brands-abloy","13":"tm-no-options","15":"first","16":"instock","17":"sale","18":"taxable","19":"shipping-taxable","20":"purchasable","21":"product-type-simple"},"acf":[],"_links":{"self":[{"href":"https:\/\/secureus.se\/pl\/wp-json\/wp\/v2\/product\/109244","targetHints":{"allow":["GET"]}}],"collection":[{"href":"https:\/\/secureus.se\/pl\/wp-json\/wp\/v2\/product"}],"about":[{"href":"https:\/\/secureus.se\/pl\/wp-json\/wp\/v2\/types\/product"}],"wp:featuredmedia":[{"embeddable":true,"href":"https:\/\/secureus.se\/pl\/wp-json\/wp\/v2\/media\/135039"}],"wp:attachment":[{"href":"https:\/\/secureus.se\/pl\/wp-json\/wp\/v2\/media?parent=109244"}],"wp:term":[{"taxonomy":"product_brand","embeddable":true,"href":"https:\/\/secureus.se\/pl\/wp-json\/wp\/v2\/product_brand?post=109244"},{"taxonomy":"product_cat","embeddable":true,"href":"https:\/\/secureus.se\/pl\/wp-json\/wp\/v2\/product_cat?post=109244"},{"taxonomy":"product_tag","embeddable":true,"href":"https:\/\/secureus.se\/pl\/wp-json\/wp\/v2\/product_tag?post=109244"}],"curies":[{"name":"wp","href":"https:\/\/api.w.org\/{rel}","templated":true}]}}