{"id":109274,"date":"2024-11-08T16:25:01","date_gmt":"2024-11-08T15:25:01","guid":{"rendered":"https:\/\/secureus.se\/lashus-polaris-2xt-50-nyckel-mattkrom\/"},"modified":"2026-04-08T15:29:51","modified_gmt":"2026-04-08T13:29:51","slug":"lashus-polaris-2xt-50-nyckel-mattkrom","status":"publish","type":"product","link":"https:\/\/secureus.se\/pl\/lashus-polaris-2xt-50-nyckel-mattkrom\/","title":{"rendered":"Obudowa zamka Polaris 2XT-50 Klucz Matowy chrom"},"content":{"rendered":"<p>\nZamek magnetyczny, dzi\u0119ki smuk\u0142ej konstrukcji, szczeg\u00f3lnie nadaje si\u0119 do nowoczesnych drzwi wewn\u0119trznych. Zamek Polaris 2XT charakteryzuje si\u0119 wyj\u0105tkowo cichym zamykaniem i precyzj\u0105 mechanicznego po\u0142\u0105czenia korpusu zamka z p\u0142ytk\u0105 ko\u0144cow\u0105, co daje przyjemne wyczucie klamki i ruchu klucza.<\/p>\n<p><b>W\u0142a\u015bciwo\u015bci:<\/b><br \/>\n<\/p>\n<ul>\n<li>Blokada magnetyczna<\/li>\n<li>50 trzpieni<\/li>\n<li>Z kluczem o d\u0142ugo\u015bci 90 mm<\/li>\n<li>Ciche zamykanie<\/li>\n<li>Wymiary s\u0142upka blokuj\u0105cego: 18\u00d7196 mm<\/li>\n<li>Dla wio\u015blarzy ci\u015bnieniowych 8 mm<\/li>\n<li>Odleg\u0142o\u015b\u0107 wio\u015blarza od \u015brodkowej dziurki od klucza 90 mm<\/li>\n<li>S\u0142upek zamka jest dost\u0119pny w kilku wersjach wyko\u0144czenia powierzchni<\/li>\n<\/ul>","protected":false},"excerpt":{"rendered":"<p>Zamek magnetyczny, dzi\u0119ki smuk\u0142ej konstrukcji, szczeg\u00f3lnie nadaje si\u0119 do nowoczesnych drzwi wewn\u0119trznych. Polaris 2XT charakteryzuje si\u0119 wyj\u0105tkowo cichym zamykaniem i precyzj\u0105 mechanicznego po\u0142\u0105czenia korpusu zamka z p\u0142ytk\u0105 ko\u0144cow\u0105<\/p>","protected":false},"featured_media":135017,"template":"","meta":{"_acf_changed":false},"product_brand":[],"product_cat":[2969],"product_tag":[4187,4102,4188,4189,4099],"class_list":{"0":"post-109274","1":"product","2":"type-product","3":"status-publish","4":"has-post-thumbnail","6":"product_cat-innerdorrlas","7":"product_tag-dorndjup-50mm","8":"product_tag-hoger","9":"product_tag-lasstolpe-18x196-mm","10":"product_tag-slutbleck-ingar-inte","11":"product_tag-vanster","12":"pa_brands-agb","13":"tm-no-options","15":"first","16":"instock","17":"sale","18":"taxable","19":"shipping-taxable","20":"purchasable","21":"product-type-simple"},"acf":[],"_links":{"self":[{"href":"https:\/\/secureus.se\/pl\/wp-json\/wp\/v2\/product\/109274","targetHints":{"allow":["GET"]}}],"collection":[{"href":"https:\/\/secureus.se\/pl\/wp-json\/wp\/v2\/product"}],"about":[{"href":"https:\/\/secureus.se\/pl\/wp-json\/wp\/v2\/types\/product"}],"wp:featuredmedia":[{"embeddable":true,"href":"https:\/\/secureus.se\/pl\/wp-json\/wp\/v2\/media\/135017"}],"wp:attachment":[{"href":"https:\/\/secureus.se\/pl\/wp-json\/wp\/v2\/media?parent=109274"}],"wp:term":[{"taxonomy":"product_brand","embeddable":true,"href":"https:\/\/secureus.se\/pl\/wp-json\/wp\/v2\/product_brand?post=109274"},{"taxonomy":"product_cat","embeddable":true,"href":"https:\/\/secureus.se\/pl\/wp-json\/wp\/v2\/product_cat?post=109274"},{"taxonomy":"product_tag","embeddable":true,"href":"https:\/\/secureus.se\/pl\/wp-json\/wp\/v2\/product_tag?post=109274"}],"curies":[{"name":"wp","href":"https:\/\/api.w.org\/{rel}","templated":true}]}}