{"id":109280,"date":"2024-11-08T16:25:01","date_gmt":"2024-11-08T15:25:01","guid":{"rendered":"https:\/\/secureus.se\/lashus-40t-45-z-hoger-med-slutbleck\/"},"modified":"2026-04-23T11:56:29","modified_gmt":"2026-04-23T09:56:29","slug":"lashus-40t-45-z-hoger-med-slutbleck","status":"publish","type":"product","link":"https:\/\/secureus.se\/pl\/lashus-40t-45-z-hoger-med-slutbleck\/","title":{"rendered":"Obudowa zamka 40T-45 Z Prawa z p\u0142ytk\u0105 ko\u0144cow\u0105"},"content":{"rendered":"<p>\nASSA ABLOY 40T to zamek toaletowy do drzwi wewn\u0119trznych, przeznaczony g\u0142\u00f3wnie na rynek cz\u0119\u015bci zamiennych. Wymiary wyci\u0119cia wed\u0142ug starszej normy wyci\u0119cia. W zestawie p\u0142yta ko\u0144cowa i \u015bruba.<\/p>\n<div><b>W\u0142a\u015bciwo\u015bci: <\/b><\/div>\n<div>\n<ul>\n<li>G\u0142\u0119boko\u015b\u0107 trzpienia: 45 mm<\/li>\n<li>G\u0142\u0119boko\u015b\u0107 zamka: 74 mm<\/li>\n<li>Obudowa zamka ze stali ocynkowanej<\/li>\n<li>Dost\u0119pny w wersji prawej i lewej<\/li>\n<\/ul>\n<\/div>\n<div><\/div>","protected":false},"excerpt":{"rendered":"<p>ASSA ABLOY 40T to zamek toaletowy do drzwi wewn\u0119trznych, przeznaczony g\u0142\u00f3wnie na rynek cz\u0119\u015bci zamiennych. Wymiary wyci\u0119cia wed\u0142ug starszej normy wyci\u0119cia. W zestawie p\u0142yta ko\u0144cowa i \u015bruba. Cechy: G\u0142\u0119boko\u015b\u0107 trzpienia: 45 mm G\u0142\u0119boko\u015b\u0107 zamka: 74 mm Obudowa zamka ocynkowana<\/p>","protected":false},"featured_media":134717,"template":"","meta":{"_acf_changed":false},"product_brand":[],"product_cat":[2969],"product_tag":[4190,4102,4195,4192],"class_list":{"0":"post-109280","1":"product","2":"type-product","3":"status-publish","4":"has-post-thumbnail","6":"product_cat-innerdorrlas","7":"product_tag-dorndjup-45mm","8":"product_tag-hoger","9":"product_tag-lasstolpe-22x205mm","10":"product_tag-slutbleck-ingar","11":"pa_brands-abloy","12":"tm-no-options","14":"first","15":"instock","16":"sale","17":"taxable","18":"shipping-taxable","19":"purchasable","20":"product-type-simple"},"acf":[],"_links":{"self":[{"href":"https:\/\/secureus.se\/pl\/wp-json\/wp\/v2\/product\/109280","targetHints":{"allow":["GET"]}}],"collection":[{"href":"https:\/\/secureus.se\/pl\/wp-json\/wp\/v2\/product"}],"about":[{"href":"https:\/\/secureus.se\/pl\/wp-json\/wp\/v2\/types\/product"}],"wp:featuredmedia":[{"embeddable":true,"href":"https:\/\/secureus.se\/pl\/wp-json\/wp\/v2\/media\/134717"}],"wp:attachment":[{"href":"https:\/\/secureus.se\/pl\/wp-json\/wp\/v2\/media?parent=109280"}],"wp:term":[{"taxonomy":"product_brand","embeddable":true,"href":"https:\/\/secureus.se\/pl\/wp-json\/wp\/v2\/product_brand?post=109280"},{"taxonomy":"product_cat","embeddable":true,"href":"https:\/\/secureus.se\/pl\/wp-json\/wp\/v2\/product_cat?post=109280"},{"taxonomy":"product_tag","embeddable":true,"href":"https:\/\/secureus.se\/pl\/wp-json\/wp\/v2\/product_tag?post=109280"}],"curies":[{"name":"wp","href":"https:\/\/api.w.org\/{rel}","templated":true}]}}