{"id":109291,"date":"2024-11-08T16:25:02","date_gmt":"2024-11-08T15:25:02","guid":{"rendered":"https:\/\/secureus.se\/lashus-9456-hoger-krom\/"},"modified":"2026-04-08T15:29:31","modified_gmt":"2026-04-08T13:29:31","slug":"lashus-9456-hoger-krom","status":"publish","type":"product","link":"https:\/\/secureus.se\/pl\/lashus-9456-hoger-krom\/","title":{"rendered":"Obudowa zamka 9456 Prawa Chrom"},"content":{"rendered":"<p>\nABLOY 9456 to zamek opadaj\u0105cy do drzwi wewn\u0119trznych, \u0142\u0105czony ze standardow\u0105 wk\u0142adk\u0105 typu ASSA ABLOY 1201 lub 1301.<\/p>\n<div><b>W\u0142a\u015bciwo\u015bci:<\/b><\/p>\n<ul>\n<li>Do drzwi prawych<\/li>\n<li>G\u0142\u0119boko\u015b\u0107 trzpienia: 45 mm<\/li>\n<li>Wymiary s\u0142upka zamka: 20\u00d7150 mm<\/li>\n<li>Nieodwracalne<\/li>\n<li>Przystosowany do butli skandynawskich.<\/li>\n<li>Obs\u0142ugiwane za pomoc\u0105 klucza od zewn\u0105trz i klucza lub ga\u0142ki od wewn\u0105trz.<\/li>\n<\/ul>\n<\/div>\n<div><b>Funkcjonowa\u0107:<\/b><\/p>\n<ul>\n<li>Po przekr\u0119ceniu kluczyka lub pokr\u0119t\u0142a t\u0142ok opadaj\u0105cy zostaje wypchni\u0119ty i zablokowany na 20 mm.<\/li>\n<li>Zamek otwiera si\u0119 poprzez przekr\u0119cenie klucza lub ga\u0142ki w przeciwnym kierunku.<\/li>\n<li>T\u0142ok opadaj\u0105cy zostaje nast\u0119pnie zablokowany w pozycji 14 mm do u\u017cytku dziennego i aktywowana jest funkcja ci\u015bnienia.\u00a0<\/li>\n<\/ul>\n<\/div>","protected":false},"excerpt":{"rendered":"<p>ABLOY 9456 to zamek opadaj\u0105cy do drzwi wewn\u0119trznych, \u0142\u0105czony ze standardow\u0105 wk\u0142adk\u0105 ASSA ABLOY 1201 lub 1301. W\u0142a\u015bciwo\u015bci: Do drzwi prawych G\u0142\u0119boko\u015b\u0107 trzpienia: 45 mm Wymiary s\u0142upka zamka: 20\u00d7150 mm Nieodwracalny<\/p>","protected":false},"featured_media":134711,"template":"","meta":{"_acf_changed":false},"product_brand":[],"product_cat":[2969],"product_tag":[4190,4102,4191],"class_list":{"0":"post-109291","1":"product","2":"type-product","3":"status-publish","4":"has-post-thumbnail","6":"product_cat-innerdorrlas","7":"product_tag-dorndjup-45mm","8":"product_tag-hoger","9":"product_tag-lasstolpe-20x150mm","10":"pa_brands-abloy","11":"tm-no-options","13":"first","14":"instock","15":"sale","16":"taxable","17":"shipping-taxable","18":"purchasable","19":"product-type-simple"},"acf":[],"_links":{"self":[{"href":"https:\/\/secureus.se\/pl\/wp-json\/wp\/v2\/product\/109291","targetHints":{"allow":["GET"]}}],"collection":[{"href":"https:\/\/secureus.se\/pl\/wp-json\/wp\/v2\/product"}],"about":[{"href":"https:\/\/secureus.se\/pl\/wp-json\/wp\/v2\/types\/product"}],"wp:featuredmedia":[{"embeddable":true,"href":"https:\/\/secureus.se\/pl\/wp-json\/wp\/v2\/media\/134711"}],"wp:attachment":[{"href":"https:\/\/secureus.se\/pl\/wp-json\/wp\/v2\/media?parent=109291"}],"wp:term":[{"taxonomy":"product_brand","embeddable":true,"href":"https:\/\/secureus.se\/pl\/wp-json\/wp\/v2\/product_brand?post=109291"},{"taxonomy":"product_cat","embeddable":true,"href":"https:\/\/secureus.se\/pl\/wp-json\/wp\/v2\/product_cat?post=109291"},{"taxonomy":"product_tag","embeddable":true,"href":"https:\/\/secureus.se\/pl\/wp-json\/wp\/v2\/product_tag?post=109291"}],"curies":[{"name":"wp","href":"https:\/\/api.w.org\/{rel}","templated":true}]}}