{"id":114186,"date":"2024-11-13T11:13:07","date_gmt":"2024-11-13T10:13:07","guid":{"rendered":"https:\/\/secureus.se\/industrilas-cl105c-system-2-nycklar\/"},"modified":"2026-04-08T15:29:02","modified_gmt":"2026-04-08T13:29:02","slug":"industrilas-cl105c-system-2-nycklar","status":"publish","type":"product","link":"https:\/\/secureus.se\/pl\/industrilas-cl105c-system-2-nycklar\/","title":{"rendered":"Zamek przemys\u0142owy CL105C System 2 klucze"},"content":{"rendered":"<p>\nABLOY CL105C to zamek przemys\u0142owy do drzwi szafek, szuflad, szafek AGD, automat\u00f3w itp. Do drzwi o grubo\u015bci maks. 9,5 mm. Obudowa cylindra ze stali hartowanej powierzchniowo, chromowanej. Pierwsza p\u0142ytka blokuj\u0105ca wykonana jest z niklowanej i utwardzanej powierzchniowo stali. Podk\u0142adka oporowa, podk\u0142adka zabezpieczaj\u0105ca nakr\u0119tki ko\u0144cowej i nakr\u0119tka obudowy cylindra ze stali ocynkowanej. Regu\u0142\u0119 zamawia si\u0119 osobno. Kompletna wk\u0142adka dostarczana z dwoma kluczami.<\/p>\n<div><b>W\u0142a\u015bciwo\u015bci:<\/b><\/p>\n<ul>\n<li>Liczba kr\u0105\u017ck\u00f3w blokuj\u0105cych: 9 szt.<\/li>\n<li>K\u0105t obrotu linijki: 90, 180\u00b0. Klucz mo\u017cna wyj\u0105\u0107 tylko w pozycji zablokowanej.<\/li>\n<li>D\u0142ugo\u015b\u0107 ca\u0142kowita: 33 mm<\/li>\n<li>Maksymalna grubo\u015b\u0107 drzwi: 9,5 mm<\/li>\n<li>Rozmiar linijki: 18,5 mm<\/li>\n<\/ul>\n<\/div>","protected":false},"excerpt":{"rendered":"<p>ABLOY CL105C to zamek przemys\u0142owy do drzwi szafek, szuflad, szafek AGD, automat\u00f3w itp. Do drzwi o grubo\u015bci maks. 9,5 mm. Obudowa cylindra ze stali hartowanej powierzchniowo, chromowanej. Pierwsza tarcza blokuj\u0105ca jest niklowana i utwardzana powierzchniowo<\/p>","protected":false},"featured_media":134823,"template":"","meta":{"_acf_changed":false},"product_brand":[],"product_cat":[4186],"product_tag":[],"class_list":{"0":"post-114186","1":"product","2":"type-product","3":"status-publish","4":"has-post-thumbnail","6":"product_cat-skaplas-industrilas","7":"pa_brands-abloy","8":"tm-no-options","10":"first","11":"onbackorder","12":"sale","13":"taxable","14":"shipping-taxable","15":"purchasable","16":"product-type-simple"},"acf":[],"_links":{"self":[{"href":"https:\/\/secureus.se\/pl\/wp-json\/wp\/v2\/product\/114186","targetHints":{"allow":["GET"]}}],"collection":[{"href":"https:\/\/secureus.se\/pl\/wp-json\/wp\/v2\/product"}],"about":[{"href":"https:\/\/secureus.se\/pl\/wp-json\/wp\/v2\/types\/product"}],"wp:featuredmedia":[{"embeddable":true,"href":"https:\/\/secureus.se\/pl\/wp-json\/wp\/v2\/media\/134823"}],"wp:attachment":[{"href":"https:\/\/secureus.se\/pl\/wp-json\/wp\/v2\/media?parent=114186"}],"wp:term":[{"taxonomy":"product_brand","embeddable":true,"href":"https:\/\/secureus.se\/pl\/wp-json\/wp\/v2\/product_brand?post=114186"},{"taxonomy":"product_cat","embeddable":true,"href":"https:\/\/secureus.se\/pl\/wp-json\/wp\/v2\/product_cat?post=114186"},{"taxonomy":"product_tag","embeddable":true,"href":"https:\/\/secureus.se\/pl\/wp-json\/wp\/v2\/product_tag?post=114186"}],"curies":[{"name":"wp","href":"https:\/\/api.w.org\/{rel}","templated":true}]}}