{"id":114220,"date":"2024-11-13T13:25:49","date_gmt":"2024-11-13T12:25:49","guid":{"rendered":"https:\/\/secureus.se\/?post_type=product&#038;p=114220"},"modified":"2026-03-26T11:33:55","modified_gmt":"2026-03-26T10:33:55","slug":"skylt-160x70-rod-brandlarm","status":"publish","type":"product","link":"https:\/\/secureus.se\/pl\/skylt-160x70-rod-brandlarm\/","title":{"rendered":"ZNAK 160X70 CZERWONY ALARM PO\u017bAROWY"},"content":{"rendered":"","protected":false},"excerpt":{"rendered":"<p>Znak 160X70 mm czerwony z napisem ALARM PO\u017bAROWY W PRZYPADKU W\u0141\u0104CZENIA ALARMU ZWR\u00d3\u0106 UWAG\u0118 NA DALSZE INFORMACJE.<\/p>","protected":false},"featured_media":134998,"template":"","meta":{"_acf_changed":false},"product_brand":[],"product_cat":[1559],"product_tag":[],"class_list":{"0":"post-114220","1":"product","2":"type-product","3":"status-publish","4":"has-post-thumbnail","6":"product_cat-anvisningsskyltar-brandskydd","7":"product_shipping_class-postnord-varubrev","8":"pa_brands-ateco","9":"tm-no-options","11":"first","12":"instock","13":"sale","14":"taxable","15":"shipping-taxable","16":"purchasable","17":"product-type-simple"},"acf":[],"_links":{"self":[{"href":"https:\/\/secureus.se\/pl\/wp-json\/wp\/v2\/product\/114220","targetHints":{"allow":["GET"]}}],"collection":[{"href":"https:\/\/secureus.se\/pl\/wp-json\/wp\/v2\/product"}],"about":[{"href":"https:\/\/secureus.se\/pl\/wp-json\/wp\/v2\/types\/product"}],"wp:featuredmedia":[{"embeddable":true,"href":"https:\/\/secureus.se\/pl\/wp-json\/wp\/v2\/media\/134998"}],"wp:attachment":[{"href":"https:\/\/secureus.se\/pl\/wp-json\/wp\/v2\/media?parent=114220"}],"wp:term":[{"taxonomy":"product_brand","embeddable":true,"href":"https:\/\/secureus.se\/pl\/wp-json\/wp\/v2\/product_brand?post=114220"},{"taxonomy":"product_cat","embeddable":true,"href":"https:\/\/secureus.se\/pl\/wp-json\/wp\/v2\/product_cat?post=114220"},{"taxonomy":"product_tag","embeddable":true,"href":"https:\/\/secureus.se\/pl\/wp-json\/wp\/v2\/product_tag?post=114220"}],"curies":[{"name":"wp","href":"https:\/\/api.w.org\/{rel}","templated":true}]}}