{"id":114636,"date":"2024-11-05T18:52:51","date_gmt":"2024-11-05T17:52:51","guid":{"rendered":"https:\/\/secureus.se\/?post_type=product&#038;p=114636"},"modified":"2026-01-12T12:02:47","modified_gmt":"2026-01-12T11:02:47","slug":"badgemaker-etiketter-till-bordsskylt-52x100","status":"publish","type":"product","link":"https:\/\/secureus.se\/pl\/badgemaker-etiketter-till-bordsskylt-52x100\/","title":{"rendered":"Etykiety BADGEMAKER\u00ae na tabliczk\u0119 sto\u0142ow\u0105 52\u00d7100"},"content":{"rendered":"<p>Zaprojektuj profesjonalne, ale osobiste tabliczki na st\u00f3\u0142 w bezp\u0142atnym programie DURAPRINT\u00ae dost\u0119pnym na stronie www.duraprint.se. Drukuj na drukarce laserowej lub atramentowej na arkuszach etykiet BADGEMAKER\u00ae o gramaturze 150 gram\u00f3w. Sama plakietka z imieniem jest \u0142atwa do rozerwania. Opakowanie 20 arkuszy A4 daje 40 wk\u0142adek o wymiarach 52x100mm (wys.xszer.).<\/p>","protected":false},"excerpt":{"rendered":"<p>Arkusz etykiet do druku w drukarce na tabliczki sto\u0142owe w formacie 52x100mm. 20 arkuszy = 40 etykiet.<\/p>","protected":false},"featured_media":135268,"template":"","meta":{"_acf_changed":false},"product_brand":[],"product_cat":[4276,4271],"product_tag":[4396],"class_list":{"0":"post-114636","1":"product","2":"type-product","3":"status-publish","4":"has-post-thumbnail","6":"product_cat-etiketter-till-namnskyltar","7":"product_cat-namnskyltar","8":"product_tag-vit","9":"product_shipping_class-tunga-paket","10":"pa_brands-durable","11":"tm-no-options","13":"first","14":"instock","15":"sale","16":"taxable","17":"shipping-taxable","18":"purchasable","19":"product-type-simple"},"acf":[],"_links":{"self":[{"href":"https:\/\/secureus.se\/pl\/wp-json\/wp\/v2\/product\/114636","targetHints":{"allow":["GET"]}}],"collection":[{"href":"https:\/\/secureus.se\/pl\/wp-json\/wp\/v2\/product"}],"about":[{"href":"https:\/\/secureus.se\/pl\/wp-json\/wp\/v2\/types\/product"}],"wp:featuredmedia":[{"embeddable":true,"href":"https:\/\/secureus.se\/pl\/wp-json\/wp\/v2\/media\/135268"}],"wp:attachment":[{"href":"https:\/\/secureus.se\/pl\/wp-json\/wp\/v2\/media?parent=114636"}],"wp:term":[{"taxonomy":"product_brand","embeddable":true,"href":"https:\/\/secureus.se\/pl\/wp-json\/wp\/v2\/product_brand?post=114636"},{"taxonomy":"product_cat","embeddable":true,"href":"https:\/\/secureus.se\/pl\/wp-json\/wp\/v2\/product_cat?post=114636"},{"taxonomy":"product_tag","embeddable":true,"href":"https:\/\/secureus.se\/pl\/wp-json\/wp\/v2\/product_tag?post=114636"}],"curies":[{"name":"wp","href":"https:\/\/api.w.org\/{rel}","templated":true}]}}