{"id":114646,"date":"2024-11-20T13:58:02","date_gmt":"2024-11-20T12:58:02","guid":{"rendered":"https:\/\/secureus.se\/?post_type=product&#038;p=114646"},"modified":"2026-01-12T12:27:37","modified_gmt":"2026-01-12T11:27:37","slug":"inforam-sjalvhaftande-duraframe-a5-2","status":"publish","type":"product","link":"https:\/\/secureus.se\/pl\/inforam-sjalvhaftande-duraframe-a5-2\/","title":{"rendered":"Infoframe samoprzylepna DURAFRAME\u00ae A5"},"content":{"rendered":"<p>Skorzystaj z samoprzylepnych ramek informacyjnych DURAFRAME\u00ae, aby w profesjonalny, szybki i \u0142atwy spos\u00f3b wy\u015bwietli\u0107 oferty promocyjne, godziny otwarcia, znaki i inne tymczasowe lub trwa\u0142e informacje:<br \/>\nUsu\u0144 papier ochronny - przyklej Duraframe - podnie\u015b prz\u00f3d z zamkni\u0119ciem magnetycznym - w\u0142\u00f3\u017c jeden lub dwa arkusze - z\u0142\u00f3\u017c prz\u00f3d - gotowe! \u0141atwy w monta\u017cu \u2013 bez narz\u0119dzi i innych akcesori\u00f3w \u2013 na twardych i g\u0142adkich powierzchniach. Schludne i \u0142atwiejsze w obs\u0142udze ni\u017c na przyk\u0142ad ta\u015bma, zszywki czy zszywki. Wk\u0142adka pozostaje bezpiecznie na swoim miejscu zar\u00f3wno w pozycji pionowej, jak i poziomej dzi\u0119ki magnesom po wszystkich 3 otwieranych stronach. Ramka wygl\u0105da tak samo z przodu i z ty\u0142u, co \u015bwietnie sprawdza si\u0119 po umieszczeniu na tafli szk\u0142a w celu uzyskania dwustronnego przekazu. Mo\u017cna go zdj\u0105\u0107 z tafli szk\u0142a. Powierzchnie malowane, powlekane lub laminowane mog\u0105 ulec uszkodzeniu w przypadku usuni\u0119cia ramy.<br \/>\nDo dokument\u00f3w w formacie A5. Wymiary zewn\u0119trzne 176\u00d7236 mm. DURAFRAME\u00ae jest dost\u0119pny dla dokument\u00f3w od A6 do A2 w r\u00f3\u017cnych rozmiarach opakowa\u0144. Dost\u0119pny w kilku wersjach kolorystycznych, dzi\u0119ki czemu oznakowanie dopasowuje si\u0119 do przekazu, koloru logo, pory roku lub jest wystarczaj\u0105co widoczne, a mo\u017ce wr\u0119cz odwrotnie \u2013 dyskretne.<br \/>\nOpakowanie zawiera 2 szt.<\/p>","protected":false},"excerpt":{"rendered":"<p>Samoprzylepna ramka informacyjna do przejrzystego wy\u015bwietlania informacji. Prz\u00f3d zapinany na magnes, co u\u0142atwia wymian\u0119 wk\u0142adu. <\/p>","protected":false},"featured_media":133446,"template":"","meta":{"_acf_changed":false},"product_brand":[],"product_cat":[4296],"product_tag":[4381],"class_list":{"0":"post-114646","1":"product","2":"type-product","3":"status-publish","4":"has-post-thumbnail","6":"product_cat-inforamar-for-slata-ytor","7":"product_tag-svart","8":"product_shipping_class-tunga-paket","9":"pa_brands-durable","10":"pa_farg-svart","11":"tm-no-options","13":"first","14":"instock","15":"sale","16":"taxable","17":"shipping-taxable","18":"purchasable","19":"product-type-simple"},"acf":[],"_links":{"self":[{"href":"https:\/\/secureus.se\/pl\/wp-json\/wp\/v2\/product\/114646","targetHints":{"allow":["GET"]}}],"collection":[{"href":"https:\/\/secureus.se\/pl\/wp-json\/wp\/v2\/product"}],"about":[{"href":"https:\/\/secureus.se\/pl\/wp-json\/wp\/v2\/types\/product"}],"wp:featuredmedia":[{"embeddable":true,"href":"https:\/\/secureus.se\/pl\/wp-json\/wp\/v2\/media\/133446"}],"wp:attachment":[{"href":"https:\/\/secureus.se\/pl\/wp-json\/wp\/v2\/media?parent=114646"}],"wp:term":[{"taxonomy":"product_brand","embeddable":true,"href":"https:\/\/secureus.se\/pl\/wp-json\/wp\/v2\/product_brand?post=114646"},{"taxonomy":"product_cat","embeddable":true,"href":"https:\/\/secureus.se\/pl\/wp-json\/wp\/v2\/product_cat?post=114646"},{"taxonomy":"product_tag","embeddable":true,"href":"https:\/\/secureus.se\/pl\/wp-json\/wp\/v2\/product_tag?post=114646"}],"curies":[{"name":"wp","href":"https:\/\/api.w.org\/{rel}","templated":true}]}}