{"id":114649,"date":"2024-11-20T13:55:48","date_gmt":"2024-11-20T12:55:48","guid":{"rendered":"https:\/\/secureus.se\/?post_type=product&#038;p=114649"},"modified":"2026-01-12T12:25:20","modified_gmt":"2026-01-12T11:25:20","slug":"golvstativ-crystal-sign-stand-a3","status":"publish","type":"product","link":"https:\/\/secureus.se\/pl\/golvstativ-crystal-sign-stand-a3\/","title":{"rendered":"Stojak pod\u0142ogowy CRYSTAL SIGN STAND A3"},"content":{"rendered":"<p>Tabliczki pod\u0142ogowe informuj\u0105 i orientuj\u0105 odwiedzaj\u0105cych i doskonale nadaj\u0105 si\u0119 do umieszczenia w wej\u015bciach, restauracjach, wystawach itp. Seria znak\u00f3w CRYSTAL SIGN sk\u0142ada si\u0119 z dw\u00f3ch akrylowych p\u0142ytek z matow\u0105 wk\u0142adk\u0105 pomi\u0119dzy nimi na tekst. Znak \u0142\u0105czony jest za pomoc\u0105 ozdobnych \u015brub. Stojak pod\u0142ogowy sk\u0142ada si\u0119 z ci\u0119\u017ckiej i stabilnej stopy, aluminiowego stojaka oraz obrotowego szyldu A3 - z kt\u00f3rego mo\u017cna korzysta\u0107 w pozycji stoj\u0105cej lub le\u017c\u0105cej - widocznego z daleka. Znak mo\u017cna umie\u015bci\u0107 na 6 r\u00f3\u017cnych wysoko\u015bciach, a wysoko\u015b\u0107 miejsca ze stoj\u0105cym znakiem waha si\u0119 w granicach 1,18 \u2013 1,25 m. Ze znakiem poziomym wysoko\u015b\u0107 wynosi 1,13 \u2013 1,20 m. Dostarczane z instrukcj\u0105 monta\u017cu. Zaprojektuj znak korzystaj\u0105c z bezp\u0142atnego programu DURAPRINT\u00ae dost\u0119pnego na stronie www.duraprint.se. Drukuj za pomoc\u0105 drukarki laserowej na matowych arkuszach wk\u0142adek (2 w zestawie).<br \/>\nAkcesoria: Uzupe\u0142nij matowe arkusze wk\u0142adek o numerze artyku\u0142u 483719<\/p>","protected":false},"excerpt":{"rendered":"<p>Stabilny znak pod\u0142ogowy CRYSTAL SIGN A3. Znak mo\u017ce by\u0107 u\u017cywany w formacie pionowym lub poziomym.<\/p>","protected":false},"featured_media":134915,"template":"","meta":{"_acf_changed":false},"product_brand":[],"product_cat":[4264],"product_tag":[4382],"class_list":{"0":"post-114649","1":"product","2":"type-product","3":"status-publish","4":"has-post-thumbnail","6":"product_cat-dorrskyltar-i-akryl","7":"product_tag-silver","8":"product_shipping_class-tunga-paket","9":"pa_brands-durable","10":"pa_farg-silver","11":"tm-no-options","13":"first","14":"instock","15":"sale","16":"taxable","17":"shipping-taxable","18":"purchasable","19":"product-type-simple"},"acf":[],"_links":{"self":[{"href":"https:\/\/secureus.se\/pl\/wp-json\/wp\/v2\/product\/114649","targetHints":{"allow":["GET"]}}],"collection":[{"href":"https:\/\/secureus.se\/pl\/wp-json\/wp\/v2\/product"}],"about":[{"href":"https:\/\/secureus.se\/pl\/wp-json\/wp\/v2\/types\/product"}],"wp:featuredmedia":[{"embeddable":true,"href":"https:\/\/secureus.se\/pl\/wp-json\/wp\/v2\/media\/134915"}],"wp:attachment":[{"href":"https:\/\/secureus.se\/pl\/wp-json\/wp\/v2\/media?parent=114649"}],"wp:term":[{"taxonomy":"product_brand","embeddable":true,"href":"https:\/\/secureus.se\/pl\/wp-json\/wp\/v2\/product_brand?post=114649"},{"taxonomy":"product_cat","embeddable":true,"href":"https:\/\/secureus.se\/pl\/wp-json\/wp\/v2\/product_cat?post=114649"},{"taxonomy":"product_tag","embeddable":true,"href":"https:\/\/secureus.se\/pl\/wp-json\/wp\/v2\/product_tag?post=114649"}],"curies":[{"name":"wp","href":"https:\/\/api.w.org\/{rel}","templated":true}]}}