{"id":114671,"date":"2024-11-20T13:58:04","date_gmt":"2024-11-20T12:58:04","guid":{"rendered":"https:\/\/secureus.se\/?post_type=product&#038;p=114671"},"modified":"2026-01-12T12:28:50","modified_gmt":"2026-01-12T11:28:50","slug":"inforam-duraframe-grip-a4","status":"publish","type":"product","link":"https:\/\/secureus.se\/pl\/inforam-duraframe-grip-a4\/","title":{"rendered":"Ramka informacyjna DURAFRAME\u00ae GRIP A4"},"content":{"rendered":"<p>Ramki informacyjne DURAFRAME\u00ae GRIP s\u0142u\u017c\u0105 do umieszczania informacji na tekstylnych \u015bciankach, np. list telefonicznych lub numer\u00f3w telefon\u00f3w, kt\u00f3re musz\u0105 by\u0107 pod r\u0119k\u0105.<br \/>\n\u0141atwe wk\u0142adanie lub zmiana wiadomo\u015bci poprzez podniesienie przodu za pomoc\u0105 magnetycznego zamkni\u0119cia. \u0141atwy w monta\u017cu \u2013 bez narz\u0119dzi i innych akcesori\u00f3w \u2013 na \u015bcianach ekranowych, ekranach d\u017awi\u0119koch\u0142onnych i tablicach og\u0142oszeniowych tekstylnych. Upewnij si\u0119, \u017ce ty\u0142 nie styka si\u0119 z ubraniem podczas jego zak\u0142adania, poniewa\u017c delikatny rzep z ty\u0142u mo\u017ce uszkodzi\u0107 ubranie. Podczas zdejmowania ramki z powierzchni tekstylnej delikatnie poci\u0105gnij j\u0105 na bok, poziomo. Unikaj ci\u0105gni\u0119cia go od g\u00f3ry lub od do\u0142u. W miejscu, w kt\u00f3rym produkt siedzia\u0142, mog\u0105 pojawi\u0107 si\u0119 nieco wyboiste lub lu\u017ane nitki. <\/p>\n<p>Do dokument\u00f3w w formacie A4. Wymiary zewn\u0119trzne 236\u00d7323 mm.<br \/>\nKolor: czarny.<br \/>\nOpakowanie zawiera 1 szt.<\/p>","protected":false},"excerpt":{"rendered":"<p>\u0141atwa w u\u017cyciu ramka informacyjna do umieszczania r\u00f3\u017cnego rodzaju informacji na \u015bcianach tekstylnych. Do dokument\u00f3w w formacie A4.<\/p>","protected":false},"featured_media":135032,"template":"","meta":{"_acf_changed":false},"product_brand":[],"product_cat":[4296],"product_tag":[4381],"class_list":{"0":"post-114671","1":"product","2":"type-product","3":"status-publish","4":"has-post-thumbnail","6":"product_cat-inforamar-for-slata-ytor","7":"product_tag-svart","8":"product_shipping_class-tunga-paket","9":"pa_brands-durable","10":"pa_farg-svart","11":"tm-no-options","13":"first","14":"instock","15":"sale","16":"taxable","17":"shipping-taxable","18":"purchasable","19":"product-type-simple"},"acf":[],"_links":{"self":[{"href":"https:\/\/secureus.se\/pl\/wp-json\/wp\/v2\/product\/114671","targetHints":{"allow":["GET"]}}],"collection":[{"href":"https:\/\/secureus.se\/pl\/wp-json\/wp\/v2\/product"}],"about":[{"href":"https:\/\/secureus.se\/pl\/wp-json\/wp\/v2\/types\/product"}],"wp:featuredmedia":[{"embeddable":true,"href":"https:\/\/secureus.se\/pl\/wp-json\/wp\/v2\/media\/135032"}],"wp:attachment":[{"href":"https:\/\/secureus.se\/pl\/wp-json\/wp\/v2\/media?parent=114671"}],"wp:term":[{"taxonomy":"product_brand","embeddable":true,"href":"https:\/\/secureus.se\/pl\/wp-json\/wp\/v2\/product_brand?post=114671"},{"taxonomy":"product_cat","embeddable":true,"href":"https:\/\/secureus.se\/pl\/wp-json\/wp\/v2\/product_cat?post=114671"},{"taxonomy":"product_tag","embeddable":true,"href":"https:\/\/secureus.se\/pl\/wp-json\/wp\/v2\/product_tag?post=114671"}],"curies":[{"name":"wp","href":"https:\/\/api.w.org\/{rel}","templated":true}]}}