{"id":114711,"date":"2024-12-07T15:21:11","date_gmt":"2024-12-07T14:21:11","guid":{"rendered":"https:\/\/secureus.se\/?post_type=product&#038;p=114711"},"modified":"2026-01-12T12:35:24","modified_gmt":"2026-01-12T11:35:24","slug":"bladderstall-function-wall-module-20","status":"publish","type":"product","link":"https:\/\/secureus.se\/pl\/bladderstall-function-wall-module-20\/","title":{"rendered":"P\u00f3\u0142ka FUNKCJA MODU\u0141 \u015aCIENNY 20"},"content":{"rendered":"<p>Metalowy uchwyt \u015bcienny FUNCTION na 20 paneli A4. Monta\u017c na \u015bcianie, w zestawie \u015bruba i ko\u0142ek. Kieszenie (ramki, panele) zamawiane s\u0105 osobno. 5 lat gwarancji.<br \/>\nAkcesoria: SHERPA\u00b0PANEL numer artyku\u0142u 5606 w r\u00f3\u017cnych kolorach. Uchwyt nag\u0142\u00f3wka 560919 lub 560319<\/p>","protected":false},"excerpt":{"rendered":"<p>Pusty metalowy wieszak \u015bcienny FUNCTION na 20 paneli w formacie A4.<\/p>","protected":false},"featured_media":135280,"template":"","meta":{"_acf_changed":false},"product_brand":[],"product_cat":[4301],"product_tag":[4393],"class_list":{"0":"post-114711","1":"product","2":"type-product","3":"status-publish","4":"has-post-thumbnail","6":"product_cat-tillbehor-till-bladderpanelsystem","7":"product_tag-gra","8":"product_shipping_class-tunga-paket","9":"pa_brands-durable","10":"pa_farg-gra","11":"tm-no-options","13":"first","14":"instock","15":"sale","16":"taxable","17":"shipping-taxable","18":"purchasable","19":"product-type-simple"},"acf":[],"_links":{"self":[{"href":"https:\/\/secureus.se\/pl\/wp-json\/wp\/v2\/product\/114711","targetHints":{"allow":["GET"]}}],"collection":[{"href":"https:\/\/secureus.se\/pl\/wp-json\/wp\/v2\/product"}],"about":[{"href":"https:\/\/secureus.se\/pl\/wp-json\/wp\/v2\/types\/product"}],"wp:featuredmedia":[{"embeddable":true,"href":"https:\/\/secureus.se\/pl\/wp-json\/wp\/v2\/media\/135280"}],"wp:attachment":[{"href":"https:\/\/secureus.se\/pl\/wp-json\/wp\/v2\/media?parent=114711"}],"wp:term":[{"taxonomy":"product_brand","embeddable":true,"href":"https:\/\/secureus.se\/pl\/wp-json\/wp\/v2\/product_brand?post=114711"},{"taxonomy":"product_cat","embeddable":true,"href":"https:\/\/secureus.se\/pl\/wp-json\/wp\/v2\/product_cat?post=114711"},{"taxonomy":"product_tag","embeddable":true,"href":"https:\/\/secureus.se\/pl\/wp-json\/wp\/v2\/product_tag?post=114711"}],"curies":[{"name":"wp","href":"https:\/\/api.w.org\/{rel}","templated":true}]}}