{"id":114720,"date":"2024-11-20T14:02:46","date_gmt":"2024-11-20T13:02:46","guid":{"rendered":"https:\/\/secureus.se\/?post_type=product&#038;p=114720"},"modified":"2026-01-12T12:02:58","modified_gmt":"2026-01-12T11:02:58","slug":"badgemaker-etiketter-till-namnskylt-60x90","status":"publish","type":"product","link":"https:\/\/secureus.se\/pl\/badgemaker-etiketter-till-namnskylt-60x90\/","title":{"rendered":"Etykiety BADGEMAKER\u00ae na tabliczk\u0119 znamionow\u0105 60\u00d790"},"content":{"rendered":"<p>Zaprojektuj profesjonalne, ale osobiste tabliczki znamionowe w bezp\u0142atnym programie DURAPRINT\u00ae dost\u0119pnym na stronie www.duraprint.se. Drukuj na drukarce laserowej lub atramentowej na arkuszach etykiet BADGEMAKER\u00ae o gramaturze 150 gram\u00f3w. Sama plakietka z imieniem jest \u0142atwa do rozerwania. Opakowanie 20 arkuszy A4 zawiera 160 wk\u0142adek o wymiarach 60x90mm (wys.xszer.). <\/p>","protected":false},"excerpt":{"rendered":"<p>Arkusz etykiet do druku w drukarce na tabliczki znamionowe w formacie 60x90mm. 20 arkuszy = 160 etykiet.<\/p>","protected":false},"featured_media":134834,"template":"","meta":{"_acf_changed":false},"product_brand":[],"product_cat":[4276],"product_tag":[4396],"class_list":{"0":"post-114720","1":"product","2":"type-product","3":"status-publish","4":"has-post-thumbnail","6":"product_cat-etiketter-till-namnskyltar","7":"product_tag-vit","8":"product_shipping_class-tunga-paket","9":"pa_brands-durable","10":"tm-no-options","12":"first","13":"instock","14":"sale","15":"taxable","16":"shipping-taxable","17":"purchasable","18":"product-type-simple"},"acf":[],"_links":{"self":[{"href":"https:\/\/secureus.se\/pl\/wp-json\/wp\/v2\/product\/114720","targetHints":{"allow":["GET"]}}],"collection":[{"href":"https:\/\/secureus.se\/pl\/wp-json\/wp\/v2\/product"}],"about":[{"href":"https:\/\/secureus.se\/pl\/wp-json\/wp\/v2\/types\/product"}],"wp:featuredmedia":[{"embeddable":true,"href":"https:\/\/secureus.se\/pl\/wp-json\/wp\/v2\/media\/134834"}],"wp:attachment":[{"href":"https:\/\/secureus.se\/pl\/wp-json\/wp\/v2\/media?parent=114720"}],"wp:term":[{"taxonomy":"product_brand","embeddable":true,"href":"https:\/\/secureus.se\/pl\/wp-json\/wp\/v2\/product_brand?post=114720"},{"taxonomy":"product_cat","embeddable":true,"href":"https:\/\/secureus.se\/pl\/wp-json\/wp\/v2\/product_cat?post=114720"},{"taxonomy":"product_tag","embeddable":true,"href":"https:\/\/secureus.se\/pl\/wp-json\/wp\/v2\/product_tag?post=114720"}],"curies":[{"name":"wp","href":"https:\/\/api.w.org\/{rel}","templated":true}]}}