{"id":114736,"date":"2024-11-20T13:56:31","date_gmt":"2024-11-20T12:56:31","guid":{"rendered":"https:\/\/secureus.se\/?post_type=product&#038;p=114736"},"modified":"2025-12-31T21:31:51","modified_gmt":"2025-12-31T20:31:51","slug":"fyrkantig-symbolskylt-wifi","status":"publish","type":"product","link":"https:\/\/secureus.se\/pl\/fyrkantig-symbolskylt-wifi\/","title":{"rendered":"Kwadratowy znak symbolu WiFi"},"content":{"rendered":"<p>Piktogramy \u2013 znaki wizualne ze zdj\u0119ciami pomagaj\u0105 odwiedzaj\u0105cym w orientacji i zdobywaniu informacji z daleka, nawet je\u015bli nie znaj\u0105 j\u0119zyka. Stylowy znak wykonany z odpornej na zarysowania, szczotkowanej stali nierdzewnej. Zestaw z do\u0142\u0105czonymi podk\u0142adkami monta\u017cowymi. Kwadratowy znak WiFi o wymiarach 150\u00d7150 mm.<\/p>","protected":false},"excerpt":{"rendered":"<p>Kwadratowy znak symbolu WiFi<\/p>","protected":false},"featured_media":135141,"template":"","meta":{"_acf_changed":false},"product_brand":[],"product_cat":[4262],"product_tag":[4382],"class_list":{"0":"post-114736","1":"product","2":"type-product","3":"status-publish","4":"has-post-thumbnail","6":"product_cat-dorrskyltar-symbolskyltar","7":"product_tag-silver","8":"product_shipping_class-tunga-paket","9":"pa_brands-durable","10":"pa_farg-silver","11":"tm-no-options","13":"first","14":"instock","15":"sale","16":"taxable","17":"shipping-taxable","18":"purchasable","19":"product-type-simple"},"acf":[],"_links":{"self":[{"href":"https:\/\/secureus.se\/pl\/wp-json\/wp\/v2\/product\/114736","targetHints":{"allow":["GET"]}}],"collection":[{"href":"https:\/\/secureus.se\/pl\/wp-json\/wp\/v2\/product"}],"about":[{"href":"https:\/\/secureus.se\/pl\/wp-json\/wp\/v2\/types\/product"}],"wp:featuredmedia":[{"embeddable":true,"href":"https:\/\/secureus.se\/pl\/wp-json\/wp\/v2\/media\/135141"}],"wp:attachment":[{"href":"https:\/\/secureus.se\/pl\/wp-json\/wp\/v2\/media?parent=114736"}],"wp:term":[{"taxonomy":"product_brand","embeddable":true,"href":"https:\/\/secureus.se\/pl\/wp-json\/wp\/v2\/product_brand?post=114736"},{"taxonomy":"product_cat","embeddable":true,"href":"https:\/\/secureus.se\/pl\/wp-json\/wp\/v2\/product_cat?post=114736"},{"taxonomy":"product_tag","embeddable":true,"href":"https:\/\/secureus.se\/pl\/wp-json\/wp\/v2\/product_tag?post=114736"}],"curies":[{"name":"wp","href":"https:\/\/api.w.org\/{rel}","templated":true}]}}