{"id":114760,"date":"2024-11-20T14:41:48","date_gmt":"2024-11-20T13:41:48","guid":{"rendered":"https:\/\/secureus.se\/?post_type=product&#038;p=114760"},"modified":"2026-01-12T12:29:03","modified_gmt":"2026-01-12T11:29:03","slug":"magnetram-duraframe-magnetic-top-for-a3","status":"publish","type":"product","link":"https:\/\/secureus.se\/pl\/magnetram-duraframe-magnetic-top-for-a3\/","title":{"rendered":"Ramka magnetyczna DURAFRAME\u00ae MAGNETIC TOP do formatu A3"},"content":{"rendered":"<p>Struktura informacji na pod\u0142o\u017cach metalowych, takich jak tablice sucho\u015bcieralne, z wyra\u017anymi i stylowymi nag\u0142\u00f3wkami za pomoc\u0105 magnetycznie przylepnych ramek informacyjnych DURAFRAME\u00ae MAGNETIC TOP. Ramki nag\u0142\u00f3wkowe s\u0105 \u0142atwe w u\u017cyciu \u2013 wystarczy je przymocowa\u0107, przesun\u0105\u0107 lub zdj\u0105\u0107 z podstawy, je\u015bli zajdzie taka potrzeba. Mo\u017cna je r\u00f3wnie\u017c wykorzysta\u0107 jako magnetyczne identyfikatory, np. imiona na szafkach do przewijania. Tw\u00f3rz profesjonalne nag\u0142\u00f3wki, korzystaj\u0105c z szablon\u00f3w w bezp\u0142atnym programie DURAPRINT\u00ae, dost\u0119pnym na stronie www.duraprint.se.<br \/>\nWymiary etykiety: 297\u00d740 mm dla nag\u0142\u00f3wka w formacie A3 pionowym lub A4 poziomym<br \/>\nWymiary zewn\u0119trzne: 323\u00d766 mm.<br \/>\nOpakowanie zawiera 5 szt.<\/p>","protected":false},"excerpt":{"rendered":"<p>Ramka magnetyczna na stylowe nag\u0142\u00f3wki do dokument\u00f3w w formacie A3 portret lub A4 poziom.<\/p>","protected":false},"featured_media":133399,"template":"","meta":{"_acf_changed":false},"product_brand":[],"product_cat":[4295],"product_tag":[4381],"class_list":{"0":"post-114760","1":"product","2":"type-product","3":"status-publish","4":"has-post-thumbnail","6":"product_cat-inforamar-for-metallytor","7":"product_tag-svart","8":"product_shipping_class-tunga-paket","9":"pa_brands-durable","10":"pa_farg-svart","11":"tm-no-options","13":"first","14":"instock","15":"sale","16":"taxable","17":"shipping-taxable","18":"purchasable","19":"product-type-simple"},"acf":[],"_links":{"self":[{"href":"https:\/\/secureus.se\/pl\/wp-json\/wp\/v2\/product\/114760","targetHints":{"allow":["GET"]}}],"collection":[{"href":"https:\/\/secureus.se\/pl\/wp-json\/wp\/v2\/product"}],"about":[{"href":"https:\/\/secureus.se\/pl\/wp-json\/wp\/v2\/types\/product"}],"wp:featuredmedia":[{"embeddable":true,"href":"https:\/\/secureus.se\/pl\/wp-json\/wp\/v2\/media\/133399"}],"wp:attachment":[{"href":"https:\/\/secureus.se\/pl\/wp-json\/wp\/v2\/media?parent=114760"}],"wp:term":[{"taxonomy":"product_brand","embeddable":true,"href":"https:\/\/secureus.se\/pl\/wp-json\/wp\/v2\/product_brand?post=114760"},{"taxonomy":"product_cat","embeddable":true,"href":"https:\/\/secureus.se\/pl\/wp-json\/wp\/v2\/product_cat?post=114760"},{"taxonomy":"product_tag","embeddable":true,"href":"https:\/\/secureus.se\/pl\/wp-json\/wp\/v2\/product_tag?post=114760"}],"curies":[{"name":"wp","href":"https:\/\/api.w.org\/{rel}","templated":true}]}}