{"id":114765,"date":"2024-11-20T14:09:57","date_gmt":"2024-11-20T13:09:57","guid":{"rendered":"https:\/\/secureus.se\/?post_type=product&#038;p=114765"},"modified":"2026-01-12T12:01:24","modified_gmt":"2026-01-12T11:01:24","slug":"golvmarkering-pil-borttagbar","status":"publish","type":"product","link":"https:\/\/secureus.se\/pl\/golvmarkering-pil-borttagbar\/","title":{"rendered":"Oznaczenie pod\u0142ogowe \u201eStrza\u0142ka\u201d, zdejmowane"},"content":{"rendered":"<p>Samoprzylepny, usuwalny symbol do oznakowania pod\u0142ogi w kszta\u0142cie strza\u0142ki, kt\u00f3ry wskazuje po\u017c\u0105dany kierunek poruszania si\u0119 w sklepach, si\u0142owniach, hotelach i restauracjach. Mocuje si\u0119 do czystych i suchych pod\u0142\u00f3g betonowych. Klasa antypo\u015blizgowo\u015bci R9 zgodnie z norm\u0105 DIN 51130.<br \/>\nWymiary (szer. x wys. x g\u0142.): 100 x 0,2 x 200 mm<\/p>","protected":false},"excerpt":{"rendered":"<p>Samoprzylepne, usuwalne oznaczenie pod\u0142ogi w formie strza\u0142ki wskazuj\u0105cej kierunek ruchu.<\/p>","protected":false},"featured_media":133780,"template":"","meta":{"_acf_changed":false},"product_brand":[],"product_cat":[4302],"product_tag":[4395],"class_list":{"0":"post-114765","1":"product","2":"type-product","3":"status-publish","4":"has-post-thumbnail","6":"product_cat-markeringar-av-uppstallningsplatser","7":"product_tag-gul","8":"product_shipping_class-tunga-paket","9":"pa_brands-durable","10":"pa_farg-gul","11":"tm-no-options","13":"first","14":"instock","15":"sale","16":"taxable","17":"shipping-taxable","18":"purchasable","19":"product-type-simple"},"acf":[],"_links":{"self":[{"href":"https:\/\/secureus.se\/pl\/wp-json\/wp\/v2\/product\/114765","targetHints":{"allow":["GET"]}}],"collection":[{"href":"https:\/\/secureus.se\/pl\/wp-json\/wp\/v2\/product"}],"about":[{"href":"https:\/\/secureus.se\/pl\/wp-json\/wp\/v2\/types\/product"}],"wp:featuredmedia":[{"embeddable":true,"href":"https:\/\/secureus.se\/pl\/wp-json\/wp\/v2\/media\/133780"}],"wp:attachment":[{"href":"https:\/\/secureus.se\/pl\/wp-json\/wp\/v2\/media?parent=114765"}],"wp:term":[{"taxonomy":"product_brand","embeddable":true,"href":"https:\/\/secureus.se\/pl\/wp-json\/wp\/v2\/product_brand?post=114765"},{"taxonomy":"product_cat","embeddable":true,"href":"https:\/\/secureus.se\/pl\/wp-json\/wp\/v2\/product_cat?post=114765"},{"taxonomy":"product_tag","embeddable":true,"href":"https:\/\/secureus.se\/pl\/wp-json\/wp\/v2\/product_tag?post=114765"}],"curies":[{"name":"wp","href":"https:\/\/api.w.org\/{rel}","templated":true}]}}