{"id":114777,"date":"2024-11-20T14:04:20","date_gmt":"2024-11-20T13:04:20","guid":{"rendered":"https:\/\/secureus.se\/?post_type=product&#038;p=114777"},"modified":"2026-01-12T12:10:09","modified_gmt":"2026-01-12T11:10:09","slug":"forsta-hjalpen-skap-first-aid-box-large-tom","status":"publish","type":"product","link":"https:\/\/secureus.se\/pl\/forsta-hjalpen-skap-first-aid-box-large-tom\/","title":{"rendered":"Apteczka pierwszej pomocy Apteczka PIERWSZEJ POMOCY Du\u017ca (pusta)"},"content":{"rendered":"<p>Zbierz materia\u0142y pierwszej pomocy, tabletki od b\u00f3lu g\u0142owy itp. w jednym miejscu, aby by\u0142y \u0142atwo dost\u0119pne w razie potrzeby. Zaprojektowana aluminiowa szafka pierwszej pomocy z 3 obrotowymi przegrodami, kt\u00f3re mo\u017cna wype\u0142ni\u0107 zawarto\u015bci\u0105 w razie potrzeby. W zestawie znajduje si\u0119 \u015bruba i ko\u0142ek do monta\u017cu na \u015bcianie oraz samoprzylepna plakietka pierwszej pomocy. Zamek cylindryczny z 2 kluczami umo\u017cliwia zamkni\u0119cie szafki. Wymiary: 40x30x12 cm wys. x szer. x g\u0142.<br \/>\nAkcesoria: Zestaw artyku\u0142\u00f3w opatrunkowych, nr art. 197500<\/p>","protected":false},"excerpt":{"rendered":"<p>Aluminiowa apteczka pierwszej pomocy z trzema przegr\u00f3dkami.<\/p>","protected":false},"featured_media":155440,"template":"","meta":{"_acf_changed":false},"product_brand":[],"product_cat":[1573],"product_tag":[4382],"class_list":{"0":"post-114777","1":"product","2":"type-product","3":"status-publish","4":"has-post-thumbnail","6":"product_cat-forsta-hjalpen","7":"product_tag-silver","8":"product_shipping_class-tunga-paket","9":"pa_brands-durable","10":"pa_farg-silver","11":"tm-no-options","13":"first","14":"instock","15":"sale","16":"taxable","17":"shipping-taxable","18":"purchasable","19":"product-type-simple"},"acf":[],"_links":{"self":[{"href":"https:\/\/secureus.se\/pl\/wp-json\/wp\/v2\/product\/114777","targetHints":{"allow":["GET"]}}],"collection":[{"href":"https:\/\/secureus.se\/pl\/wp-json\/wp\/v2\/product"}],"about":[{"href":"https:\/\/secureus.se\/pl\/wp-json\/wp\/v2\/types\/product"}],"wp:featuredmedia":[{"embeddable":true,"href":"https:\/\/secureus.se\/pl\/wp-json\/wp\/v2\/media\/155440"}],"wp:attachment":[{"href":"https:\/\/secureus.se\/pl\/wp-json\/wp\/v2\/media?parent=114777"}],"wp:term":[{"taxonomy":"product_brand","embeddable":true,"href":"https:\/\/secureus.se\/pl\/wp-json\/wp\/v2\/product_brand?post=114777"},{"taxonomy":"product_cat","embeddable":true,"href":"https:\/\/secureus.se\/pl\/wp-json\/wp\/v2\/product_cat?post=114777"},{"taxonomy":"product_tag","embeddable":true,"href":"https:\/\/secureus.se\/pl\/wp-json\/wp\/v2\/product_tag?post=114777"}],"curies":[{"name":"wp","href":"https:\/\/api.w.org\/{rel}","templated":true}]}}