{"id":114787,"date":"2024-11-20T14:07:55","date_gmt":"2024-11-20T13:07:55","guid":{"rendered":"https:\/\/secureus.se\/?post_type=product&#038;p=114787"},"modified":"2026-01-12T12:57:03","modified_gmt":"2026-01-12T11:57:03","slug":"flexiboxx-a4-staende-utbyggnadfack-2","status":"publish","type":"product","link":"https:\/\/secureus.se\/pl\/flexiboxx-a4-staende-utbyggnadfack-2\/","title":{"rendered":"Pionowy modu\u0142 rozszerzaj\u0105cy FLEXIBOXX A4"},"content":{"rendered":"<p>Przegroda na formularze, stojak na broszury, skrzynka na listy - FLEXIBOXX to seria oszcz\u0119dzaj\u0105cych miejsce, elastycznych i montowanych na \u015bcianie uchwyt\u00f3w na broszury, czasopisma, formularze i inne informacje w formacie A4. W ka\u017cdej komorze mieszcz\u0105 si\u0119 wi\u0105zki o grubo\u015bci 24 mm. Ta pojedyncza komora w formacie pionowym mo\u017ce by\u0107 wykorzystana do rozbudowy zestaw\u00f3w, w kt\u00f3rych masz ju\u017c panel przedni. Wymiary przedzia\u0142u to 24x34x3 cm (szer. x wys. x g\u0142\u0119b.), a zamontowany pod k\u0105tem od \u015bciany, kt\u00f3r\u0105 tworzy, wynosi 1,35 cm.<br \/>\nAkcesoria: Przezroczysta p\u0142yta przednia, numer artyku\u0142u 1701498400<\/p>","protected":false},"excerpt":{"rendered":"<p>Komora rozszerze\u0144 do rozbudowy przegr\u00f3dki na broszury FLEXIBOXX A4 w formacie pionowym.<\/p>","protected":false},"featured_media":133861,"template":"","meta":{"_acf_changed":false},"product_brand":[],"product_cat":[4280],"product_tag":[4381],"class_list":{"0":"post-114787","1":"product","2":"type-product","3":"status-publish","4":"has-post-thumbnail","6":"product_cat-broschyrstall","7":"product_tag-svart","8":"product_shipping_class-tunga-paket","9":"pa_brands-durable","10":"pa_farg-svart","11":"tm-no-options","13":"first","14":"instock","15":"sale","16":"taxable","17":"shipping-taxable","18":"purchasable","19":"product-type-simple"},"acf":[],"_links":{"self":[{"href":"https:\/\/secureus.se\/pl\/wp-json\/wp\/v2\/product\/114787","targetHints":{"allow":["GET"]}}],"collection":[{"href":"https:\/\/secureus.se\/pl\/wp-json\/wp\/v2\/product"}],"about":[{"href":"https:\/\/secureus.se\/pl\/wp-json\/wp\/v2\/types\/product"}],"wp:featuredmedia":[{"embeddable":true,"href":"https:\/\/secureus.se\/pl\/wp-json\/wp\/v2\/media\/133861"}],"wp:attachment":[{"href":"https:\/\/secureus.se\/pl\/wp-json\/wp\/v2\/media?parent=114787"}],"wp:term":[{"taxonomy":"product_brand","embeddable":true,"href":"https:\/\/secureus.se\/pl\/wp-json\/wp\/v2\/product_brand?post=114787"},{"taxonomy":"product_cat","embeddable":true,"href":"https:\/\/secureus.se\/pl\/wp-json\/wp\/v2\/product_cat?post=114787"},{"taxonomy":"product_tag","embeddable":true,"href":"https:\/\/secureus.se\/pl\/wp-json\/wp\/v2\/product_tag?post=114787"}],"curies":[{"name":"wp","href":"https:\/\/api.w.org\/{rel}","templated":true}]}}