{"id":114793,"date":"2024-11-20T13:55:58","date_gmt":"2024-11-20T12:55:58","guid":{"rendered":"https:\/\/secureus.se\/?post_type=product&#038;p=114793"},"modified":"2026-01-12T12:25:25","modified_gmt":"2026-01-12T11:25:25","slug":"dorrskylt-click-sign-149x1055-a6-3","status":"publish","type":"product","link":"https:\/\/secureus.se\/pl\/dorrskylt-click-sign-149x1055-a6-3\/","title":{"rendered":"Tabliczka na drzwi KLIKNIJ ZNAK 149\u00d7105,5 (A6)"},"content":{"rendered":"<p>Tabliczki na drzwi i \u015bciany o r\u00f3\u017cnych wzorach pomagaj\u0105 odwiedzaj\u0105cym zorientowa\u0107 si\u0119 i informowa\u0107, kto, jaki dzia\u0142, funkcja lub sala konferencyjna znajduje si\u0119 w danym lokalu. Seria znak\u00f3w CLICK SIGN jest dost\u0119pna w czterech kolorach, co pozwala na u\u017cycie r\u00f3\u017cnych kolor\u00f3w w r\u00f3\u017cnych dzia\u0142ach lub pi\u0119trach lub po prostu dlatego, \u017ce jest to kolor pasuj\u0105cy do firmy. CLICK SIGN posiada sk\u0142adany panel przedni, za kt\u00f3rym chroniona jest bia\u0142a kartka z tekstem. W zestawie znajduj\u0105 si\u0119 \u015bruby, ko\u0142ki i paski samoprzylepne, instrukcja monta\u017cu oraz bia\u0142a p\u0142ytka monta\u017cowa. Zaprojektuj poziomy znak A6 (149\u00d7105,5) korzystaj\u0105c z bezp\u0142atnego programu DURAPRINT\u00ae dost\u0119pnego na www.duraprint.se i wydrukuj na arkuszach formatu A4, kt\u00f3re zamawia si\u0119 osobno.<br \/>\nAkcesoria: Arkusz A4 do druku w drukarce laserowej, numer artyku\u0142u 485102<\/p>","protected":false},"excerpt":{"rendered":"<p>Szyld na drzwi z tworzywa sztucznego ze szczotkowan\u0105 ram\u0105 w poziomym formacie A6 149\u00d7105,5 mm.<\/p>","protected":false},"featured_media":135155,"template":"","meta":{"_acf_changed":false},"product_brand":[],"product_cat":[4263],"product_tag":[4396],"class_list":{"0":"post-114793","1":"product","2":"type-product","3":"status-publish","4":"has-post-thumbnail","6":"product_cat-dorrskyltar-i-plast","7":"product_tag-vit","8":"product_shipping_class-tunga-paket","9":"pa_brands-durable","10":"tm-no-options","12":"first","13":"instock","14":"sale","15":"taxable","16":"shipping-taxable","17":"purchasable","18":"product-type-simple"},"acf":[],"_links":{"self":[{"href":"https:\/\/secureus.se\/pl\/wp-json\/wp\/v2\/product\/114793","targetHints":{"allow":["GET"]}}],"collection":[{"href":"https:\/\/secureus.se\/pl\/wp-json\/wp\/v2\/product"}],"about":[{"href":"https:\/\/secureus.se\/pl\/wp-json\/wp\/v2\/types\/product"}],"wp:featuredmedia":[{"embeddable":true,"href":"https:\/\/secureus.se\/pl\/wp-json\/wp\/v2\/media\/135155"}],"wp:attachment":[{"href":"https:\/\/secureus.se\/pl\/wp-json\/wp\/v2\/media?parent=114793"}],"wp:term":[{"taxonomy":"product_brand","embeddable":true,"href":"https:\/\/secureus.se\/pl\/wp-json\/wp\/v2\/product_brand?post=114793"},{"taxonomy":"product_cat","embeddable":true,"href":"https:\/\/secureus.se\/pl\/wp-json\/wp\/v2\/product_cat?post=114793"},{"taxonomy":"product_tag","embeddable":true,"href":"https:\/\/secureus.se\/pl\/wp-json\/wp\/v2\/product_tag?post=114793"}],"curies":[{"name":"wp","href":"https:\/\/api.w.org\/{rel}","templated":true}]}}