{"id":114813,"date":"2024-11-20T13:58:41","date_gmt":"2024-11-20T12:58:41","guid":{"rendered":"https:\/\/secureus.se\/?post_type=product&#038;p=114813"},"modified":"2026-01-12T12:31:23","modified_gmt":"2026-01-12T11:31:23","slug":"inforam-duraframe-poster-70x100-2","status":"publish","type":"product","link":"https:\/\/secureus.se\/pl\/inforam-duraframe-poster-70x100-2\/","title":{"rendered":"Ramka informacyjna DURAFRAME\u00ae PLAKAT 70\u00d7100"},"content":{"rendered":"<p>Ramki informacyjne DURAFRAME\u00ae POSTER s\u0142u\u017c\u0105 do profesjonalnego eksponowania i prezentowania ofert promocyjnych, godzin otwarcia, reklam itp. w witrynach sklepowych, na \u015bcianach lub przeszkleniach.<br \/>\nRamka jest mocowana za pomoc\u0105 p\u0142askich magnes\u00f3w wzd\u0142u\u017c d\u0142u\u017cszych bok\u00f3w, a umieszczanie i zmienianie wiadomo\u015bci jest \u0142atwe, podnosz\u0105c prz\u00f3d. \u0141atwy w monta\u017cu - g\u0142adki i \u0142adny, bez b\u0105belk\u00f3w - z dwoma samoprzylepnymi paskami na kr\u00f3tszych bokach z ty\u0142u. Ram\u0119 plakatow\u0105 mo\u017cna zdj\u0105\u0107 z g\u0142adkich i twardych powierzchni bez pozostawiania \u015blad\u00f3w. \u0141adniejsze ni\u017c ta\u015bma! Ramka mie\u015bci 2 plakaty (papier 150gr) i mo\u017cna j\u0105 czyta\u0107 z obu stron dzi\u0119ki tej samej \u0142adnej ramce z przodu i z ty\u0142u. Wykonane z tworzywa PET.<br \/>\nOdporny na temperatur\u0119 do 70\u00b0 i odporny na promieniowanie UV do 2 lat. Do plakat\u00f3w w formacie pionowym lub poziomym w formacie 70 x 100. Wymiary zewn\u0119trzne 745 x 1045 mm.<br \/>\nKolor: czarny<br \/>\nPraktyczne, oszcz\u0119dzaj\u0105ce miejsce opakowanie z 1 zwijan\u0105 ram\u0105<\/p>","protected":false},"excerpt":{"rendered":"<p>Ramka informacyjna na informacje i plakaty 70\u00d7100 cm. Do witryn sklepowych, \u015bcian i sekcji szklanych.<\/p>","protected":false},"featured_media":134993,"template":"","meta":{"_acf_changed":false},"product_brand":[],"product_cat":[4294],"product_tag":[4381],"class_list":{"0":"post-114813","1":"product","2":"type-product","3":"status-publish","4":"has-post-thumbnail","6":"product_cat-inforamar-for-solexponerade-ytor","7":"product_tag-svart","8":"product_shipping_class-tunga-paket","9":"pa_brands-durable","10":"pa_farg-svart","11":"tm-no-options","13":"first","14":"instock","15":"sale","16":"taxable","17":"shipping-taxable","18":"purchasable","19":"product-type-simple"},"acf":[],"_links":{"self":[{"href":"https:\/\/secureus.se\/pl\/wp-json\/wp\/v2\/product\/114813","targetHints":{"allow":["GET"]}}],"collection":[{"href":"https:\/\/secureus.se\/pl\/wp-json\/wp\/v2\/product"}],"about":[{"href":"https:\/\/secureus.se\/pl\/wp-json\/wp\/v2\/types\/product"}],"wp:featuredmedia":[{"embeddable":true,"href":"https:\/\/secureus.se\/pl\/wp-json\/wp\/v2\/media\/134993"}],"wp:attachment":[{"href":"https:\/\/secureus.se\/pl\/wp-json\/wp\/v2\/media?parent=114813"}],"wp:term":[{"taxonomy":"product_brand","embeddable":true,"href":"https:\/\/secureus.se\/pl\/wp-json\/wp\/v2\/product_brand?post=114813"},{"taxonomy":"product_cat","embeddable":true,"href":"https:\/\/secureus.se\/pl\/wp-json\/wp\/v2\/product_cat?post=114813"},{"taxonomy":"product_tag","embeddable":true,"href":"https:\/\/secureus.se\/pl\/wp-json\/wp\/v2\/product_tag?post=114813"}],"curies":[{"name":"wp","href":"https:\/\/api.w.org\/{rel}","templated":true}]}}